{"id":5838,"date":"2023-05-15T21:51:59","date_gmt":"2023-05-15T19:51:59","guid":{"rendered":"https:\/\/intrasenze.com\/abonnements\/"},"modified":"2025-10-26T23:49:56","modified_gmt":"2025-10-26T22:49:56","slug":"abonnements","status":"publish","type":"page","link":"https:\/\/intrasenze.com\/de\/abonnements\/","title":{"rendered":"Abonnements"},"content":{"rendered":"<p><div class=\"fusion-fullwidth fullwidth-box fusion-builder-row-1 fusion-flex-container has-pattern-background has-mask-background fusion-parallax-none nonhundred-percent-fullwidth non-hundred-percent-height-scrolling lazyload\" style=\"--awb-border-radius-top-left:0px;--awb-border-radius-top-right:0px;--awb-border-radius-bottom-right:0px;--awb-border-radius-bottom-left:0px;--awb-padding-top:18%;--awb-min-height:40vh;--awb-background-image:linear-gradient(180deg, hsla(var(--awb-color5-h),var(--awb-color5-s),var(--awb-color5-l),calc(var(--awb-color5-a) - 20%)) 0%,rgba(255,255,255,0) 100%);;--awb-background-size:cover;--awb-flex-wrap:wrap;\" data-bg=\"https:\/\/intrasenze.com\/wp-content\/uploads\/2022\/09\/1800x1300-intrasenze-roundabout.jpg\" data-bg-gradient=\"linear-gradient(180deg, hsla(var(--awb-color5-h),var(--awb-color5-s),var(--awb-color5-l),calc(var(--awb-color5-a) - 20%)) 0%,rgba(255,255,255,0) 100%)\" ><div class=\"fusion-builder-row fusion-row fusion-flex-align-items-stretch fusion-flex-content-wrap\" style=\"max-width:calc( 1140px + 0px );margin-left: calc(-0px \/ 2 );margin-right: calc(-0px \/ 2 );\"><div class=\"fusion-layout-column fusion_builder_column fusion-builder-column-0 fusion_builder_column_1_1 1_1 fusion-flex-column fusion-flex-align-self-flex-start fusion-column-no-min-height fusion-animated\" style=\"--awb-padding-bottom:6%;--awb-bg-size:cover;--awb-width-large:100%;--awb-margin-top-large:0px;--awb-spacing-right-large:0px;--awb-margin-bottom-large:20px;--awb-spacing-left-large:0px;--awb-width-medium:100%;--awb-spacing-right-medium:0px;--awb-spacing-left-medium:0px;--awb-width-small:100%;--awb-spacing-right-small:0px;--awb-spacing-left-small:0px;\" data-animationType=\"fadeInDown\" data-animationDuration=\"1.0\" data-animationOffset=\"top-into-view\"><div class=\"fusion-column-wrapper fusion-column-has-shadow fusion-flex-justify-content-flex-start fusion-content-layout-column\"><div class=\"fusion-title title fusion-title-1 fusion-sep-none fusion-title-center fusion-title-text fusion-title-size-one\" style=\"--awb-margin-top-small:0px;--awb-margin-right-small:0px;--awb-margin-bottom-small:20px;--awb-margin-left-small:0px;\"><h1 class=\"fusion-title-heading title-heading-center fusion-responsive-typography-calculated\" style=\"margin:0;--fontSize:40;line-height:var(--awb-typography1-line-height);\">Abonnement<\/h1><\/div><div class=\"fusion-title title fusion-title-2 fusion-sep-none fusion-title-center fusion-title-text fusion-title-size-two lidali_text_shadow\" style=\"--awb-margin-top-small:0px;--awb-margin-right-small:0px;--awb-margin-bottom-small:20px;--awb-margin-left-small:0px;\"><h2 class=\"fusion-title-heading title-heading-center fusion-responsive-typography-calculated\" style=\"margin:0;--fontSize:30;line-height:var(--awb-typography1-line-height);\">So funktioniert es<\/h2><\/div><\/div><\/div><\/div><\/div><div class=\"fusion-fullwidth fullwidth-box fusion-builder-row-2 fusion-flex-container has-pattern-background has-mask-background nonhundred-percent-fullwidth non-hundred-percent-height-scrolling\" style=\"--link_hover_color: var(--awb-color4);--link_color: var(--awb-custom_color_1);--awb-border-radius-top-left:0px;--awb-border-radius-top-right:0px;--awb-border-radius-bottom-right:0px;--awb-border-radius-bottom-left:0px;--awb-padding-top:60px;--awb-background-color:var(--awb-custom_color_17);--awb-flex-wrap:wrap;\" ><div class=\"fusion-builder-row fusion-row fusion-flex-align-items-flex-start fusion-flex-content-wrap\" style=\"max-width:1185.6px;margin-left: calc(-4% \/ 2 );margin-right: calc(-4% \/ 2 );\"><div class=\"fusion-layout-column fusion_builder_column fusion-builder-column-1 fusion_builder_column_1_1 1_1 fusion-flex-column\" style=\"--awb-bg-size:cover;--awb-width-large:100%;--awb-margin-top-large:0px;--awb-spacing-right-large:1.92%;--awb-margin-bottom-large:20px;--awb-spacing-left-large:1.92%;--awb-width-medium:100%;--awb-order-medium:0;--awb-spacing-right-medium:1.92%;--awb-spacing-left-medium:1.92%;--awb-width-small:100%;--awb-order-small:0;--awb-spacing-right-small:1.92%;--awb-spacing-left-small:1.92%;\"><div class=\"fusion-column-wrapper fusion-column-has-shadow fusion-flex-justify-content-flex-start fusion-content-layout-column\"><div class=\"fusion-title title fusion-title-3 fusion-sep-none fusion-title-text fusion-title-size-two\" style=\"--awb-text-color:var(--awb-color4);--awb-margin-top-small:0px;--awb-margin-right-small:0px;--awb-margin-bottom-small:20px;--awb-margin-left-small:0px;\"><h2 class=\"fusion-title-heading title-heading-left fusion-responsive-typography-calculated\" style=\"margin:0;--fontSize:30;line-height:var(--awb-typography1-line-height);\">UAN-Safe-Mitgliedschaft auf dem Mobiltelefon<\/h2><\/div><div class=\"fusion-text fusion-text-1\" style=\"--awb-text-color:var(--awb-color6);\"><p>Die UAN-Safe-App ist kostenlos zu installieren und zu benutzen.<br \/>In der UAN-Safe-Community k\u00f6nnen Nutzer verschiedene Arten von Mitgliedschaften abonnieren.<br \/>Aktualisieren Sie Ihre Mitgliedschaft einfach \u00fcber Google Play oder den App Store.  <\/p>\n<p>UAN-Safe besteht aus Menschen und Ger\u00e4ten, die in Gruppen \u2013 sogenannten Netzwerken \u2013 miteinander verbunden sind.<br \/>Es gibt verschiedene Arten von Netzwerken: offene, die f\u00fcr alle zug\u00e4nglich sind, und private, die eine pers\u00f6nliche Einladung erfordern.<br \/>Bei \u00f6ffentlichen Netzwerken (Gruppen) k\u00f6nnen Sie einfach beitreten und diese abonnieren.  <\/p>\n<p>Alle Netzwerke basieren auf einem geografischen Standort.<br \/>Sie k\u00f6nnen Netzwerke sowohl erstellen als auch folgen \u2013 auch wenn Sie sich an einem anderen Ort befinden.<br \/>Abh\u00e4ngig von Ihrer Mitgliedschaft k\u00f6nnen Sie mit verschiedenen Netzwerken interagieren.<br \/>Unten sehen Sie, welche Mitgliedschaften zur Auswahl stehen:   <\/p>\n<p>MINI: Vollst\u00e4ndig kostenlos. MINI-Mitglieder k\u00f6nnen die meisten Funktionen von UAN-Safe nutzen, z. B. Alarme und Warnungen erstellen, kommentieren und Netzwerk-Benachrichtigungen lesen.<br \/>MINI kann Netzwerken beitreten, hat jedoch eingeschr\u00e4nkten Zugriff auf offene und private Netzwerke.  <\/p>\n<p>MEDI: Hier kann der Benutzer eigene Netzwerke mit unterschiedlichen Funktionen erstellen und anderen Netzwerken beitreten.<br \/>10 SEK\/Monat* einschlie\u00dflich aller MINI-Vorteile. <\/p>\n<p>MAXI: Hier kann der Benutzer unbegrenzt viele Netzwerke erstellen und beitreten und seine Einstellungen individuell anpassen.<br \/>19 SEK\/Monat* einschlie\u00dflich aller MEDI-Vorteile. <\/p>\n<p>MEGA: Zus\u00e4tzlich zu allen MAXI-Vorteilen k\u00f6nnen MEGA-Benutzer Alarmeinstellungen individuell anpassen.<br \/>49 SEK\/Monat* einschlie\u00dflich aller MAXI-Vorteile. <\/p>\n<p>MACRO: Mit MACRO k\u00f6nnen Benutzer eine eigene digitale Alarmzentrale aufbauen, Ger\u00e4te hinzuf\u00fcgen, \u00fcberwachen und unbegrenzt viele Warnsysteme, Kameras und andere Ger\u00e4te verwalten.<br \/>99 SEK\/Monat* einschlie\u00dflich aller MEGA-Vorteile.  <\/p>\n<p>Alle Abonnements sind monatlich und die Zahlung wird \u00fcber App Store \/ Google Play \u00fcber das Benutzerkonto abgewickelt.<\/p>\n<p>So funktioniert die Zahlung<\/p>\n<p>Die Zahlung f\u00fcr den ersten Monat wird dem App-Store-Konto bei Kaufbest\u00e4tigung belastet.<x id=\"gid_0\"><\/x>Neue Benutzer erhalten eine 30-t\u00e4gige kostenlose Testphase.<br \/>Das Abonnement wird automatisch monatlich verl\u00e4ngert, sofern die automatische Verl\u00e4ngerung nicht mindestens 24 Stunden vor Ablauf des aktuellen Zeitraums deaktiviert wird.<br \/>Die automatische Verl\u00e4ngerung kann nur \u00fcber den App Store deaktiviert werden (nicht innerhalb der App), gem\u00e4\u00df den Richtlinien von Apple.<br \/>Wenn die automatische Verl\u00e4ngerung deaktiviert ist, bleibt das Abonnement bis zum Ende des laufenden Zeitraums g\u00fcltig.<br \/>Das Abonnement ist an das UAN-Safe-Benutzerkonto, nicht an das Ger\u00e4t gebunden.<br \/>Nach dem Abonnieren kann der Benutzer das Konto auf jedem Ger\u00e4t mit der UAN-Safe-App verwenden \u2013 mit demselben Mitgliedszugang.     <\/p>\n<p>Das Konto wird innerhalb von 24 Stunden vor Ablauf des aktuellen Zeitraums f\u00fcr die Verl\u00e4ngerung belastet.<br \/>\nAbonnements k\u00f6nnen vom Benutzer jederzeit hoch- oder herabgestuft werden.<br \/>Der Benutzer erh\u00e4lt eine R\u00fcckerstattung f\u00fcr die verbleibende Zeit des aktuellen Abonnements.<br \/>Die neue Zahlung wird sofort f\u00e4llig, und das neue Abonnement tritt sofort in Kraft.  <\/p>\n<p>Alle Preise verstehen sich inklusive Mehrwertsteuer (oder entsprechender Betr\u00e4ge in anderen W\u00e4hrungen).<\/p>\n<p>Lesen Sie unsere Datenschutzrichtlinie: <a href=\"https:\/\/intrasenze.com\/privacy-policy\/\">https:\/\/intrasenze.com\/privacy-policy\/<\/a><br \/>\nLesen Sie unsere Nutzungsbedingungen: <a href=\"https:\/\/intrasenze.com\/de\/nutzungsbedingungen\/\">https:\/\/intrasenze.com\/de\/nutzungsbedingungen\/<\/a><\/p>\n<\/div><\/div><\/div><\/div><\/div><\/p>\n","protected":false},"excerpt":{"rendered":"","protected":false},"author":1,"featured_media":5482,"parent":0,"menu_order":0,"comment_status":"closed","ping_status":"closed","template":"100-width.php","meta":{"footnotes":""},"class_list":["post-5838","page","type-page","status-publish","has-post-thumbnail","hentry"],"yoast_head":"<!-- This site is optimized with the Yoast SEO plugin v27.3 - https:\/\/yoast.com\/product\/yoast-seo-wordpress\/ -->\n<title>Abonnements - Intrasenze<\/title>\n<meta name=\"robots\" content=\"index, follow, max-snippet:-1, max-image-preview:large, max-video-preview:-1\" \/>\n<link rel=\"canonical\" href=\"https:\/\/intrasenze.com\/de\/abonnements\/\" \/>\n<meta property=\"og:locale\" content=\"de_DE\" \/>\n<meta property=\"og:type\" content=\"article\" \/>\n<meta property=\"og:title\" content=\"Abonnements - Intrasenze\" \/>\n<meta property=\"og:url\" content=\"https:\/\/intrasenze.com\/de\/abonnements\/\" \/>\n<meta property=\"og:site_name\" content=\"Intrasenze\" \/>\n<meta property=\"article:modified_time\" content=\"2025-10-26T22:49:56+00:00\" \/>\n<meta property=\"og:image\" content=\"https:\/\/intrasenze.com\/wp-content\/uploads\/2022\/11\/1200x1200-sociala-media-3.jpg\" \/>\n\t<meta property=\"og:image:width\" content=\"1200\" \/>\n\t<meta property=\"og:image:height\" content=\"1200\" \/>\n\t<meta property=\"og:image:type\" content=\"image\/jpeg\" \/>\n<meta name=\"twitter:card\" content=\"summary_large_image\" \/>\n<meta name=\"twitter:label1\" content=\"Gesch\u00e4tzte Lesezeit\" \/>\n\t<meta name=\"twitter:data1\" content=\"12\u00a0Minuten\" \/>\n<script type=\"application\/ld+json\" class=\"yoast-schema-graph\">{\"@context\":\"https:\\\/\\\/schema.org\",\"@graph\":[{\"@type\":\"WebPage\",\"@id\":\"https:\\\/\\\/intrasenze.com\\\/de\\\/abonnements\\\/\",\"url\":\"https:\\\/\\\/intrasenze.com\\\/de\\\/abonnements\\\/\",\"name\":\"Abonnements - Intrasenze\",\"isPartOf\":{\"@id\":\"https:\\\/\\\/intrasenze.com\\\/de\\\/#website\"},\"primaryImageOfPage\":{\"@id\":\"https:\\\/\\\/intrasenze.com\\\/de\\\/abonnements\\\/#primaryimage\"},\"image\":{\"@id\":\"https:\\\/\\\/intrasenze.com\\\/de\\\/abonnements\\\/#primaryimage\"},\"thumbnailUrl\":\"https:\\\/\\\/intrasenze.com\\\/wp-content\\\/uploads\\\/2022\\\/11\\\/1200x1200-sociala-media-3.jpg\",\"datePublished\":\"2023-05-15T19:51:59+00:00\",\"dateModified\":\"2025-10-26T22:49:56+00:00\",\"breadcrumb\":{\"@id\":\"https:\\\/\\\/intrasenze.com\\\/de\\\/abonnements\\\/#breadcrumb\"},\"inLanguage\":\"de\",\"potentialAction\":[{\"@type\":\"ReadAction\",\"target\":[\"https:\\\/\\\/intrasenze.com\\\/de\\\/abonnements\\\/\"]}]},{\"@type\":\"ImageObject\",\"inLanguage\":\"de\",\"@id\":\"https:\\\/\\\/intrasenze.com\\\/de\\\/abonnements\\\/#primaryimage\",\"url\":\"https:\\\/\\\/intrasenze.com\\\/wp-content\\\/uploads\\\/2022\\\/11\\\/1200x1200-sociala-media-3.jpg\",\"contentUrl\":\"https:\\\/\\\/intrasenze.com\\\/wp-content\\\/uploads\\\/2022\\\/11\\\/1200x1200-sociala-media-3.jpg\",\"width\":1200,\"height\":1200,\"caption\":\"Intrasenze Community\"},{\"@type\":\"BreadcrumbList\",\"@id\":\"https:\\\/\\\/intrasenze.com\\\/de\\\/abonnements\\\/#breadcrumb\",\"itemListElement\":[{\"@type\":\"ListItem\",\"position\":1,\"name\":\"Home\",\"item\":\"https:\\\/\\\/intrasenze.com\\\/de\\\/\"},{\"@type\":\"ListItem\",\"position\":2,\"name\":\"Abonnements\"}]},{\"@type\":\"WebSite\",\"@id\":\"https:\\\/\\\/intrasenze.com\\\/de\\\/#website\",\"url\":\"https:\\\/\\\/intrasenze.com\\\/de\\\/\",\"name\":\"Intrasenze\",\"description\":\"Intrasenze\",\"potentialAction\":[{\"@type\":\"SearchAction\",\"target\":{\"@type\":\"EntryPoint\",\"urlTemplate\":\"https:\\\/\\\/intrasenze.com\\\/de\\\/?s={search_term_string}\"},\"query-input\":{\"@type\":\"PropertyValueSpecification\",\"valueRequired\":true,\"valueName\":\"search_term_string\"}}],\"inLanguage\":\"de\"}]}<\/script>\n<!-- \/ Yoast SEO plugin. -->","yoast_head_json":{"title":"Abonnements - Intrasenze","robots":{"index":"index","follow":"follow","max-snippet":"max-snippet:-1","max-image-preview":"max-image-preview:large","max-video-preview":"max-video-preview:-1"},"canonical":"https:\/\/intrasenze.com\/de\/abonnements\/","og_locale":"de_DE","og_type":"article","og_title":"Abonnements - Intrasenze","og_url":"https:\/\/intrasenze.com\/de\/abonnements\/","og_site_name":"Intrasenze","article_modified_time":"2025-10-26T22:49:56+00:00","og_image":[{"width":1200,"height":1200,"url":"https:\/\/intrasenze.com\/wp-content\/uploads\/2022\/11\/1200x1200-sociala-media-3.jpg","type":"image\/jpeg"}],"twitter_card":"summary_large_image","twitter_misc":{"Gesch\u00e4tzte Lesezeit":"12\u00a0Minuten"},"schema":{"@context":"https:\/\/schema.org","@graph":[{"@type":"WebPage","@id":"https:\/\/intrasenze.com\/de\/abonnements\/","url":"https:\/\/intrasenze.com\/de\/abonnements\/","name":"Abonnements - Intrasenze","isPartOf":{"@id":"https:\/\/intrasenze.com\/de\/#website"},"primaryImageOfPage":{"@id":"https:\/\/intrasenze.com\/de\/abonnements\/#primaryimage"},"image":{"@id":"https:\/\/intrasenze.com\/de\/abonnements\/#primaryimage"},"thumbnailUrl":"https:\/\/intrasenze.com\/wp-content\/uploads\/2022\/11\/1200x1200-sociala-media-3.jpg","datePublished":"2023-05-15T19:51:59+00:00","dateModified":"2025-10-26T22:49:56+00:00","breadcrumb":{"@id":"https:\/\/intrasenze.com\/de\/abonnements\/#breadcrumb"},"inLanguage":"de","potentialAction":[{"@type":"ReadAction","target":["https:\/\/intrasenze.com\/de\/abonnements\/"]}]},{"@type":"ImageObject","inLanguage":"de","@id":"https:\/\/intrasenze.com\/de\/abonnements\/#primaryimage","url":"https:\/\/intrasenze.com\/wp-content\/uploads\/2022\/11\/1200x1200-sociala-media-3.jpg","contentUrl":"https:\/\/intrasenze.com\/wp-content\/uploads\/2022\/11\/1200x1200-sociala-media-3.jpg","width":1200,"height":1200,"caption":"Intrasenze Community"},{"@type":"BreadcrumbList","@id":"https:\/\/intrasenze.com\/de\/abonnements\/#breadcrumb","itemListElement":[{"@type":"ListItem","position":1,"name":"Home","item":"https:\/\/intrasenze.com\/de\/"},{"@type":"ListItem","position":2,"name":"Abonnements"}]},{"@type":"WebSite","@id":"https:\/\/intrasenze.com\/de\/#website","url":"https:\/\/intrasenze.com\/de\/","name":"Intrasenze","description":"Intrasenze","potentialAction":[{"@type":"SearchAction","target":{"@type":"EntryPoint","urlTemplate":"https:\/\/intrasenze.com\/de\/?s={search_term_string}"},"query-input":{"@type":"PropertyValueSpecification","valueRequired":true,"valueName":"search_term_string"}}],"inLanguage":"de"}]}},"_links":{"self":[{"href":"https:\/\/intrasenze.com\/de\/wp-json\/wp\/v2\/pages\/5838","targetHints":{"allow":["GET"]}}],"collection":[{"href":"https:\/\/intrasenze.com\/de\/wp-json\/wp\/v2\/pages"}],"about":[{"href":"https:\/\/intrasenze.com\/de\/wp-json\/wp\/v2\/types\/page"}],"author":[{"embeddable":true,"href":"https:\/\/intrasenze.com\/de\/wp-json\/wp\/v2\/users\/1"}],"replies":[{"embeddable":true,"href":"https:\/\/intrasenze.com\/de\/wp-json\/wp\/v2\/comments?post=5838"}],"version-history":[{"count":2,"href":"https:\/\/intrasenze.com\/de\/wp-json\/wp\/v2\/pages\/5838\/revisions"}],"predecessor-version":[{"id":5840,"href":"https:\/\/intrasenze.com\/de\/wp-json\/wp\/v2\/pages\/5838\/revisions\/5840"}],"wp:featuredmedia":[{"embeddable":true,"href":"https:\/\/intrasenze.com\/de\/wp-json\/wp\/v2\/media\/5482"}],"wp:attachment":[{"href":"https:\/\/intrasenze.com\/de\/wp-json\/wp\/v2\/media?parent=5838"}],"curies":[{"name":"wp","href":"https:\/\/api.w.org\/{rel}","templated":true}]}}