{"id":5871,"date":"2022-09-26T12:47:20","date_gmt":"2022-09-26T10:47:20","guid":{"rendered":"https:\/\/intrasenze.com\/datenschutzrichtlinie\/"},"modified":"2025-10-31T16:00:09","modified_gmt":"2025-10-31T15:00:09","slug":"datenschutzrichtlinie","status":"publish","type":"page","link":"https:\/\/intrasenze.com\/de\/datenschutzrichtlinie\/","title":{"rendered":"Datenschutzrichtlinie"},"content":{"rendered":"<p><div class=\"fusion-fullwidth fullwidth-box fusion-builder-row-1 fusion-flex-container has-pattern-background has-mask-background fusion-parallax-none nonhundred-percent-fullwidth non-hundred-percent-height-scrolling lazyload\" style=\"--awb-border-radius-top-left:0px;--awb-border-radius-top-right:0px;--awb-border-radius-bottom-right:0px;--awb-border-radius-bottom-left:0px;--awb-padding-top:18%;--awb-min-height:40vh;--awb-background-image:linear-gradient(180deg, hsla(var(--awb-color5-h),var(--awb-color5-s),var(--awb-color5-l),calc(var(--awb-color5-a) - 20%)) 0%,rgba(255,255,255,0) 100%);;--awb-background-size:cover;--awb-flex-wrap:wrap;\" data-bg=\"https:\/\/intrasenze.com\/wp-content\/uploads\/2022\/09\/1800x1300-intrasenze-roundabout.jpg\" data-bg-gradient=\"linear-gradient(180deg, hsla(var(--awb-color5-h),var(--awb-color5-s),var(--awb-color5-l),calc(var(--awb-color5-a) - 20%)) 0%,rgba(255,255,255,0) 100%)\" ><div class=\"fusion-builder-row fusion-row fusion-flex-align-items-stretch fusion-flex-content-wrap\" style=\"max-width:calc( 1140px + 0px );margin-left: calc(-0px \/ 2 );margin-right: calc(-0px \/ 2 );\"><div class=\"fusion-layout-column fusion_builder_column fusion-builder-column-0 fusion_builder_column_1_1 1_1 fusion-flex-column fusion-flex-align-self-flex-start fusion-column-no-min-height fusion-animated\" style=\"--awb-padding-bottom:6%;--awb-bg-size:cover;--awb-width-large:100%;--awb-margin-top-large:0px;--awb-spacing-right-large:0px;--awb-margin-bottom-large:20px;--awb-spacing-left-large:0px;--awb-width-medium:100%;--awb-spacing-right-medium:0px;--awb-spacing-left-medium:0px;--awb-width-small:100%;--awb-spacing-right-small:0px;--awb-spacing-left-small:0px;\" data-animationType=\"fadeInDown\" data-animationDuration=\"1.0\" data-animationOffset=\"top-into-view\"><div class=\"fusion-column-wrapper fusion-column-has-shadow fusion-flex-justify-content-flex-start fusion-content-layout-column\"><div class=\"fusion-title title fusion-title-1 fusion-sep-none fusion-title-center fusion-title-text fusion-title-size-one\" style=\"--awb-margin-top-small:0px;--awb-margin-right-small:0px;--awb-margin-bottom-small:20px;--awb-margin-left-small:0px;\"><h1 class=\"fusion-title-heading title-heading-center fusion-responsive-typography-calculated\" style=\"margin:0;--fontSize:40;line-height:var(--awb-typography1-line-height);\">Datenschutzrichtlinie<\/h1><\/div><\/div><\/div><\/div><\/div><div class=\"fusion-fullwidth fullwidth-box fusion-builder-row-2 fusion-flex-container has-pattern-background has-mask-background nonhundred-percent-fullwidth non-hundred-percent-height-scrolling\" style=\"--link_hover_color: var(--awb-color4);--link_color: var(--awb-custom_color_1);--awb-border-radius-top-left:0px;--awb-border-radius-top-right:0px;--awb-border-radius-bottom-right:0px;--awb-border-radius-bottom-left:0px;--awb-padding-top:60px;--awb-background-color:var(--awb-custom_color_17);--awb-flex-wrap:wrap;\" ><div class=\"fusion-builder-row fusion-row fusion-flex-align-items-flex-start fusion-flex-content-wrap\" style=\"max-width:1185.6px;margin-left: calc(-4% \/ 2 );margin-right: calc(-4% \/ 2 );\"><div class=\"fusion-layout-column fusion_builder_column fusion-builder-column-1 fusion_builder_column_1_1 1_1 fusion-flex-column\" style=\"--awb-bg-size:cover;--awb-width-large:100%;--awb-margin-top-large:0px;--awb-spacing-right-large:1.92%;--awb-margin-bottom-large:20px;--awb-spacing-left-large:1.92%;--awb-width-medium:100%;--awb-order-medium:0;--awb-spacing-right-medium:1.92%;--awb-spacing-left-medium:1.92%;--awb-width-small:100%;--awb-order-small:0;--awb-spacing-right-small:1.92%;--awb-spacing-left-small:1.92%;\"><div class=\"fusion-column-wrapper fusion-column-has-shadow fusion-flex-justify-content-flex-start fusion-content-layout-column\"><div class=\"fusion-title title fusion-title-2 fusion-sep-none fusion-title-text fusion-title-size-two\" style=\"--awb-text-color:var(--awb-color4);--awb-margin-top-small:0px;--awb-margin-right-small:0px;--awb-margin-bottom-small:20px;--awb-margin-left-small:0px;\"><h2 class=\"fusion-title-heading title-heading-left fusion-responsive-typography-calculated\" style=\"margin:0;--fontSize:30;line-height:var(--awb-typography1-line-height);\">Datenschutzrichtlinie<\/h2><\/div><div class=\"fusion-text fusion-text-1\" style=\"--awb-text-color:var(--awb-color6);\"><p><em>Zuletzt aktualisiert: 27. Oktober 2025<\/em><\/p>\n<\/div><div class=\"fusion-text fusion-text-2\" style=\"--awb-text-color:var(--awb-color6);\"><p>Diese Datenschutz-richtlinie beschreibt, wie Intrasenze Software AB (\u201eIntrasenze\u201c, \u201ewir\u201c, \u201euns\u201c) personenbezogene Daten und Informationen im Zusammenhang mit der Nutzung der Applikation UAN-Safe und unseren digitalen Diensten verarbeitet.<\/p>\n<p>Wir legen gro\u00dfen Wert auf Ihre Privatsph\u00e4re und m\u00f6chten, dass Sie sich sicher f\u00fchlen, wenn Sie unsere L\u00f6sungen verwenden.<\/p>\n<p>Diese Richtlinie beschreibt auch Ihre Rechte und wie Sie diese wahrnehmen k\u00f6nnen.<\/p>\n<\/div><div class=\"fusion-title title fusion-title-3 fusion-sep-none fusion-title-text fusion-title-size-three\" style=\"--awb-text-color:var(--awb-color6);--awb-margin-top-small:0px;--awb-margin-right-small:0px;--awb-margin-bottom-small:20px;--awb-margin-left-small:0px;\"><h3 class=\"fusion-title-heading title-heading-left fusion-responsive-typography-calculated\" style=\"margin:0;--fontSize:22;--minFontSize:22;line-height:var(--awb-typography1-line-height);\">1. Verantwortlicher f\u00fcr die Datenverarbeitung<\/h3><\/div><div class=\"fusion-text fusion-text-3\" style=\"--awb-text-color:var(--awb-color6);\"><p>Intrasenze Software AB<\/p>\n<p>Organisation Nr.: 559055-3110<\/p>\n<p>Adresse: Box 55679, 102 15 Stockholm, Schweden<\/p>\n<p>E-Mail: <a href=\"mailto:privacy@intrasenze.com\">privacy@intrasenze.com<\/a><\/p>\n<\/div><div class=\"fusion-title title fusion-title-4 fusion-sep-none fusion-title-text fusion-title-size-three\" style=\"--awb-text-color:var(--awb-color6);--awb-margin-top-small:0px;--awb-margin-right-small:0px;--awb-margin-bottom-small:20px;--awb-margin-left-small:0px;\"><h3 class=\"fusion-title-heading title-heading-left fusion-responsive-typography-calculated\" style=\"margin:0;--fontSize:22;--minFontSize:22;line-height:var(--awb-typography1-line-height);\">2. Rechtsgrundlagen der Verarbeitung<\/h3><\/div><div class=\"fusion-text fusion-text-4\" style=\"--awb-text-color:var(--awb-color6);\"><p>Wir verarbeiten Ihre personenbezogenen Daten basierend auf:<\/p>\n<ul>\n<li>Einwilligung \u2013 wenn Sie Ihre ausdr\u00fcckliche Zustimmung erteilt haben, z. B. bei Registrierung oder Nutzung der Applikation.<\/li>\n<li>Vertrag \u2013 wenn die Verarbeitung erforderlich ist, um Ihnen unsere Dienste zur Verf\u00fcgung zu stellen.<\/li>\n<li>Gesetzliche Verpflichtung \u2013 wenn wir gesetzlichen oder beh\u00f6rdlichen Anforderungen nachkommen m\u00fcssen.<\/li>\n<li>Berechtigtes Interesse \u2013 wenn die Verarbeitung erforderlich ist, um unsere legitimen Interessen zu sch\u00fctzen, z. B. zur Verbesserung von Sicherheit und Dienstqualit\u00e4t.<\/li>\n<\/ul>\n<\/div><div class=\"fusion-title title fusion-title-5 fusion-sep-none fusion-title-text fusion-title-size-three\" style=\"--awb-text-color:var(--awb-color6);--awb-margin-top-small:0px;--awb-margin-right-small:0px;--awb-margin-bottom-small:20px;--awb-margin-left-small:0px;\"><h3 class=\"fusion-title-heading title-heading-left fusion-responsive-typography-calculated\" style=\"margin:0;--fontSize:22;--minFontSize:22;line-height:var(--awb-typography1-line-height);\">3. Einwilligung<\/h3><\/div><div class=\"fusion-text fusion-text-5\" style=\"--awb-text-color:var(--awb-color6);\"><p>Durch die Registrierung eines Kontos und\/oder die Nutzung der Applikation erteilen Sie Ihre ausdr\u00fcckliche Einwilligung zur Verarbeitung gem\u00e4\u00df dieser Richtlinie.<\/p>\n<p>Sie k\u00f6nnen Ihre Einwilligung jederzeit widerrufen, indem Sie die App deinstallieren oder eine E-Mail an <a href=\"mailto:privacy@intrasenze.com\">privacy@intrasenze.com<\/a>.<\/p>\n<\/div><div class=\"fusion-title title fusion-title-6 fusion-sep-none fusion-title-text fusion-title-size-three\" style=\"--awb-text-color:var(--awb-color6);--awb-margin-top-small:0px;--awb-margin-right-small:0px;--awb-margin-bottom-small:20px;--awb-margin-left-small:0px;\"><h3 class=\"fusion-title-heading title-heading-left fusion-responsive-typography-calculated\" style=\"margin:0;--fontSize:22;--minFontSize:22;line-height:var(--awb-typography1-line-height);\">4. Welche Informationen werden erhoben<\/h3><\/div><div class=\"fusion-text fusion-text-6\" style=\"--awb-text-color:var(--awb-color6);\"><ul>\n<li>Kontaktdaten (Name, E-Mail-Adresse, Telefonnummer)<\/li>\n<li>Nutzerinformationen (Aktivit\u00e4ten, Supportf\u00e4lle, K\u00e4ufe)<\/li>\n<li>Technische Informationen (Ger\u00e4t, Betriebssystem, IP-Adresse, Browser)<\/li>\n<li>Standortinformationen, wie unten beschrieben.<\/li>\n<\/ul>\n<\/div><div class=\"fusion-title title fusion-title-7 fusion-sep-none fusion-title-text fusion-title-size-three\" style=\"--awb-text-color:var(--awb-color6);--awb-margin-top-small:0px;--awb-margin-right-small:0px;--awb-margin-bottom-small:20px;--awb-margin-left-small:0px;\"><h3 class=\"fusion-title-heading title-heading-left fusion-responsive-typography-calculated\" style=\"margin:0;--fontSize:22;--minFontSize:22;line-height:var(--awb-typography1-line-height);\">5. Standortdaten<\/h3><\/div><div class=\"fusion-text fusion-text-7\" style=\"--awb-text-color:var(--awb-color6);\"><p>Die Applikation kann Informationen \u00fcber Ihren geografischen Standort erfassen, wenn sie verwendet wird, um Ereignisse zu verwalten und sicherzustellen, dass geeignete Ma\u00dfnahmen ergriffen werden.<\/p>\n<p>Standortdaten werden erhoben:<\/p>\n<ul>\n<li>wenn die App verwendet wird, und<\/li>\n<li>bei einem laufenden Vorfall, bis dieser abgeschlossen ist.<br \/>Es findet keine kontinuierliche Verfolgung statt, wenn die App nicht verwendet wird.<\/li>\n<\/ul>\n<\/div><div class=\"fusion-title title fusion-title-8 fusion-sep-none fusion-title-text fusion-title-size-three\" style=\"--awb-text-color:var(--awb-color6);--awb-margin-top-small:0px;--awb-margin-right-small:0px;--awb-margin-bottom-small:20px;--awb-margin-left-small:0px;\"><h3 class=\"fusion-title-heading title-heading-left fusion-responsive-typography-calculated\" style=\"margin:0;--fontSize:22;--minFontSize:22;line-height:var(--awb-typography1-line-height);\">6. Wie die Informationen verwendet werden<\/h3><\/div><div class=\"fusion-text fusion-text-8\" style=\"--awb-text-color:var(--awb-color6);\"><p>Wir nutzen die Informationen, um:<\/p>\n<ul>\n<li>unsere Dienste bereitzustellen und zu verbessern,<\/li>\n<li>im Support-, Betriebs- oder Vorfallsfall zu kommunizieren,<\/li>\n<li>Sicherheit und Nutzererlebnis zu erh\u00f6hen,<\/li>\n<li>Sicherheitsvorf\u00e4lle zu verhindern und zu erkennen,<\/li>\n<li>gesetzlichen und beh\u00f6rdlichen Anforderungen nachzukommen.<\/li>\n<\/ul>\n<\/div><div class=\"fusion-title title fusion-title-9 fusion-sep-none fusion-title-text fusion-title-size-three\" style=\"--awb-text-color:var(--awb-color6);--awb-margin-top-small:0px;--awb-margin-right-small:0px;--awb-margin-bottom-small:20px;--awb-margin-left-small:0px;\"><h3 class=\"fusion-title-heading title-heading-left fusion-responsive-typography-calculated\" style=\"margin:0;--fontSize:22;--minFontSize:22;line-height:var(--awb-typography1-line-height);\">7. Weitergabe von Informationen<\/h3><\/div><div class=\"fusion-text fusion-text-9\" style=\"--awb-text-color:var(--awb-color6);\"><p>Wir verkaufen niemals personenbezogene Daten.<\/p>\n<p>Wir k\u00f6nnen Daten nur weitergeben:<\/p>\n<ul>\n<li>wenn dies gesetzlich erforderlich ist,<\/li>\n<li>zum Schutz von Rechten und Sicherheit, oder<\/li>\n<li>mit vertrauensw\u00fcrdigen Dienstleistern (Auftragsverarbeitern), die zur Verschwiegenheit und vertraglich gebunden sind.<\/li>\n<\/ul>\n<\/div><div class=\"fusion-title title fusion-title-10 fusion-sep-none fusion-title-text fusion-title-size-three\" style=\"--awb-text-color:var(--awb-color6);--awb-margin-top-small:0px;--awb-margin-right-small:0px;--awb-margin-bottom-small:20px;--awb-margin-left-small:0px;\"><h3 class=\"fusion-title-heading title-heading-left fusion-responsive-typography-calculated\" style=\"margin:0;--fontSize:22;--minFontSize:22;line-height:var(--awb-typography1-line-height);\">8. Speicherung und Sicherheit<\/h3><\/div><div class=\"fusion-text fusion-text-10\" style=\"--awb-text-color:var(--awb-color6);\"><p>Alle Daten werden in Schweden innerhalb der EU gespeichert.<\/p>\n<p>Die Kommunikation zwischen App und Server ist verschl\u00fcsselt.<\/p>\n<p>Personenbezogene Daten werden nur so lange aufbewahrt, wie es f\u00fcr die Zwecke dieser Richtlinie oder gesetzlich erforderlich ist; danach werden sie gel\u00f6scht oder anonymisiert.<\/p>\n<\/div><div class=\"fusion-title title fusion-title-11 fusion-sep-none fusion-title-text fusion-title-size-three\" style=\"--awb-text-color:var(--awb-color6);--awb-margin-top-small:0px;--awb-margin-right-small:0px;--awb-margin-bottom-small:20px;--awb-margin-left-small:0px;\"><h3 class=\"fusion-title-heading title-heading-left fusion-responsive-typography-calculated\" style=\"margin:0;--fontSize:22;--minFontSize:22;line-height:var(--awb-typography1-line-height);\">9. Cookies<\/h3><\/div><div class=\"fusion-text fusion-text-11\" style=\"--awb-text-color:var(--awb-color6);\"><p>Unsere Website verwendet Cookies und \u00e4hnliche Technologien, um das Erlebnis zu verbessern, den Verkehr zu analysieren und Inhalte anzupassen.<\/p>\n<p>Sie k\u00f6nnen Cookies in Ihrem Browser blockieren oder l\u00f6schen, allerdings k\u00f6nnen manche Funktionen beeintr\u00e4chtigt sein.<\/p>\n<\/div><div class=\"fusion-title title fusion-title-12 fusion-sep-none fusion-title-text fusion-title-size-three\" style=\"--awb-text-color:var(--awb-color6);--awb-margin-top-small:0px;--awb-margin-right-small:0px;--awb-margin-bottom-small:20px;--awb-margin-left-small:0px;\"><h3 class=\"fusion-title-heading title-heading-left fusion-responsive-typography-calculated\" style=\"margin:0;--fontSize:22;--minFontSize:22;line-height:var(--awb-typography1-line-height);\">10. Ihre Rechte<\/h3><\/div><div class=\"fusion-text fusion-text-12\" style=\"--awb-text-color:var(--awb-color6);\"><p>Sie haben das Recht:<\/p>\n<ul>\n<li>Zugriff auf Ihre personenbezogenen Daten zu erhalten,<\/li>\n<li>Berichtigung oder L\u00f6schung zu verlangen,<\/li>\n<li>die Verarbeitung einzuschr\u00e4nken,<\/li>\n<li>der Verarbeitung zu widersprechen,<\/li>\n<li>Daten\u00fcbertragbarkeit zu verlangen<\/li>\n<li>Ihre Einwilligung zu widerrufen.<\/li>\n<\/ul>\n<p>Wenn Sie der Ansicht sind, dass Ihre Daten unrechtm\u00e4\u00dfig verarbeitet werden, k\u00f6nnen Sie eine Beschwerde bei der Integritetsskyddsmyndigheten (IMY) einreichen, <a href=\"https:\/\/www.imy.se\/\" target=\"_blank\" rel=\"noopener\">www.imy.se<\/a>.<\/p>\n<\/div><div class=\"fusion-title title fusion-title-13 fusion-sep-none fusion-title-text fusion-title-size-three\" style=\"--awb-text-color:var(--awb-color6);--awb-margin-top-small:0px;--awb-margin-right-small:0px;--awb-margin-bottom-small:20px;--awb-margin-left-small:0px;\"><h3 class=\"fusion-title-heading title-heading-left fusion-responsive-typography-calculated\" style=\"margin:0;--fontSize:22;--minFontSize:22;line-height:var(--awb-typography1-line-height);\">11. Schutz von Kindern<\/h3><\/div><div class=\"fusion-text fusion-text-13\" style=\"--awb-text-color:var(--awb-color6);\"><p>Wir sammeln nicht wissentlich Daten von Kindern unter 16 Jahren.<\/p>\n<p>Wenn Sie Sorge haben, dass Ihr Kind uns Daten \u00fcbermittelt hat, <a href=\"https:\/\/intrasenze.com\/de\/kontakt\/\" target=\"_blank\" rel=\"noopener\">kontaktieren Sie uns <\/a>bitte, damit wir diese l\u00f6schen.<\/p>\n<\/div><div class=\"fusion-title title fusion-title-14 fusion-sep-none fusion-title-text fusion-title-size-three\" style=\"--awb-text-color:var(--awb-color6);--awb-margin-top-small:0px;--awb-margin-right-small:0px;--awb-margin-bottom-small:20px;--awb-margin-left-small:0px;\"><h3 class=\"fusion-title-heading title-heading-left fusion-responsive-typography-calculated\" style=\"margin:0;--fontSize:22;--minFontSize:22;line-height:var(--awb-typography1-line-height);\">12. \u00c4nderungen<\/h3><\/div><div class=\"fusion-text fusion-text-14\" style=\"--awb-text-color:var(--awb-color6);\"><p>Wir k\u00f6nnen diese Richtlinie aktualisieren.<\/p>\n<p>Das oben angegebene Datum zeigt die letzte Aktualisierung.<\/p>\n<p>Gr\u00f6\u00dfere \u00c4nderungen werden per E-Mail oder in der Applikation mitgeteilt.<\/p>\n<\/div><div class=\"fusion-title title fusion-title-15 fusion-sep-none fusion-title-text fusion-title-size-three\" style=\"--awb-text-color:var(--awb-color6);--awb-margin-top-small:0px;--awb-margin-right-small:0px;--awb-margin-bottom-small:20px;--awb-margin-left-small:0px;\"><h3 class=\"fusion-title-heading title-heading-left fusion-responsive-typography-calculated\" style=\"margin:0;--fontSize:22;--minFontSize:22;line-height:var(--awb-typography1-line-height);\">13. Kontakt<\/h3><\/div><div class=\"fusion-text fusion-text-15\" style=\"--awb-text-color:var(--awb-color6);\"><p>Intrasenze Software AB<\/p>\n<p>Box 55679, 102 15 Stockholm, Schweden<\/p>\n<p>Organisation Nr.: 559055-3110<\/p>\n<p><a href=\"mailto:privacy@intrasenze.com\">privacy@intrasenze.com<\/a><\/p>\n<p><a href=\"https:\/\/intrasenze.com\/de\/\">www.intrasenze.com<\/a><\/p>\n<\/div><\/div><\/div><\/div><\/div><\/p>\n","protected":false},"excerpt":{"rendered":"","protected":false},"author":1,"featured_media":5490,"parent":0,"menu_order":0,"comment_status":"closed","ping_status":"closed","template":"100-width.php","meta":{"footnotes":""},"class_list":["post-5871","page","type-page","status-publish","has-post-thumbnail","hentry"],"yoast_head":"<!-- This site is optimized with the Yoast SEO plugin v27.3 - https:\/\/yoast.com\/product\/yoast-seo-wordpress\/ -->\n<title>Datenschutzrichtlinie - Intrasenze<\/title>\n<meta name=\"robots\" content=\"index, follow, max-snippet:-1, max-image-preview:large, max-video-preview:-1\" \/>\n<link rel=\"canonical\" href=\"https:\/\/intrasenze.com\/de\/datenschutzrichtlinie\/\" \/>\n<meta property=\"og:locale\" content=\"de_DE\" \/>\n<meta property=\"og:type\" content=\"article\" \/>\n<meta property=\"og:title\" content=\"Datenschutzrichtlinie - Intrasenze\" \/>\n<meta property=\"og:url\" content=\"https:\/\/intrasenze.com\/de\/datenschutzrichtlinie\/\" \/>\n<meta property=\"og:site_name\" content=\"Intrasenze\" \/>\n<meta property=\"article:modified_time\" content=\"2025-10-31T15:00:09+00:00\" \/>\n<meta property=\"og:image\" content=\"https:\/\/intrasenze.com\/wp-content\/uploads\/2022\/11\/1200x1200-sociala-media-2.jpg\" \/>\n\t<meta property=\"og:image:width\" content=\"1200\" \/>\n\t<meta property=\"og:image:height\" content=\"1200\" \/>\n\t<meta property=\"og:image:type\" content=\"image\/jpeg\" \/>\n<meta name=\"twitter:card\" content=\"summary_large_image\" \/>\n<meta name=\"twitter:label1\" content=\"Gesch\u00e4tzte Lesezeit\" \/>\n\t<meta name=\"twitter:data1\" content=\"38\u00a0Minuten\" \/>\n<script type=\"application\/ld+json\" class=\"yoast-schema-graph\">{\"@context\":\"https:\\\/\\\/schema.org\",\"@graph\":[{\"@type\":\"WebPage\",\"@id\":\"https:\\\/\\\/intrasenze.com\\\/de\\\/datenschutzrichtlinie\\\/\",\"url\":\"https:\\\/\\\/intrasenze.com\\\/de\\\/datenschutzrichtlinie\\\/\",\"name\":\"Datenschutzrichtlinie - Intrasenze\",\"isPartOf\":{\"@id\":\"https:\\\/\\\/intrasenze.com\\\/de\\\/#website\"},\"primaryImageOfPage\":{\"@id\":\"https:\\\/\\\/intrasenze.com\\\/de\\\/datenschutzrichtlinie\\\/#primaryimage\"},\"image\":{\"@id\":\"https:\\\/\\\/intrasenze.com\\\/de\\\/datenschutzrichtlinie\\\/#primaryimage\"},\"thumbnailUrl\":\"https:\\\/\\\/intrasenze.com\\\/wp-content\\\/uploads\\\/2022\\\/11\\\/1200x1200-sociala-media-2.jpg\",\"datePublished\":\"2022-09-26T10:47:20+00:00\",\"dateModified\":\"2025-10-31T15:00:09+00:00\",\"breadcrumb\":{\"@id\":\"https:\\\/\\\/intrasenze.com\\\/de\\\/datenschutzrichtlinie\\\/#breadcrumb\"},\"inLanguage\":\"de\",\"potentialAction\":[{\"@type\":\"ReadAction\",\"target\":[\"https:\\\/\\\/intrasenze.com\\\/de\\\/datenschutzrichtlinie\\\/\"]}]},{\"@type\":\"ImageObject\",\"inLanguage\":\"de\",\"@id\":\"https:\\\/\\\/intrasenze.com\\\/de\\\/datenschutzrichtlinie\\\/#primaryimage\",\"url\":\"https:\\\/\\\/intrasenze.com\\\/wp-content\\\/uploads\\\/2022\\\/11\\\/1200x1200-sociala-media-2.jpg\",\"contentUrl\":\"https:\\\/\\\/intrasenze.com\\\/wp-content\\\/uploads\\\/2022\\\/11\\\/1200x1200-sociala-media-2.jpg\",\"width\":1200,\"height\":1200,\"caption\":\"Intrasenze\"},{\"@type\":\"BreadcrumbList\",\"@id\":\"https:\\\/\\\/intrasenze.com\\\/de\\\/datenschutzrichtlinie\\\/#breadcrumb\",\"itemListElement\":[{\"@type\":\"ListItem\",\"position\":1,\"name\":\"Home\",\"item\":\"https:\\\/\\\/intrasenze.com\\\/de\\\/\"},{\"@type\":\"ListItem\",\"position\":2,\"name\":\"Datenschutzrichtlinie\"}]},{\"@type\":\"WebSite\",\"@id\":\"https:\\\/\\\/intrasenze.com\\\/de\\\/#website\",\"url\":\"https:\\\/\\\/intrasenze.com\\\/de\\\/\",\"name\":\"Intrasenze\",\"description\":\"Intrasenze\",\"potentialAction\":[{\"@type\":\"SearchAction\",\"target\":{\"@type\":\"EntryPoint\",\"urlTemplate\":\"https:\\\/\\\/intrasenze.com\\\/de\\\/?s={search_term_string}\"},\"query-input\":{\"@type\":\"PropertyValueSpecification\",\"valueRequired\":true,\"valueName\":\"search_term_string\"}}],\"inLanguage\":\"de\"}]}<\/script>\n<!-- \/ Yoast SEO plugin. -->","yoast_head_json":{"title":"Datenschutzrichtlinie - Intrasenze","robots":{"index":"index","follow":"follow","max-snippet":"max-snippet:-1","max-image-preview":"max-image-preview:large","max-video-preview":"max-video-preview:-1"},"canonical":"https:\/\/intrasenze.com\/de\/datenschutzrichtlinie\/","og_locale":"de_DE","og_type":"article","og_title":"Datenschutzrichtlinie - Intrasenze","og_url":"https:\/\/intrasenze.com\/de\/datenschutzrichtlinie\/","og_site_name":"Intrasenze","article_modified_time":"2025-10-31T15:00:09+00:00","og_image":[{"width":1200,"height":1200,"url":"https:\/\/intrasenze.com\/wp-content\/uploads\/2022\/11\/1200x1200-sociala-media-2.jpg","type":"image\/jpeg"}],"twitter_card":"summary_large_image","twitter_misc":{"Gesch\u00e4tzte Lesezeit":"38\u00a0Minuten"},"schema":{"@context":"https:\/\/schema.org","@graph":[{"@type":"WebPage","@id":"https:\/\/intrasenze.com\/de\/datenschutzrichtlinie\/","url":"https:\/\/intrasenze.com\/de\/datenschutzrichtlinie\/","name":"Datenschutzrichtlinie - Intrasenze","isPartOf":{"@id":"https:\/\/intrasenze.com\/de\/#website"},"primaryImageOfPage":{"@id":"https:\/\/intrasenze.com\/de\/datenschutzrichtlinie\/#primaryimage"},"image":{"@id":"https:\/\/intrasenze.com\/de\/datenschutzrichtlinie\/#primaryimage"},"thumbnailUrl":"https:\/\/intrasenze.com\/wp-content\/uploads\/2022\/11\/1200x1200-sociala-media-2.jpg","datePublished":"2022-09-26T10:47:20+00:00","dateModified":"2025-10-31T15:00:09+00:00","breadcrumb":{"@id":"https:\/\/intrasenze.com\/de\/datenschutzrichtlinie\/#breadcrumb"},"inLanguage":"de","potentialAction":[{"@type":"ReadAction","target":["https:\/\/intrasenze.com\/de\/datenschutzrichtlinie\/"]}]},{"@type":"ImageObject","inLanguage":"de","@id":"https:\/\/intrasenze.com\/de\/datenschutzrichtlinie\/#primaryimage","url":"https:\/\/intrasenze.com\/wp-content\/uploads\/2022\/11\/1200x1200-sociala-media-2.jpg","contentUrl":"https:\/\/intrasenze.com\/wp-content\/uploads\/2022\/11\/1200x1200-sociala-media-2.jpg","width":1200,"height":1200,"caption":"Intrasenze"},{"@type":"BreadcrumbList","@id":"https:\/\/intrasenze.com\/de\/datenschutzrichtlinie\/#breadcrumb","itemListElement":[{"@type":"ListItem","position":1,"name":"Home","item":"https:\/\/intrasenze.com\/de\/"},{"@type":"ListItem","position":2,"name":"Datenschutzrichtlinie"}]},{"@type":"WebSite","@id":"https:\/\/intrasenze.com\/de\/#website","url":"https:\/\/intrasenze.com\/de\/","name":"Intrasenze","description":"Intrasenze","potentialAction":[{"@type":"SearchAction","target":{"@type":"EntryPoint","urlTemplate":"https:\/\/intrasenze.com\/de\/?s={search_term_string}"},"query-input":{"@type":"PropertyValueSpecification","valueRequired":true,"valueName":"search_term_string"}}],"inLanguage":"de"}]}},"_links":{"self":[{"href":"https:\/\/intrasenze.com\/de\/wp-json\/wp\/v2\/pages\/5871","targetHints":{"allow":["GET"]}}],"collection":[{"href":"https:\/\/intrasenze.com\/de\/wp-json\/wp\/v2\/pages"}],"about":[{"href":"https:\/\/intrasenze.com\/de\/wp-json\/wp\/v2\/types\/page"}],"author":[{"embeddable":true,"href":"https:\/\/intrasenze.com\/de\/wp-json\/wp\/v2\/users\/1"}],"replies":[{"embeddable":true,"href":"https:\/\/intrasenze.com\/de\/wp-json\/wp\/v2\/comments?post=5871"}],"version-history":[{"count":5,"href":"https:\/\/intrasenze.com\/de\/wp-json\/wp\/v2\/pages\/5871\/revisions"}],"predecessor-version":[{"id":5882,"href":"https:\/\/intrasenze.com\/de\/wp-json\/wp\/v2\/pages\/5871\/revisions\/5882"}],"wp:featuredmedia":[{"embeddable":true,"href":"https:\/\/intrasenze.com\/de\/wp-json\/wp\/v2\/media\/5490"}],"wp:attachment":[{"href":"https:\/\/intrasenze.com\/de\/wp-json\/wp\/v2\/media?parent=5871"}],"curies":[{"name":"wp","href":"https:\/\/api.w.org\/{rel}","templated":true}]}}