{"id":3120,"date":"2023-04-14T12:07:52","date_gmt":"2023-04-14T10:07:52","guid":{"rendered":"https:\/\/intrasenze.com\/guardianes\/"},"modified":"2024-06-16T12:38:14","modified_gmt":"2024-06-16T10:38:14","slug":"guardianes","status":"publish","type":"page","link":"https:\/\/intrasenze.com\/es\/clientes\/guardianes\/","title":{"rendered":"Vigilantes de seguridad"},"content":{"rendered":"<p><div class=\"fusion-fullwidth fullwidth-box fusion-builder-row-1 fusion-flex-container has-pattern-background has-mask-background fusion-parallax-none nonhundred-percent-fullwidth non-hundred-percent-height-scrolling lazyload\" style=\"--awb-background-position:right center;--awb-border-radius-top-left:0px;--awb-border-radius-top-right:0px;--awb-border-radius-bottom-right:0px;--awb-border-radius-bottom-left:0px;--awb-padding-top:18%;--awb-min-height:65vh;--awb-min-height-small:40vh;--awb-background-image:linear-gradient(180deg, hsla(var(--awb-custom_color_1-h),var(--awb-custom_color_1-s),var(--awb-custom_color_1-l),calc(var(--awb-custom_color_1-a) - 20%)) 0%,rgba(255,255,255,0) 100%);;--awb-background-size:cover;--awb-flex-wrap:wrap;\" data-bg=\"https:\/\/intrasenze.com\/wp-content\/uploads\/2023\/07\/1800x1300-security4.jpg\" data-bg-gradient=\"linear-gradient(180deg, hsla(var(--awb-custom_color_1-h),var(--awb-custom_color_1-s),var(--awb-custom_color_1-l),calc(var(--awb-custom_color_1-a) - 20%)) 0%,rgba(255,255,255,0) 100%)\" ><div class=\"fusion-builder-row fusion-row fusion-flex-align-items-stretch fusion-flex-content-wrap\" style=\"max-width:calc( 1140px + 0px );margin-left: calc(-0px \/ 2 );margin-right: calc(-0px \/ 2 );\"><div class=\"fusion-layout-column fusion_builder_column fusion-builder-column-0 fusion_builder_column_1_1 1_1 fusion-flex-column fusion-flex-align-self-flex-start fusion-column-no-min-height fusion-animated\" style=\"--awb-padding-bottom:6%;--awb-bg-size:cover;--awb-width-large:100%;--awb-margin-top-large:0px;--awb-spacing-right-large:0px;--awb-margin-bottom-large:20px;--awb-spacing-left-large:0px;--awb-width-medium:100%;--awb-spacing-right-medium:0px;--awb-spacing-left-medium:0px;--awb-width-small:100%;--awb-spacing-right-small:0px;--awb-spacing-left-small:0px;\" data-animationType=\"fadeInDown\" data-animationDuration=\"1.0\" data-animationOffset=\"top-into-view\"><div class=\"fusion-column-wrapper fusion-column-has-shadow fusion-flex-justify-content-flex-start fusion-content-layout-column\"><div class=\"fusion-title title fusion-title-1 fusion-sep-none fusion-title-center fusion-title-text fusion-title-size-one\" style=\"--awb-margin-top-small:0px;--awb-margin-right-small:0px;--awb-margin-bottom-small:20px;--awb-margin-left-small:0px;\"><h1 class=\"fusion-title-heading title-heading-center fusion-responsive-typography-calculated\" style=\"margin:0;--fontSize:40;line-height:var(--awb-typography1-line-height);\"><p>Intrasenze para los vigilantes de seguridad<br \/>\n<span style=\"font-size: 30px;\">Confirme, gestione y finalice las alarmas m\u00e1s r\u00e1pido<\/span><\/p><\/h1><\/div><\/div><\/div><\/div><\/div><div class=\"fusion-fullwidth fullwidth-box fusion-builder-row-2 fusion-flex-container has-pattern-background has-mask-background hundred-percent-fullwidth non-hundred-percent-height-scrolling\" style=\"--awb-border-radius-top-left:0px;--awb-border-radius-top-right:0px;--awb-border-radius-bottom-right:0px;--awb-border-radius-bottom-left:0px;--awb-padding-top:0px;--awb-padding-right:0px;--awb-padding-bottom:0px;--awb-padding-left:0px;--awb-background-color:var(--awb-color3);--awb-flex-wrap:wrap;\" ><div class=\"fusion-builder-row fusion-row fusion-flex-align-items-stretch fusion-flex-justify-content-center fusion-flex-content-wrap\" style=\"width:104% !important;max-width:104% !important;margin-left: calc(-4% \/ 2 );margin-right: calc(-4% \/ 2 );\"><div class=\"fusion-layout-column fusion_builder_column fusion-builder-column-1 fusion_builder_column_2_3 2_3 fusion-flex-column fusion-animated\" style=\"--awb-padding-top:20px;--awb-padding-right:40px;--awb-padding-left:60px;--awb-bg-size:cover;--awb-border-color:hsla(var(--awb-color1-h),var(--awb-color1-s),var(--awb-color1-l),calc( var(--awb-color1-a) - 80% ));--awb-border-style:solid;--awb-width-large:66.666666666667%;--awb-margin-top-large:0px;--awb-spacing-right-large:0px;--awb-margin-bottom-large:0px;--awb-spacing-left-large:0px;--awb-width-medium:100%;--awb-order-medium:0;--awb-spacing-right-medium:1.92%;--awb-spacing-left-medium:1.92%;--awb-width-small:100%;--awb-order-small:0;--awb-spacing-right-small:1.92%;--awb-spacing-left-small:1.92%;\" data-animationType=\"fadeInLeft\" data-animationDuration=\"1.0\" data-animationOffset=\"top-into-view\"><div class=\"fusion-column-wrapper fusion-column-has-shadow fusion-flex-justify-content-flex-start fusion-content-layout-column\"><div class=\"fusion-title title fusion-title-2 fusion-sep-none fusion-title-center fusion-title-text fusion-title-size-two\" style=\"--awb-text-color:var(--awb-color5);--awb-margin-top-small:0px;--awb-margin-right-small:0px;--awb-margin-bottom-small:20px;--awb-margin-left-small:0px;\"><h2 class=\"fusion-title-heading title-heading-center fusion-responsive-typography-calculated\" style=\"font-family:var(--awb-typography1-font-family);font-weight:var(--awb-typography1-font-weight);font-style:var(--awb-typography1-font-style);margin:0;text-transform:none;--fontSize:30;line-height:var(--awb-typography1-line-height);\">Seguridad para guardias y clientes<\/h2><\/div><\/div><\/div><\/div><\/div><div class=\"fusion-fullwidth fullwidth-box fusion-builder-row-3 fusion-flex-container has-pattern-background has-mask-background nonhundred-percent-fullwidth non-hundred-percent-height-scrolling\" style=\"--awb-border-radius-top-left:0px;--awb-border-radius-top-right:0px;--awb-border-radius-bottom-right:0px;--awb-border-radius-bottom-left:0px;--awb-padding-top:50px;--awb-padding-bottom:40px;--awb-flex-wrap:wrap;\" ><div class=\"fusion-builder-row fusion-row fusion-flex-align-items-flex-start fusion-flex-justify-content-center fusion-flex-content-wrap\" style=\"max-width:1185.6px;margin-left: calc(-4% \/ 2 );margin-right: calc(-4% \/ 2 );\"><div class=\"fusion-layout-column fusion_builder_column fusion-builder-column-2 fusion_builder_column_1_1 1_1 fusion-flex-column\" style=\"--awb-bg-size:cover;--awb-width-large:100%;--awb-margin-top-large:0px;--awb-spacing-right-large:1.92%;--awb-margin-bottom-large:20px;--awb-spacing-left-large:1.92%;--awb-width-medium:100%;--awb-order-medium:0;--awb-spacing-right-medium:1.92%;--awb-spacing-left-medium:1.92%;--awb-width-small:100%;--awb-order-small:0;--awb-spacing-right-small:1.92%;--awb-spacing-left-small:1.92%;\"><div class=\"fusion-column-wrapper fusion-column-has-shadow fusion-flex-justify-content-flex-start fusion-content-layout-column\"><div class=\"fusion-title title fusion-title-3 fusion-sep-none fusion-title-text fusion-title-size-two\" style=\"--awb-text-color:var(--awb-custom_color_2);--awb-margin-top-small:0px;--awb-margin-right-small:0px;--awb-margin-bottom-small:20px;--awb-margin-left-small:0px;\"><h2 class=\"fusion-title-heading title-heading-left fusion-responsive-typography-calculated\" style=\"margin:0;--fontSize:30;line-height:var(--awb-typography1-line-height);\">Central de alarmas digital y gesti\u00f3n de alarmas en el m\u00f3vil &#8211; APP de alarmas integrada para vigilantes de seguridad<\/h2><\/div><\/div><\/div><div class=\"fusion-layout-column fusion_builder_column fusion-builder-column-3 fusion_builder_column_1_2 1_2 fusion-flex-column\" style=\"--awb-bg-size:cover;--awb-width-large:50%;--awb-margin-top-large:0px;--awb-spacing-right-large:3.84%;--awb-margin-bottom-large:20px;--awb-spacing-left-large:3.84%;--awb-width-medium:100%;--awb-order-medium:0;--awb-spacing-right-medium:1.92%;--awb-spacing-left-medium:1.92%;--awb-width-small:100%;--awb-order-small:0;--awb-spacing-right-small:1.92%;--awb-spacing-left-small:1.92%;\" data-scroll-devices=\"small-visibility,medium-visibility,large-visibility\"><div class=\"fusion-column-wrapper fusion-column-has-shadow fusion-flex-justify-content-flex-start fusion-content-layout-column\"><div class=\"fusion-text fusion-text-1\" style=\"--awb-text-color:var(--awb-color5);\"><p>Recibir las alarmas directamente desde los sistemas de alarma, en tiempo real y en texto claro en el m\u00f3vil, ahorra tiempo y aumenta la flexibilidad tanto para los vigilantes como para las personas afectadas y las empresas. Adem\u00e1s, el sistema es rentable y permite recibir, gestionar y marcar como resueltas las alarmas directamente en el m\u00f3vil. Redundancia completa entre la central de alarmas, la central de alarmas digital, los vigilantes y los clientes.  <\/p>\n<p>Con la soluci\u00f3n Intrasenze, los clientes pueden recuperar las alarmas, alertar como persona o con sistemas de alarma, a los vigilantes de seguridad, a la polic\u00eda y a sus propias personas de contacto, al mismo tiempo. Todos comparten el mismo flujo de alarmas y pueden alertar, actuar y colaborar para prevenir incidentes juntos. <\/p>\n<p>El operador de la receptora de alarmas tiene la posici\u00f3n que le han comunicado tanto el vigilante como el cliente y puede seguir el incidente en texto claro con im\u00e1genes de video y audio. Todos los datos son propiedad del creador y siempre tiene su propio acceso a su material digital. que queda registrado en el sistema.<\/p>\n<\/div><\/div><\/div><div class=\"fusion-layout-column fusion_builder_column fusion-builder-column-4 fusion_builder_column_1_2 1_2 fusion-flex-column\" style=\"--awb-bg-size:cover;--awb-width-large:50%;--awb-margin-top-large:0px;--awb-spacing-right-large:3.84%;--awb-margin-bottom-large:20px;--awb-spacing-left-large:3.84%;--awb-width-medium:100%;--awb-order-medium:0;--awb-spacing-right-medium:1.92%;--awb-spacing-left-medium:1.92%;--awb-width-small:100%;--awb-order-small:0;--awb-spacing-right-small:1.92%;--awb-spacing-left-small:1.92%;\"><div class=\"fusion-column-wrapper fusion-column-has-shadow fusion-flex-justify-content-flex-start fusion-content-layout-column\"><div class=\"fusion-text fusion-text-2\" style=\"--awb-text-color:var(--awb-color5);\"><p>La soluci\u00f3n Intrasenze es un software patentado que se vende como servicio en la nube. La plataforma tiene integraciones tanto con centrales como con sistemas de alarma. Los vigilantes reciben todas las alarmas directamente en el m\u00f3vil, incluida la cancelaci\u00f3n de la alarma, la confirmaci\u00f3n de si el cliente la ha recibido o no y la actualizaci\u00f3n del estado en tiempo real, as\u00ed como el cierre del evento. Acceso completo al registro de eventos de los sistemas de alarma y a todo el historial anterior directamente en el tel\u00e9fono m\u00f3vil. <\/p>\n<p>Con nuestra soluci\u00f3n, t\u00fa, como vigilante, puedes comunicarte directamente con los clientes, sin intermediarios, independientemente de la ubicaci\u00f3n geogr\u00e1fica, la nacionalidad o el idioma. El servicio es global y se traduce autom\u00e1ticamente al idioma de cada usuario. Reserva hoy una demostraci\u00f3n y podr\u00e1s tener una soluci\u00f3n digital ma\u00f1ana mismo. <\/p>\n<p>Contacta con nosotros en info@intrasenze.com.<\/p>\n<\/div><\/div><\/div><\/div><\/div><div class=\"fusion-fullwidth fullwidth-box fusion-builder-row-4 fusion-flex-container has-pattern-background has-mask-background fusion-parallax-fixed nonhundred-percent-fullwidth non-hundred-percent-height-scrolling lazyload\" style=\"--awb-border-radius-top-left:0px;--awb-border-radius-top-right:0px;--awb-border-radius-bottom-right:0px;--awb-border-radius-bottom-left:0px;--awb-padding-top:50px;--awb-padding-bottom:40px;--awb-background-size:cover;--awb-flex-wrap:wrap;background-attachment:fixed;\" data-bg=\"https:\/\/intrasenze.com\/wp-content\/uploads\/2023\/07\/1800x1300-security1.jpg\" ><div class=\"fusion-builder-row fusion-row fusion-flex-align-items-flex-start fusion-flex-justify-content-center fusion-flex-content-wrap\" style=\"max-width:1185.6px;margin-left: calc(-4% \/ 2 );margin-right: calc(-4% \/ 2 );\"><div class=\"fusion-layout-column fusion_builder_column fusion-builder-column-5 fusion_builder_column_4_5 4_5 fusion-flex-column\" style=\"--awb-padding-top:30px;--awb-padding-right:30px;--awb-padding-bottom:30px;--awb-padding-left:30px;--awb-bg-color:hsla(var(--awb-color1-h),var(--awb-color1-s),var(--awb-color1-l),calc(var(--awb-color1-a) - 15%));--awb-bg-color-hover:hsla(var(--awb-color1-h),var(--awb-color1-s),var(--awb-color1-l),calc(var(--awb-color1-a) - 15%));--awb-bg-size:cover;--awb-width-large:80%;--awb-margin-top-large:0px;--awb-spacing-right-large:2.4%;--awb-margin-bottom-large:20px;--awb-spacing-left-large:2.4%;--awb-width-medium:100%;--awb-order-medium:0;--awb-spacing-right-medium:1.92%;--awb-spacing-left-medium:1.92%;--awb-width-small:100%;--awb-order-small:0;--awb-spacing-right-small:1.92%;--awb-spacing-left-small:1.92%;\" data-scroll-devices=\"small-visibility,medium-visibility,large-visibility\"><div class=\"fusion-column-wrapper fusion-column-has-shadow fusion-flex-justify-content-flex-start fusion-content-layout-column\"><ul style=\"--awb-iconcolor:var(--awb-custom_color_1);--awb-textcolor:var(--awb-color5);--awb-line-height:34px;--awb-icon-width:34px;--awb-icon-height:34px;--awb-icon-margin:14px;--awb-content-margin:48px;\" class=\"fusion-checklist fusion-checklist-1 fusion-checklist-default type-icons\"><li class=\"fusion-li-item\" style=\"\"><span class=\"icon-wrapper circle-no\"><i class=\"fusion-li-icon awb-icon-check\" aria-hidden=\"true\"><\/i><\/span><div class=\"fusion-li-item-content\">\n<p>EFFECTIVO<br \/>\nComunicaci\u00f3n clara y r\u00e1pida con la alarma y el cliente y entre el vigilante, el cliente y el sensor de alarma. En lenguaje claro.<\/p>\n<\/div><\/li><li class=\"fusion-li-item\" style=\"\"><span class=\"icon-wrapper circle-no\"><i class=\"fusion-li-icon awb-icon-check\" aria-hidden=\"true\"><\/i><\/span><div class=\"fusion-li-item-content\">\n<p>SEGURO<br \/>\nLa soluci\u00f3n te pertenece a ti, el cliente. Todos los datos son tuyos y controlas y posees todas las redes y alarmas.<\/p>\n<\/div><\/li><li class=\"fusion-li-item\" style=\"\"><span class=\"icon-wrapper circle-no\"><i class=\"fusion-li-icon awb-icon-check\" aria-hidden=\"true\"><\/i><\/span><div class=\"fusion-li-item-content\">\n<p>RENTABLE<br \/>\nPuedes ver en texto claro qu\u00e9 y d\u00f3nde se activ\u00f3 la alarma. Evite las acciones innecesarias.<\/p>\n<\/div><\/li><li class=\"fusion-li-item\" style=\"\"><span class=\"icon-wrapper circle-no\"><i class=\"fusion-li-icon awb-icon-check\" aria-hidden=\"true\"><\/i><\/span><div class=\"fusion-li-item-content\">\n<p>LA ALARMA ADECUADA: EVITAR DESPACHOS INNECESARIOS<br \/>\nComo recibes la alarma en tu tel\u00e9fono m\u00f3vil y en tu ordenador, puedes eliminar r\u00e1pidamente las falsas alarmas.<\/p>\n<\/div><\/li><li class=\"fusion-li-item\" style=\"\"><span class=\"icon-wrapper circle-no\"><i class=\"fusion-li-icon awb-icon-check\" aria-hidden=\"true\"><\/i><\/span><div class=\"fusion-li-item-content\">\n<p>COMUNICARSE CON VIDEO, IM\u00c1GENES Y AUDIO<br \/>\nCon UAN-Safe, t\u00fa eliges c\u00f3mo quieres comunicarte, con qui\u00e9n y cu\u00e1ndo.<\/p>\n<\/div><\/li><\/ul><\/div><\/div><\/div><\/div><\/p>\n","protected":false},"excerpt":{"rendered":"","protected":false},"author":1,"featured_media":0,"parent":4396,"menu_order":0,"comment_status":"closed","ping_status":"closed","template":"100-width.php","meta":{"footnotes":""},"class_list":["post-3120","page","type-page","status-publish","hentry"],"yoast_head":"<!-- This site is optimized with the Yoast SEO plugin v27.3 - https:\/\/yoast.com\/product\/yoast-seo-wordpress\/ -->\n<title>Vigilantes de seguridad - Intrasenze<\/title>\n<meta name=\"robots\" content=\"index, follow, max-snippet:-1, max-image-preview:large, max-video-preview:-1\" \/>\n<link rel=\"canonical\" href=\"https:\/\/intrasenze.com\/es\/clientes\/guardianes\/\" \/>\n<meta property=\"og:locale\" content=\"es_ES\" \/>\n<meta property=\"og:type\" content=\"article\" \/>\n<meta property=\"og:title\" content=\"Vigilantes de seguridad - Intrasenze\" \/>\n<meta property=\"og:url\" content=\"https:\/\/intrasenze.com\/es\/clientes\/guardianes\/\" \/>\n<meta property=\"og:site_name\" content=\"Intrasenze\" \/>\n<meta property=\"article:modified_time\" content=\"2024-06-16T10:38:14+00:00\" \/>\n<meta property=\"og:image\" content=\"https:\/\/intrasenze.com\/wp-content\/uploads\/2022\/11\/1200x1200-sociala-media-2.jpg\" \/>\n\t<meta property=\"og:image:width\" content=\"1200\" \/>\n\t<meta property=\"og:image:height\" content=\"1200\" \/>\n\t<meta property=\"og:image:type\" content=\"image\/jpeg\" \/>\n<meta name=\"twitter:card\" content=\"summary_large_image\" \/>\n<meta name=\"twitter:label1\" content=\"Tiempo de lectura\" \/>\n\t<meta name=\"twitter:data1\" content=\"27 minutos\" \/>\n<script type=\"application\/ld+json\" class=\"yoast-schema-graph\">{\"@context\":\"https:\\\/\\\/schema.org\",\"@graph\":[{\"@type\":\"WebPage\",\"@id\":\"https:\\\/\\\/intrasenze.com\\\/es\\\/clientes\\\/guardianes\\\/\",\"url\":\"https:\\\/\\\/intrasenze.com\\\/es\\\/clientes\\\/guardianes\\\/\",\"name\":\"Vigilantes de seguridad - Intrasenze\",\"isPartOf\":{\"@id\":\"https:\\\/\\\/intrasenze.com\\\/es\\\/#website\"},\"datePublished\":\"2023-04-14T10:07:52+00:00\",\"dateModified\":\"2024-06-16T10:38:14+00:00\",\"breadcrumb\":{\"@id\":\"https:\\\/\\\/intrasenze.com\\\/es\\\/clientes\\\/guardianes\\\/#breadcrumb\"},\"inLanguage\":\"es\",\"potentialAction\":[{\"@type\":\"ReadAction\",\"target\":[\"https:\\\/\\\/intrasenze.com\\\/es\\\/clientes\\\/guardianes\\\/\"]}]},{\"@type\":\"BreadcrumbList\",\"@id\":\"https:\\\/\\\/intrasenze.com\\\/es\\\/clientes\\\/guardianes\\\/#breadcrumb\",\"itemListElement\":[{\"@type\":\"ListItem\",\"position\":1,\"name\":\"Home\",\"item\":\"https:\\\/\\\/intrasenze.com\\\/es\\\/\"},{\"@type\":\"ListItem\",\"position\":2,\"name\":\"Clientes\",\"item\":\"https:\\\/\\\/intrasenze.com\\\/es\\\/kunder\\\/\"},{\"@type\":\"ListItem\",\"position\":3,\"name\":\"Vigilantes de seguridad\"}]},{\"@type\":\"WebSite\",\"@id\":\"https:\\\/\\\/intrasenze.com\\\/es\\\/#website\",\"url\":\"https:\\\/\\\/intrasenze.com\\\/es\\\/\",\"name\":\"Intrasenze\",\"description\":\"Intrasenze\",\"potentialAction\":[{\"@type\":\"SearchAction\",\"target\":{\"@type\":\"EntryPoint\",\"urlTemplate\":\"https:\\\/\\\/intrasenze.com\\\/es\\\/?s={search_term_string}\"},\"query-input\":{\"@type\":\"PropertyValueSpecification\",\"valueRequired\":true,\"valueName\":\"search_term_string\"}}],\"inLanguage\":\"es\"}]}<\/script>\n<!-- \/ Yoast SEO plugin. -->","yoast_head_json":{"title":"Vigilantes de seguridad - Intrasenze","robots":{"index":"index","follow":"follow","max-snippet":"max-snippet:-1","max-image-preview":"max-image-preview:large","max-video-preview":"max-video-preview:-1"},"canonical":"https:\/\/intrasenze.com\/es\/clientes\/guardianes\/","og_locale":"es_ES","og_type":"article","og_title":"Vigilantes de seguridad - Intrasenze","og_url":"https:\/\/intrasenze.com\/es\/clientes\/guardianes\/","og_site_name":"Intrasenze","article_modified_time":"2024-06-16T10:38:14+00:00","og_image":[{"width":1200,"height":1200,"url":"https:\/\/intrasenze.com\/wp-content\/uploads\/2022\/11\/1200x1200-sociala-media-2.jpg","type":"image\/jpeg"}],"twitter_card":"summary_large_image","twitter_misc":{"Tiempo de lectura":"27 minutos"},"schema":{"@context":"https:\/\/schema.org","@graph":[{"@type":"WebPage","@id":"https:\/\/intrasenze.com\/es\/clientes\/guardianes\/","url":"https:\/\/intrasenze.com\/es\/clientes\/guardianes\/","name":"Vigilantes de seguridad - Intrasenze","isPartOf":{"@id":"https:\/\/intrasenze.com\/es\/#website"},"datePublished":"2023-04-14T10:07:52+00:00","dateModified":"2024-06-16T10:38:14+00:00","breadcrumb":{"@id":"https:\/\/intrasenze.com\/es\/clientes\/guardianes\/#breadcrumb"},"inLanguage":"es","potentialAction":[{"@type":"ReadAction","target":["https:\/\/intrasenze.com\/es\/clientes\/guardianes\/"]}]},{"@type":"BreadcrumbList","@id":"https:\/\/intrasenze.com\/es\/clientes\/guardianes\/#breadcrumb","itemListElement":[{"@type":"ListItem","position":1,"name":"Home","item":"https:\/\/intrasenze.com\/es\/"},{"@type":"ListItem","position":2,"name":"Clientes","item":"https:\/\/intrasenze.com\/es\/kunder\/"},{"@type":"ListItem","position":3,"name":"Vigilantes de seguridad"}]},{"@type":"WebSite","@id":"https:\/\/intrasenze.com\/es\/#website","url":"https:\/\/intrasenze.com\/es\/","name":"Intrasenze","description":"Intrasenze","potentialAction":[{"@type":"SearchAction","target":{"@type":"EntryPoint","urlTemplate":"https:\/\/intrasenze.com\/es\/?s={search_term_string}"},"query-input":{"@type":"PropertyValueSpecification","valueRequired":true,"valueName":"search_term_string"}}],"inLanguage":"es"}]}},"_links":{"self":[{"href":"https:\/\/intrasenze.com\/es\/wp-json\/wp\/v2\/pages\/3120","targetHints":{"allow":["GET"]}}],"collection":[{"href":"https:\/\/intrasenze.com\/es\/wp-json\/wp\/v2\/pages"}],"about":[{"href":"https:\/\/intrasenze.com\/es\/wp-json\/wp\/v2\/types\/page"}],"author":[{"embeddable":true,"href":"https:\/\/intrasenze.com\/es\/wp-json\/wp\/v2\/users\/1"}],"replies":[{"embeddable":true,"href":"https:\/\/intrasenze.com\/es\/wp-json\/wp\/v2\/comments?post=3120"}],"version-history":[{"count":16,"href":"https:\/\/intrasenze.com\/es\/wp-json\/wp\/v2\/pages\/3120\/revisions"}],"predecessor-version":[{"id":4568,"href":"https:\/\/intrasenze.com\/es\/wp-json\/wp\/v2\/pages\/3120\/revisions\/4568"}],"up":[{"embeddable":true,"href":"https:\/\/intrasenze.com\/es\/wp-json\/wp\/v2\/pages\/4396"}],"wp:attachment":[{"href":"https:\/\/intrasenze.com\/es\/wp-json\/wp\/v2\/media?parent=3120"}],"curies":[{"name":"wp","href":"https:\/\/api.w.org\/{rel}","templated":true}]}}