{"id":4413,"date":"2023-04-14T12:14:15","date_gmt":"2023-04-14T10:14:15","guid":{"rendered":"https:\/\/intrasenze.com\/clientes\/vigilancia-vecinal\/"},"modified":"2024-06-13T13:21:49","modified_gmt":"2024-06-13T11:21:49","slug":"vigilancia-vecinal","status":"publish","type":"page","link":"https:\/\/intrasenze.com\/es\/clientes\/vigilancia-vecinal\/","title":{"rendered":"Vigilancia vecinal"},"content":{"rendered":"<p><div class=\"fusion-fullwidth fullwidth-box fusion-builder-row-1 fusion-flex-container has-pattern-background has-mask-background fusion-parallax-none nonhundred-percent-fullwidth non-hundred-percent-height-scrolling lazyload\" style=\"--awb-border-radius-top-left:0px;--awb-border-radius-top-right:0px;--awb-border-radius-bottom-right:0px;--awb-border-radius-bottom-left:0px;--awb-padding-top:18%;--awb-min-height:65vh;--awb-min-height-small:40vh;--awb-background-image:linear-gradient(180deg, hsla(var(--awb-custom_color_1-h),var(--awb-custom_color_1-s),var(--awb-custom_color_1-l),calc(var(--awb-custom_color_1-a) - 20%)) 0%,rgba(255,255,255,0) 100%);;--awb-background-size:cover;--awb-flex-wrap:wrap;\" data-bg=\"https:\/\/intrasenze.com\/wp-content\/uploads\/2023\/07\/1800x1300-grannsamverkan2.jpg\" data-bg-gradient=\"linear-gradient(180deg, hsla(var(--awb-custom_color_1-h),var(--awb-custom_color_1-s),var(--awb-custom_color_1-l),calc(var(--awb-custom_color_1-a) - 20%)) 0%,rgba(255,255,255,0) 100%)\" ><div class=\"fusion-builder-row fusion-row fusion-flex-align-items-stretch fusion-flex-content-wrap\" style=\"max-width:calc( 1140px + 0px );margin-left: calc(-0px \/ 2 );margin-right: calc(-0px \/ 2 );\"><div class=\"fusion-layout-column fusion_builder_column fusion-builder-column-0 fusion_builder_column_1_1 1_1 fusion-flex-column fusion-flex-align-self-flex-start fusion-column-no-min-height fusion-animated\" style=\"--awb-padding-bottom:6%;--awb-bg-size:cover;--awb-width-large:100%;--awb-margin-top-large:0px;--awb-spacing-right-large:0px;--awb-margin-bottom-large:20px;--awb-spacing-left-large:0px;--awb-width-medium:100%;--awb-spacing-right-medium:0px;--awb-spacing-left-medium:0px;--awb-width-small:100%;--awb-spacing-right-small:0px;--awb-spacing-left-small:0px;\" data-animationType=\"fadeInDown\" data-animationDuration=\"1.0\" data-animationOffset=\"top-into-view\"><div class=\"fusion-column-wrapper fusion-column-has-shadow fusion-flex-justify-content-flex-start fusion-content-layout-column\"><div class=\"fusion-title title fusion-title-1 fusion-sep-none fusion-title-center fusion-title-text fusion-title-size-one\" style=\"--awb-margin-top-small:0px;--awb-margin-right-small:0px;--awb-margin-bottom-small:20px;--awb-margin-left-small:0px;\"><h1 class=\"fusion-title-heading title-heading-center fusion-responsive-typography-calculated\" style=\"margin:0;--fontSize:40;line-height:var(--awb-typography1-line-height);\"><p>Intrasenze y vigilancia vecinal<br \/>\n<span style=\"font-size: 30px;\">Aumenta la seguridad en tu vecindario<\/span><\/p><\/h1><\/div><\/div><\/div><\/div><\/div><div class=\"fusion-fullwidth fullwidth-box fusion-builder-row-2 fusion-flex-container has-pattern-background has-mask-background hundred-percent-fullwidth non-hundred-percent-height-scrolling\" style=\"--awb-border-radius-top-left:0px;--awb-border-radius-top-right:0px;--awb-border-radius-bottom-right:0px;--awb-border-radius-bottom-left:0px;--awb-padding-top:0px;--awb-padding-right:0px;--awb-padding-bottom:0px;--awb-padding-left:0px;--awb-background-color:var(--awb-color3);--awb-flex-wrap:wrap;\" ><div class=\"fusion-builder-row fusion-row fusion-flex-align-items-stretch fusion-flex-justify-content-center fusion-flex-content-wrap\" style=\"width:104% !important;max-width:104% !important;margin-left: calc(-4% \/ 2 );margin-right: calc(-4% \/ 2 );\"><div class=\"fusion-layout-column fusion_builder_column fusion-builder-column-1 fusion_builder_column_2_3 2_3 fusion-flex-column fusion-animated\" style=\"--awb-padding-top:20px;--awb-padding-right:40px;--awb-padding-left:60px;--awb-bg-size:cover;--awb-border-color:hsla(var(--awb-color1-h),var(--awb-color1-s),var(--awb-color1-l),calc( var(--awb-color1-a) - 80% ));--awb-border-style:solid;--awb-width-large:66.666666666667%;--awb-margin-top-large:0px;--awb-spacing-right-large:0px;--awb-margin-bottom-large:0px;--awb-spacing-left-large:0px;--awb-width-medium:100%;--awb-order-medium:0;--awb-spacing-right-medium:1.92%;--awb-spacing-left-medium:1.92%;--awb-width-small:100%;--awb-order-small:0;--awb-spacing-right-small:1.92%;--awb-spacing-left-small:1.92%;\" data-animationType=\"fadeInLeft\" data-animationDuration=\"1.0\" data-animationOffset=\"top-into-view\"><div class=\"fusion-column-wrapper fusion-column-has-shadow fusion-flex-justify-content-flex-start fusion-content-layout-column\"><div class=\"fusion-title title fusion-title-2 fusion-sep-none fusion-title-center fusion-title-text fusion-title-size-two\" style=\"--awb-text-color:var(--awb-color5);--awb-margin-top-small:0px;--awb-margin-right-small:0px;--awb-margin-bottom-small:20px;--awb-margin-left-small:0px;\"><h2 class=\"fusion-title-heading title-heading-center fusion-responsive-typography-calculated\" style=\"font-family:var(--awb-typography1-font-family);font-weight:var(--awb-typography1-font-weight);font-style:var(--awb-typography1-font-style);margin:0;text-transform:none;--fontSize:30;line-height:var(--awb-typography1-line-height);\">Seguridad para la familia y los vecinos<\/h2><\/div><\/div><\/div><\/div><\/div><div class=\"fusion-fullwidth fullwidth-box fusion-builder-row-3 fusion-flex-container has-pattern-background has-mask-background nonhundred-percent-fullwidth non-hundred-percent-height-scrolling\" style=\"--awb-border-radius-top-left:0px;--awb-border-radius-top-right:0px;--awb-border-radius-bottom-right:0px;--awb-border-radius-bottom-left:0px;--awb-padding-top:50px;--awb-padding-bottom:40px;--awb-flex-wrap:wrap;\" ><div class=\"fusion-builder-row fusion-row fusion-flex-align-items-flex-start fusion-flex-justify-content-center fusion-flex-content-wrap\" style=\"max-width:1185.6px;margin-left: calc(-4% \/ 2 );margin-right: calc(-4% \/ 2 );\"><div class=\"fusion-layout-column fusion_builder_column fusion-builder-column-2 fusion_builder_column_1_1 1_1 fusion-flex-column\" style=\"--awb-bg-size:cover;--awb-width-large:100%;--awb-margin-top-large:0px;--awb-spacing-right-large:1.92%;--awb-margin-bottom-large:20px;--awb-spacing-left-large:1.92%;--awb-width-medium:100%;--awb-order-medium:0;--awb-spacing-right-medium:1.92%;--awb-spacing-left-medium:1.92%;--awb-width-small:100%;--awb-order-small:0;--awb-spacing-right-small:1.92%;--awb-spacing-left-small:1.92%;\"><div class=\"fusion-column-wrapper fusion-column-has-shadow fusion-flex-justify-content-flex-start fusion-content-layout-column\"><div class=\"fusion-title title fusion-title-3 fusion-sep-none fusion-title-text fusion-title-size-two\" style=\"--awb-text-color:var(--awb-custom_color_2);--awb-margin-top-small:0px;--awb-margin-right-small:0px;--awb-margin-bottom-small:20px;--awb-margin-left-small:0px;\"><h2 class=\"fusion-title-heading title-heading-left fusion-responsive-typography-calculated\" style=\"margin:0;--fontSize:30;line-height:var(--awb-typography1-line-height);\">Un sistema de alarma y comunicaci\u00f3n dirigido por el usuario &#8211; Aplicaci\u00f3n de alarma gratuita<\/h2><\/div><\/div><\/div><div class=\"fusion-layout-column fusion_builder_column fusion-builder-column-3 fusion_builder_column_1_2 1_2 fusion-flex-column\" style=\"--awb-bg-size:cover;--awb-width-large:50%;--awb-margin-top-large:0px;--awb-spacing-right-large:3.84%;--awb-margin-bottom-large:20px;--awb-spacing-left-large:3.84%;--awb-width-medium:100%;--awb-order-medium:0;--awb-spacing-right-medium:1.92%;--awb-spacing-left-medium:1.92%;--awb-width-small:100%;--awb-order-small:0;--awb-spacing-right-small:1.92%;--awb-spacing-left-small:1.92%;\" data-scroll-devices=\"small-visibility,medium-visibility,large-visibility\"><div class=\"fusion-column-wrapper fusion-column-has-shadow fusion-flex-justify-content-flex-start fusion-content-layout-column\"><div class=\"fusion-text fusion-text-1\" style=\"--awb-text-color:var(--awb-color5);\"><p>El objetivo de la vigilancia vecinal es hacer m\u00e1s atractivas las zonas residenciales reduciendo la delincuencia. El m\u00e9todo se puede medir tanto en personas m\u00e1s seguras como en el aumento del valor de la propiedad. Nuestra soluci\u00f3n puede ser utilizada por los vecinos de una zona residencial o de negocios, dentro y alrededor de un centro comercial u otra zona geogr\u00e1fica local, como un evento, un concierto o un lugar de reuni\u00f3n.  <\/p>\n<p>La United Action Network (Red de Acci\u00f3n Unida) es una comunidad mundial que se comunica a trav\u00e9s de la aplicaci\u00f3n UAN-Safe. Inst\u00e1lala desde AppStore o Google Play y registra tu cuenta gratuitamente en la aplicaci\u00f3n. Ahora formas parte de UAN-Safe y puedes crear redes a las que invitas a familiares, amigos y vecinos. Ahora puedes enviar y recibir alarmas r\u00e1pida y f\u00e1cilmente con tus seres queridos.<\/p>\n<\/div><\/div><\/div><div class=\"fusion-layout-column fusion_builder_column fusion-builder-column-4 fusion_builder_column_1_2 1_2 fusion-flex-column\" style=\"--awb-bg-size:cover;--awb-width-large:50%;--awb-margin-top-large:0px;--awb-spacing-right-large:3.84%;--awb-margin-bottom-large:20px;--awb-spacing-left-large:3.84%;--awb-width-medium:100%;--awb-order-medium:0;--awb-spacing-right-medium:1.92%;--awb-spacing-left-medium:1.92%;--awb-width-small:100%;--awb-order-small:0;--awb-spacing-right-small:1.92%;--awb-spacing-left-small:1.92%;\"><div class=\"fusion-column-wrapper fusion-column-has-shadow fusion-flex-justify-content-flex-start fusion-content-layout-column\"><div class=\"fusion-text fusion-text-2\" style=\"--awb-text-color:var(--awb-color5);\"><p>Con s\u00f3lo pulsar un bot\u00f3n, puedes avisar al 112 o a nuestra receptora de alarmas, as\u00ed como a familiares y vecinos. Al mismo tiempo o por separado. Todos ver\u00e1n tu posici\u00f3n y podr\u00e1n ayudarte r\u00e1pidamente.  <\/p>\n<p>A UAN-Safe puedes conectar f\u00e1cilmente pulsadores de alarma port\u00e1tiles, como alarmas personales y de asalto. A trav\u00e9s de nuestro router de seguridad, tambi\u00e9n puedes conectar alarmas antirrobo y antiincendios locales. Con UAN-Safe, tienes integraciones posibles tanto con centrales de alarma, como con guardias y el 112.  <\/p>\n<p>La licencia de UAN-Safe es gratuita y el servicio b\u00e1sico tambi\u00e9n. T\u00fa eliges qu\u00e9 suscripci\u00f3n quieres. Nuestro objetivo es que todo el mundo se sienta seguro y reciba ayuda cuando la necesite.  <\/p>\n<p>Ponte en contacto con nosotros para obtener m\u00e1s informaci\u00f3n y una demostraci\u00f3n gratuita en info@intrasenze.com.<\/p>\n<\/div><\/div><\/div><\/div><\/div><div class=\"fusion-fullwidth fullwidth-box fusion-builder-row-4 fusion-flex-container has-pattern-background has-mask-background fusion-parallax-fixed nonhundred-percent-fullwidth non-hundred-percent-height-scrolling lazyload\" style=\"--awb-border-radius-top-left:0px;--awb-border-radius-top-right:0px;--awb-border-radius-bottom-right:0px;--awb-border-radius-bottom-left:0px;--awb-padding-top:50px;--awb-padding-bottom:40px;--awb-background-size:cover;--awb-flex-wrap:wrap;background-attachment:fixed;\" data-bg=\"https:\/\/intrasenze.com\/wp-content\/uploads\/2023\/07\/1800x1300-grannsamverkan1.jpg\" ><div class=\"fusion-builder-row fusion-row fusion-flex-align-items-flex-start fusion-flex-justify-content-center fusion-flex-content-wrap\" style=\"max-width:1185.6px;margin-left: calc(-4% \/ 2 );margin-right: calc(-4% \/ 2 );\"><div class=\"fusion-layout-column fusion_builder_column fusion-builder-column-5 fusion_builder_column_4_5 4_5 fusion-flex-column\" style=\"--awb-padding-top:30px;--awb-padding-right:30px;--awb-padding-bottom:30px;--awb-padding-left:30px;--awb-bg-color:hsla(var(--awb-color1-h),var(--awb-color1-s),var(--awb-color1-l),calc(var(--awb-color1-a) - 15%));--awb-bg-color-hover:hsla(var(--awb-color1-h),var(--awb-color1-s),var(--awb-color1-l),calc(var(--awb-color1-a) - 15%));--awb-bg-size:cover;--awb-width-large:80%;--awb-margin-top-large:0px;--awb-spacing-right-large:2.4%;--awb-margin-bottom-large:20px;--awb-spacing-left-large:2.4%;--awb-width-medium:100%;--awb-order-medium:0;--awb-spacing-right-medium:1.92%;--awb-spacing-left-medium:1.92%;--awb-width-small:100%;--awb-order-small:0;--awb-spacing-right-small:1.92%;--awb-spacing-left-small:1.92%;\" data-scroll-devices=\"small-visibility,medium-visibility,large-visibility\"><div class=\"fusion-column-wrapper fusion-column-has-shadow fusion-flex-justify-content-flex-start fusion-content-layout-column\"><ul style=\"--awb-iconcolor:var(--awb-custom_color_1);--awb-textcolor:var(--awb-color5);--awb-line-height:34px;--awb-icon-width:34px;--awb-icon-height:34px;--awb-icon-margin:14px;--awb-content-margin:48px;\" class=\"fusion-checklist fusion-checklist-1 fusion-checklist-default type-icons\"><li class=\"fusion-li-item\" style=\"\"><span class=\"icon-wrapper circle-no\"><i class=\"fusion-li-icon awb-icon-check\" aria-hidden=\"true\"><\/i><\/span><div class=\"fusion-li-item-content\">\n<p>SEGURO<br \/>\nCon una licencia gratuita, todos los vecinos pueden conectarse y participar.<\/p>\n<\/div><\/li><li class=\"fusion-li-item\" style=\"\"><span class=\"icon-wrapper circle-no\"><i class=\"fusion-li-icon awb-icon-check\" aria-hidden=\"true\"><\/i><\/span><div class=\"fusion-li-item-content\">\n<p>SEGURO<br \/>\nComo cliente, eres due\u00f1o de tus propios datos y de tu soluci\u00f3n. Si necesitas ayuda, estamos aqu\u00ed.<\/p>\n<\/div><\/li><li class=\"fusion-li-item\" style=\"\"><span class=\"icon-wrapper circle-no\"><i class=\"fusion-li-icon awb-icon-check\" aria-hidden=\"true\"><\/i><\/span><div class=\"fusion-li-item-content\">\n<p>ALERTA A TUS VECINOS &#8211; CONSIGUE AYUDA R\u00c1PIDAMENTE<br \/>\nCuando activas una alarma en tu red, todos los miembros de la red ven lo que ocurre y pueden acudir en tu ayuda. Sin coste alguno.<\/p>\n<\/div><\/li><li class=\"fusion-li-item\" style=\"\"><span class=\"icon-wrapper circle-no\"><i class=\"fusion-li-icon awb-icon-check\" aria-hidden=\"true\"><\/i><\/span><div class=\"fusion-li-item-content\">\n<p>LA LICENCIA SIEMPRE ES GRATUITA<br \/>\nTodo el mundo puede permit\u00edrselo gracias a la licencia gratuita<\/p>\n<\/div><\/li><li class=\"fusion-li-item\" style=\"\"><span class=\"icon-wrapper circle-no\"><i class=\"fusion-li-icon awb-icon-check\" aria-hidden=\"true\"><\/i><\/span><div class=\"fusion-li-item-content\">\n<p>VIENEN POCOS GUARDIAS DE SEGURIDAD &#8211; POR SUPUESTO SIEMPRE 112<br \/>\nAumentando tu suscripci\u00f3n, t\u00fa y tus vecinos podr\u00e9is incluir el servicio de vigilancia. Por supuesto, tienes el servicio 112 en tu tel\u00e9fono m\u00f3vil y en tu ordenador.<\/p>\n<\/div><\/li><\/ul><\/div><\/div><\/div><\/div><\/p>\n","protected":false},"excerpt":{"rendered":"","protected":false},"author":1,"featured_media":0,"parent":4396,"menu_order":0,"comment_status":"closed","ping_status":"closed","template":"100-width.php","meta":{"footnotes":""},"class_list":["post-4413","page","type-page","status-publish","hentry"],"yoast_head":"<!-- This site is optimized with the Yoast SEO plugin v27.3 - https:\/\/yoast.com\/product\/yoast-seo-wordpress\/ -->\n<title>Vigilancia vecinal - Intrasenze<\/title>\n<meta name=\"robots\" content=\"index, follow, max-snippet:-1, max-image-preview:large, max-video-preview:-1\" \/>\n<link rel=\"canonical\" href=\"https:\/\/intrasenze.com\/es\/clientes\/vigilancia-vecinal\/\" \/>\n<meta property=\"og:locale\" content=\"es_ES\" \/>\n<meta property=\"og:type\" content=\"article\" \/>\n<meta property=\"og:title\" content=\"Vigilancia vecinal - Intrasenze\" \/>\n<meta property=\"og:url\" content=\"https:\/\/intrasenze.com\/es\/clientes\/vigilancia-vecinal\/\" \/>\n<meta property=\"og:site_name\" content=\"Intrasenze\" \/>\n<meta property=\"article:modified_time\" content=\"2024-06-13T11:21:49+00:00\" \/>\n<meta property=\"og:image\" content=\"https:\/\/intrasenze.com\/wp-content\/uploads\/2022\/11\/1200x1200-sociala-media-2.jpg\" \/>\n\t<meta property=\"og:image:width\" content=\"1200\" \/>\n\t<meta property=\"og:image:height\" content=\"1200\" \/>\n\t<meta property=\"og:image:type\" content=\"image\/jpeg\" \/>\n<meta name=\"twitter:card\" content=\"summary_large_image\" \/>\n<meta name=\"twitter:label1\" content=\"Tiempo de lectura\" \/>\n\t<meta name=\"twitter:data1\" content=\"26 minutos\" \/>\n<script type=\"application\/ld+json\" class=\"yoast-schema-graph\">{\"@context\":\"https:\\\/\\\/schema.org\",\"@graph\":[{\"@type\":\"WebPage\",\"@id\":\"https:\\\/\\\/intrasenze.com\\\/es\\\/clientes\\\/vigilancia-vecinal\\\/\",\"url\":\"https:\\\/\\\/intrasenze.com\\\/es\\\/clientes\\\/vigilancia-vecinal\\\/\",\"name\":\"Vigilancia vecinal - Intrasenze\",\"isPartOf\":{\"@id\":\"https:\\\/\\\/intrasenze.com\\\/es\\\/#website\"},\"datePublished\":\"2023-04-14T10:14:15+00:00\",\"dateModified\":\"2024-06-13T11:21:49+00:00\",\"breadcrumb\":{\"@id\":\"https:\\\/\\\/intrasenze.com\\\/es\\\/clientes\\\/vigilancia-vecinal\\\/#breadcrumb\"},\"inLanguage\":\"es\",\"potentialAction\":[{\"@type\":\"ReadAction\",\"target\":[\"https:\\\/\\\/intrasenze.com\\\/es\\\/clientes\\\/vigilancia-vecinal\\\/\"]}]},{\"@type\":\"BreadcrumbList\",\"@id\":\"https:\\\/\\\/intrasenze.com\\\/es\\\/clientes\\\/vigilancia-vecinal\\\/#breadcrumb\",\"itemListElement\":[{\"@type\":\"ListItem\",\"position\":1,\"name\":\"Home\",\"item\":\"https:\\\/\\\/intrasenze.com\\\/es\\\/\"},{\"@type\":\"ListItem\",\"position\":2,\"name\":\"Clientes\",\"item\":\"https:\\\/\\\/intrasenze.com\\\/es\\\/kunder\\\/\"},{\"@type\":\"ListItem\",\"position\":3,\"name\":\"Vigilancia vecinal\"}]},{\"@type\":\"WebSite\",\"@id\":\"https:\\\/\\\/intrasenze.com\\\/es\\\/#website\",\"url\":\"https:\\\/\\\/intrasenze.com\\\/es\\\/\",\"name\":\"Intrasenze\",\"description\":\"Intrasenze\",\"potentialAction\":[{\"@type\":\"SearchAction\",\"target\":{\"@type\":\"EntryPoint\",\"urlTemplate\":\"https:\\\/\\\/intrasenze.com\\\/es\\\/?s={search_term_string}\"},\"query-input\":{\"@type\":\"PropertyValueSpecification\",\"valueRequired\":true,\"valueName\":\"search_term_string\"}}],\"inLanguage\":\"es\"}]}<\/script>\n<!-- \/ Yoast SEO plugin. -->","yoast_head_json":{"title":"Vigilancia vecinal - Intrasenze","robots":{"index":"index","follow":"follow","max-snippet":"max-snippet:-1","max-image-preview":"max-image-preview:large","max-video-preview":"max-video-preview:-1"},"canonical":"https:\/\/intrasenze.com\/es\/clientes\/vigilancia-vecinal\/","og_locale":"es_ES","og_type":"article","og_title":"Vigilancia vecinal - Intrasenze","og_url":"https:\/\/intrasenze.com\/es\/clientes\/vigilancia-vecinal\/","og_site_name":"Intrasenze","article_modified_time":"2024-06-13T11:21:49+00:00","og_image":[{"width":1200,"height":1200,"url":"https:\/\/intrasenze.com\/wp-content\/uploads\/2022\/11\/1200x1200-sociala-media-2.jpg","type":"image\/jpeg"}],"twitter_card":"summary_large_image","twitter_misc":{"Tiempo de lectura":"26 minutos"},"schema":{"@context":"https:\/\/schema.org","@graph":[{"@type":"WebPage","@id":"https:\/\/intrasenze.com\/es\/clientes\/vigilancia-vecinal\/","url":"https:\/\/intrasenze.com\/es\/clientes\/vigilancia-vecinal\/","name":"Vigilancia vecinal - Intrasenze","isPartOf":{"@id":"https:\/\/intrasenze.com\/es\/#website"},"datePublished":"2023-04-14T10:14:15+00:00","dateModified":"2024-06-13T11:21:49+00:00","breadcrumb":{"@id":"https:\/\/intrasenze.com\/es\/clientes\/vigilancia-vecinal\/#breadcrumb"},"inLanguage":"es","potentialAction":[{"@type":"ReadAction","target":["https:\/\/intrasenze.com\/es\/clientes\/vigilancia-vecinal\/"]}]},{"@type":"BreadcrumbList","@id":"https:\/\/intrasenze.com\/es\/clientes\/vigilancia-vecinal\/#breadcrumb","itemListElement":[{"@type":"ListItem","position":1,"name":"Home","item":"https:\/\/intrasenze.com\/es\/"},{"@type":"ListItem","position":2,"name":"Clientes","item":"https:\/\/intrasenze.com\/es\/kunder\/"},{"@type":"ListItem","position":3,"name":"Vigilancia vecinal"}]},{"@type":"WebSite","@id":"https:\/\/intrasenze.com\/es\/#website","url":"https:\/\/intrasenze.com\/es\/","name":"Intrasenze","description":"Intrasenze","potentialAction":[{"@type":"SearchAction","target":{"@type":"EntryPoint","urlTemplate":"https:\/\/intrasenze.com\/es\/?s={search_term_string}"},"query-input":{"@type":"PropertyValueSpecification","valueRequired":true,"valueName":"search_term_string"}}],"inLanguage":"es"}]}},"_links":{"self":[{"href":"https:\/\/intrasenze.com\/es\/wp-json\/wp\/v2\/pages\/4413","targetHints":{"allow":["GET"]}}],"collection":[{"href":"https:\/\/intrasenze.com\/es\/wp-json\/wp\/v2\/pages"}],"about":[{"href":"https:\/\/intrasenze.com\/es\/wp-json\/wp\/v2\/types\/page"}],"author":[{"embeddable":true,"href":"https:\/\/intrasenze.com\/es\/wp-json\/wp\/v2\/users\/1"}],"replies":[{"embeddable":true,"href":"https:\/\/intrasenze.com\/es\/wp-json\/wp\/v2\/comments?post=4413"}],"version-history":[{"count":2,"href":"https:\/\/intrasenze.com\/es\/wp-json\/wp\/v2\/pages\/4413\/revisions"}],"predecessor-version":[{"id":4415,"href":"https:\/\/intrasenze.com\/es\/wp-json\/wp\/v2\/pages\/4413\/revisions\/4415"}],"up":[{"embeddable":true,"href":"https:\/\/intrasenze.com\/es\/wp-json\/wp\/v2\/pages\/4396"}],"wp:attachment":[{"href":"https:\/\/intrasenze.com\/es\/wp-json\/wp\/v2\/media?parent=4413"}],"curies":[{"name":"wp","href":"https:\/\/api.w.org\/{rel}","templated":true}]}}