{"id":4455,"date":"2023-05-15T21:51:59","date_gmt":"2023-05-15T19:51:59","guid":{"rendered":"https:\/\/intrasenze.com\/suscripciones\/"},"modified":"2024-06-15T18:14:48","modified_gmt":"2024-06-15T16:14:48","slug":"suscripciones","status":"publish","type":"page","link":"https:\/\/intrasenze.com\/es\/suscripciones\/","title":{"rendered":"Suscripciones"},"content":{"rendered":"<p><div class=\"fusion-fullwidth fullwidth-box fusion-builder-row-1 fusion-flex-container has-pattern-background has-mask-background fusion-parallax-none nonhundred-percent-fullwidth non-hundred-percent-height-scrolling lazyload\" style=\"--awb-border-radius-top-left:0px;--awb-border-radius-top-right:0px;--awb-border-radius-bottom-right:0px;--awb-border-radius-bottom-left:0px;--awb-padding-top:18%;--awb-min-height:40vh;--awb-background-image:linear-gradient(180deg, hsla(var(--awb-color5-h),var(--awb-color5-s),var(--awb-color5-l),calc(var(--awb-color5-a) - 20%)) 0%,rgba(255,255,255,0) 100%);;--awb-background-size:cover;--awb-flex-wrap:wrap;\" data-bg=\"https:\/\/intrasenze.com\/wp-content\/uploads\/2022\/09\/1800x1300-intrasenze-roundabout.jpg\" data-bg-gradient=\"linear-gradient(180deg, hsla(var(--awb-color5-h),var(--awb-color5-s),var(--awb-color5-l),calc(var(--awb-color5-a) - 20%)) 0%,rgba(255,255,255,0) 100%)\" ><div class=\"fusion-builder-row fusion-row fusion-flex-align-items-stretch fusion-flex-content-wrap\" style=\"max-width:calc( 1140px + 0px );margin-left: calc(-0px \/ 2 );margin-right: calc(-0px \/ 2 );\"><div class=\"fusion-layout-column fusion_builder_column fusion-builder-column-0 fusion_builder_column_1_1 1_1 fusion-flex-column fusion-flex-align-self-flex-start fusion-column-no-min-height fusion-animated\" style=\"--awb-padding-bottom:6%;--awb-bg-size:cover;--awb-width-large:100%;--awb-margin-top-large:0px;--awb-spacing-right-large:0px;--awb-margin-bottom-large:20px;--awb-spacing-left-large:0px;--awb-width-medium:100%;--awb-spacing-right-medium:0px;--awb-spacing-left-medium:0px;--awb-width-small:100%;--awb-spacing-right-small:0px;--awb-spacing-left-small:0px;\" data-animationType=\"fadeInDown\" data-animationDuration=\"1.0\" data-animationOffset=\"top-into-view\"><div class=\"fusion-column-wrapper fusion-column-has-shadow fusion-flex-justify-content-flex-start fusion-content-layout-column\"><div class=\"fusion-title title fusion-title-1 fusion-sep-none fusion-title-center fusion-title-text fusion-title-size-one\" style=\"--awb-margin-top-small:0px;--awb-margin-right-small:0px;--awb-margin-bottom-small:20px;--awb-margin-left-small:0px;\"><h1 class=\"fusion-title-heading title-heading-center fusion-responsive-typography-calculated\" style=\"margin:0;--fontSize:40;line-height:var(--awb-typography1-line-height);\"><p>Suscripci\u00f3n<br \/>\n<span style=\"font-size: 30px;\">C\u00f3mo funciona<\/span><\/p><\/h1><\/div><\/div><\/div><\/div><\/div><div class=\"fusion-fullwidth fullwidth-box fusion-builder-row-2 fusion-flex-container has-pattern-background has-mask-background nonhundred-percent-fullwidth non-hundred-percent-height-scrolling\" style=\"--link_hover_color: var(--awb-color4);--link_color: var(--awb-custom_color_1);--awb-border-radius-top-left:0px;--awb-border-radius-top-right:0px;--awb-border-radius-bottom-right:0px;--awb-border-radius-bottom-left:0px;--awb-padding-top:60px;--awb-background-color:var(--awb-custom_color_17);--awb-flex-wrap:wrap;\" ><div class=\"fusion-builder-row fusion-row fusion-flex-align-items-flex-start fusion-flex-content-wrap\" style=\"max-width:1185.6px;margin-left: calc(-4% \/ 2 );margin-right: calc(-4% \/ 2 );\"><div class=\"fusion-layout-column fusion_builder_column fusion-builder-column-1 fusion_builder_column_1_1 1_1 fusion-flex-column\" style=\"--awb-bg-size:cover;--awb-width-large:100%;--awb-margin-top-large:0px;--awb-spacing-right-large:1.92%;--awb-margin-bottom-large:20px;--awb-spacing-left-large:1.92%;--awb-width-medium:100%;--awb-order-medium:0;--awb-spacing-right-medium:1.92%;--awb-spacing-left-medium:1.92%;--awb-width-small:100%;--awb-order-small:0;--awb-spacing-right-small:1.92%;--awb-spacing-left-small:1.92%;\"><div class=\"fusion-column-wrapper fusion-column-has-shadow fusion-flex-justify-content-flex-start fusion-content-layout-column\"><div class=\"fusion-title title fusion-title-2 fusion-sep-none fusion-title-text fusion-title-size-two\" style=\"--awb-text-color:var(--awb-color4);--awb-margin-top-small:0px;--awb-margin-right-small:0px;--awb-margin-bottom-small:20px;--awb-margin-left-small:0px;\"><h2 class=\"fusion-title-heading title-heading-left fusion-responsive-typography-calculated\" style=\"margin:0;--fontSize:30;line-height:var(--awb-typography1-line-height);\">Afiliaci\u00f3n a UAN-Safe en tu tel\u00e9fono m\u00f3vil<\/h2><\/div><div class=\"fusion-text fusion-text-1\" style=\"--awb-text-color:var(--awb-color6);\"><p>La aplicaci\u00f3n m\u00f3vil UAN-Safe es de instalaci\u00f3n y uso gratuitos. En la Comunidad UAN-Safe, los usuarios pueden suscribirse a diferentes membres\u00edas. Se actualiza f\u00e1cilmente en Google Play o en la App Store. UAN-Safe est\u00e1 formado por grupos de personas y alarmas t\u00e9cnicas, llamados redes. Hay 3 tipos diferentes de redes, Privadas, Abiertas y P\u00fablicas. Las Privadas son s\u00f3lo privadas para un grupo de personas invitadas. A las Abiertas puedes pedir que te inviten y en las P\u00fablicas simplemente puedes elegir unirte. Todas las redes se basan en una ubicaci\u00f3n geogr\u00e1fica. Puedes crear y seguir redes, aunque te encuentres en una ubicaci\u00f3n diferente. Puedes integrarte en diferentes redes dependiendo de la afiliaci\u00f3n que hayas elegido. A continuaci\u00f3n puedes ver las afiliaciones que puedes elegir.  <\/p>\n<p>MINI: Completamente gratuito. MINI puede utilizar la mayor\u00eda de las funciones de UAN-Safe, como explorar la vista de mapa, leer noticias, comentar, crear alertas y notificaciones de red. MINI puede unirse a cualquier n\u00famero de redes p\u00fablicas, pero est\u00e1 limitado a crear o unirse a 1 red p\u00fablica y 1 red privada.  <\/p>\n<p>MEDI: Crea 5 redes p\u00fablicas, 5 abiertas, 5 privadas y \u00fanete a 5 redes abiertas, 5 privadas. 10\u20ac\/mes* incluyendo todas las ventajas MINI. <\/p>\n<p>MAXI: Crea y \u00fanete a redes ilimitadas y personaliza tu configuraci\u00f3n. 19 \u20ac\/mes*, incluidas todas las ventajas MEDI. <\/p>\n<p>MEGA: Adem\u00e1s de todas las ventajas MAXI, MEGA puede personalizar la configuraci\u00f3n del centro de alertas. 49\u20ac\/mes* incluyendo todas las ventajas MAXI. <\/p>\n<p>MACRO: A\u00f1ade dispositivos, controla y gestiona un n\u00famero ilimitado de sistemas de alerta, c\u00e1maras y otros dispositivos. 99 \u20ac\/mes*, incluidas todas las ventajas de MEGA. <\/p>\n<p>Todas las suscripciones son mensuales y el pago lo gestiona App Store\/GooglePlay con la cuenta del usuario.<\/p>\n<p>El pago del primer mes se cargar\u00e1 en la cuenta del App Store tras la confirmaci\u00f3n de la compra. Los que compren por primera vez tendr\u00e1n un periodo de prueba gratuito de 30 d\u00edas. La suscripci\u00f3n se renueva autom\u00e1ticamente cada mes a menos que se desactive la renovaci\u00f3n autom\u00e1tica al menos 24 horas antes de que finalice el periodo actual. La renovaci\u00f3n autom\u00e1tica s\u00f3lo puede desactivarse desde la App Store, no dentro de la aplicaci\u00f3n, seg\u00fan la pol\u00edtica de Apple. Una vez desactivada la renovaci\u00f3n autom\u00e1tica, la suscripci\u00f3n sigue siendo v\u00e1lida y el usuario tiene el mismo acceso hasta el final del periodo actual.<br \/>\nLa suscripci\u00f3n est\u00e1 vinculada a la cuenta de usuario de UAN-Safe, no al dispositivo. Una vez que el usuario se suscribe, puede utilizar la cuenta UAN-Safe en cualquier dispositivo en el que est\u00e9 disponible la aplicaci\u00f3n m\u00f3vil UAN-Safe con el mismo acceso de miembro.<br \/>\nLa renovaci\u00f3n se cargar\u00e1 en la cuenta en un plazo de 24 horas antes de que finalice el periodo actual y se indicar\u00e1 el coste de la renovaci\u00f3n. Las suscripciones pueden ser ampliadas o reducidas por el usuario en cualquier momento. El usuario recibir\u00e1 un reembolso por el tiempo restante de la suscripci\u00f3n actual. El pago de la nueva suscripci\u00f3n se cargar\u00e1 inmediatamente, y la nueva suscripci\u00f3n entrar\u00e1 en vigor de inmediato. Todos los precios incluyen el IVA (o precios equivalentes en otras monedas).<\/p>\n<p>Lee nuestra pol\u00edtica de privacidad: <a href=\"https:\/\/intrasenze.com\/es\/politica-de-privacidad\/\">https:\/\/intrasenze.com\/es\/politica-de-privacidad\/<\/a><br \/>\nLee nuestras condiciones de uso: <a href=\"https:\/\/intrasenze.com\/es\/condiciones-de-uso\/\">https:\/\/intrasenze.com\/es\/condiciones-de-uso\/<\/a><\/p>\n<\/div><\/div><\/div><\/div><\/div><\/p>\n","protected":false},"excerpt":{"rendered":"","protected":false},"author":1,"featured_media":3158,"parent":0,"menu_order":0,"comment_status":"closed","ping_status":"closed","template":"100-width.php","meta":{"footnotes":""},"class_list":["post-4455","page","type-page","status-publish","has-post-thumbnail","hentry"],"yoast_head":"<!-- This site is optimized with the Yoast SEO plugin v27.4 - https:\/\/yoast.com\/product\/yoast-seo-wordpress\/ -->\n<title>Suscripciones - Intrasenze<\/title>\n<meta name=\"robots\" content=\"index, follow, max-snippet:-1, max-image-preview:large, max-video-preview:-1\" \/>\n<link rel=\"canonical\" href=\"https:\/\/intrasenze.com\/es\/suscripciones\/\" \/>\n<meta property=\"og:locale\" content=\"es_ES\" \/>\n<meta property=\"og:type\" content=\"article\" \/>\n<meta property=\"og:title\" content=\"Suscripciones - Intrasenze\" \/>\n<meta property=\"og:url\" content=\"https:\/\/intrasenze.com\/es\/suscripciones\/\" \/>\n<meta property=\"og:site_name\" content=\"Intrasenze\" \/>\n<meta property=\"article:modified_time\" content=\"2024-06-15T16:14:48+00:00\" \/>\n<meta property=\"og:image\" content=\"https:\/\/intrasenze.com\/wp-content\/uploads\/2022\/11\/1200x1200-sociala-media-3.jpg\" \/>\n\t<meta property=\"og:image:width\" content=\"1200\" \/>\n\t<meta property=\"og:image:height\" content=\"1200\" \/>\n\t<meta property=\"og:image:type\" content=\"image\/jpeg\" \/>\n<meta name=\"twitter:card\" content=\"summary_large_image\" \/>\n<meta name=\"twitter:label1\" content=\"Tiempo de lectura\" \/>\n\t<meta name=\"twitter:data1\" content=\"11 minutos\" \/>\n<script type=\"application\/ld+json\" class=\"yoast-schema-graph\">{\"@context\":\"https:\\\/\\\/schema.org\",\"@graph\":[{\"@type\":\"WebPage\",\"@id\":\"https:\\\/\\\/intrasenze.com\\\/es\\\/suscripciones\\\/\",\"url\":\"https:\\\/\\\/intrasenze.com\\\/es\\\/suscripciones\\\/\",\"name\":\"Suscripciones - Intrasenze\",\"isPartOf\":{\"@id\":\"https:\\\/\\\/intrasenze.com\\\/es\\\/#website\"},\"primaryImageOfPage\":{\"@id\":\"https:\\\/\\\/intrasenze.com\\\/es\\\/suscripciones\\\/#primaryimage\"},\"image\":{\"@id\":\"https:\\\/\\\/intrasenze.com\\\/es\\\/suscripciones\\\/#primaryimage\"},\"thumbnailUrl\":\"https:\\\/\\\/intrasenze.com\\\/wp-content\\\/uploads\\\/2022\\\/11\\\/1200x1200-sociala-media-3.jpg\",\"datePublished\":\"2023-05-15T19:51:59+00:00\",\"dateModified\":\"2024-06-15T16:14:48+00:00\",\"breadcrumb\":{\"@id\":\"https:\\\/\\\/intrasenze.com\\\/es\\\/suscripciones\\\/#breadcrumb\"},\"inLanguage\":\"es\",\"potentialAction\":[{\"@type\":\"ReadAction\",\"target\":[\"https:\\\/\\\/intrasenze.com\\\/es\\\/suscripciones\\\/\"]}]},{\"@type\":\"ImageObject\",\"inLanguage\":\"es\",\"@id\":\"https:\\\/\\\/intrasenze.com\\\/es\\\/suscripciones\\\/#primaryimage\",\"url\":\"https:\\\/\\\/intrasenze.com\\\/wp-content\\\/uploads\\\/2022\\\/11\\\/1200x1200-sociala-media-3.jpg\",\"contentUrl\":\"https:\\\/\\\/intrasenze.com\\\/wp-content\\\/uploads\\\/2022\\\/11\\\/1200x1200-sociala-media-3.jpg\",\"width\":1200,\"height\":1200},{\"@type\":\"BreadcrumbList\",\"@id\":\"https:\\\/\\\/intrasenze.com\\\/es\\\/suscripciones\\\/#breadcrumb\",\"itemListElement\":[{\"@type\":\"ListItem\",\"position\":1,\"name\":\"Home\",\"item\":\"https:\\\/\\\/intrasenze.com\\\/es\\\/\"},{\"@type\":\"ListItem\",\"position\":2,\"name\":\"Suscripciones\"}]},{\"@type\":\"WebSite\",\"@id\":\"https:\\\/\\\/intrasenze.com\\\/es\\\/#website\",\"url\":\"https:\\\/\\\/intrasenze.com\\\/es\\\/\",\"name\":\"Intrasenze\",\"description\":\"Intrasenze\",\"potentialAction\":[{\"@type\":\"SearchAction\",\"target\":{\"@type\":\"EntryPoint\",\"urlTemplate\":\"https:\\\/\\\/intrasenze.com\\\/es\\\/?s={search_term_string}\"},\"query-input\":{\"@type\":\"PropertyValueSpecification\",\"valueRequired\":true,\"valueName\":\"search_term_string\"}}],\"inLanguage\":\"es\"}]}<\/script>\n<!-- \/ Yoast SEO plugin. -->","yoast_head_json":{"title":"Suscripciones - Intrasenze","robots":{"index":"index","follow":"follow","max-snippet":"max-snippet:-1","max-image-preview":"max-image-preview:large","max-video-preview":"max-video-preview:-1"},"canonical":"https:\/\/intrasenze.com\/es\/suscripciones\/","og_locale":"es_ES","og_type":"article","og_title":"Suscripciones - Intrasenze","og_url":"https:\/\/intrasenze.com\/es\/suscripciones\/","og_site_name":"Intrasenze","article_modified_time":"2024-06-15T16:14:48+00:00","og_image":[{"width":1200,"height":1200,"url":"https:\/\/intrasenze.com\/wp-content\/uploads\/2022\/11\/1200x1200-sociala-media-3.jpg","type":"image\/jpeg"}],"twitter_card":"summary_large_image","twitter_misc":{"Tiempo de lectura":"11 minutos"},"schema":{"@context":"https:\/\/schema.org","@graph":[{"@type":"WebPage","@id":"https:\/\/intrasenze.com\/es\/suscripciones\/","url":"https:\/\/intrasenze.com\/es\/suscripciones\/","name":"Suscripciones - Intrasenze","isPartOf":{"@id":"https:\/\/intrasenze.com\/es\/#website"},"primaryImageOfPage":{"@id":"https:\/\/intrasenze.com\/es\/suscripciones\/#primaryimage"},"image":{"@id":"https:\/\/intrasenze.com\/es\/suscripciones\/#primaryimage"},"thumbnailUrl":"https:\/\/intrasenze.com\/wp-content\/uploads\/2022\/11\/1200x1200-sociala-media-3.jpg","datePublished":"2023-05-15T19:51:59+00:00","dateModified":"2024-06-15T16:14:48+00:00","breadcrumb":{"@id":"https:\/\/intrasenze.com\/es\/suscripciones\/#breadcrumb"},"inLanguage":"es","potentialAction":[{"@type":"ReadAction","target":["https:\/\/intrasenze.com\/es\/suscripciones\/"]}]},{"@type":"ImageObject","inLanguage":"es","@id":"https:\/\/intrasenze.com\/es\/suscripciones\/#primaryimage","url":"https:\/\/intrasenze.com\/wp-content\/uploads\/2022\/11\/1200x1200-sociala-media-3.jpg","contentUrl":"https:\/\/intrasenze.com\/wp-content\/uploads\/2022\/11\/1200x1200-sociala-media-3.jpg","width":1200,"height":1200},{"@type":"BreadcrumbList","@id":"https:\/\/intrasenze.com\/es\/suscripciones\/#breadcrumb","itemListElement":[{"@type":"ListItem","position":1,"name":"Home","item":"https:\/\/intrasenze.com\/es\/"},{"@type":"ListItem","position":2,"name":"Suscripciones"}]},{"@type":"WebSite","@id":"https:\/\/intrasenze.com\/es\/#website","url":"https:\/\/intrasenze.com\/es\/","name":"Intrasenze","description":"Intrasenze","potentialAction":[{"@type":"SearchAction","target":{"@type":"EntryPoint","urlTemplate":"https:\/\/intrasenze.com\/es\/?s={search_term_string}"},"query-input":{"@type":"PropertyValueSpecification","valueRequired":true,"valueName":"search_term_string"}}],"inLanguage":"es"}]}},"_links":{"self":[{"href":"https:\/\/intrasenze.com\/es\/wp-json\/wp\/v2\/pages\/4455","targetHints":{"allow":["GET"]}}],"collection":[{"href":"https:\/\/intrasenze.com\/es\/wp-json\/wp\/v2\/pages"}],"about":[{"href":"https:\/\/intrasenze.com\/es\/wp-json\/wp\/v2\/types\/page"}],"author":[{"embeddable":true,"href":"https:\/\/intrasenze.com\/es\/wp-json\/wp\/v2\/users\/1"}],"replies":[{"embeddable":true,"href":"https:\/\/intrasenze.com\/es\/wp-json\/wp\/v2\/comments?post=4455"}],"version-history":[{"count":11,"href":"https:\/\/intrasenze.com\/es\/wp-json\/wp\/v2\/pages\/4455\/revisions"}],"predecessor-version":[{"id":4522,"href":"https:\/\/intrasenze.com\/es\/wp-json\/wp\/v2\/pages\/4455\/revisions\/4522"}],"wp:featuredmedia":[{"embeddable":true,"href":"https:\/\/intrasenze.com\/es\/wp-json\/wp\/v2\/media\/3158"}],"wp:attachment":[{"href":"https:\/\/intrasenze.com\/es\/wp-json\/wp\/v2\/media?parent=4455"}],"curies":[{"name":"wp","href":"https:\/\/api.w.org\/{rel}","templated":true}]}}