{"id":4458,"date":"2022-09-26T12:47:20","date_gmt":"2022-09-26T10:47:20","guid":{"rendered":"https:\/\/intrasenze.com\/politica-de-privacidad\/"},"modified":"2025-10-31T15:50:32","modified_gmt":"2025-10-31T14:50:32","slug":"politica-de-privacidad","status":"publish","type":"page","link":"https:\/\/intrasenze.com\/es\/politica-de-privacidad\/","title":{"rendered":"Pol\u00edtica de privacidad"},"content":{"rendered":"<p><div class=\"fusion-fullwidth fullwidth-box fusion-builder-row-1 fusion-flex-container has-pattern-background has-mask-background fusion-parallax-none nonhundred-percent-fullwidth non-hundred-percent-height-scrolling lazyload\" style=\"--awb-border-radius-top-left:0px;--awb-border-radius-top-right:0px;--awb-border-radius-bottom-right:0px;--awb-border-radius-bottom-left:0px;--awb-padding-top:18%;--awb-min-height:40vh;--awb-background-image:linear-gradient(180deg, hsla(var(--awb-color5-h),var(--awb-color5-s),var(--awb-color5-l),calc(var(--awb-color5-a) - 20%)) 0%,rgba(255,255,255,0) 100%);;--awb-background-size:cover;--awb-flex-wrap:wrap;\" data-bg=\"https:\/\/intrasenze.com\/wp-content\/uploads\/2022\/09\/1800x1300-intrasenze-roundabout.jpg\" data-bg-gradient=\"linear-gradient(180deg, hsla(var(--awb-color5-h),var(--awb-color5-s),var(--awb-color5-l),calc(var(--awb-color5-a) - 20%)) 0%,rgba(255,255,255,0) 100%)\" ><div class=\"fusion-builder-row fusion-row fusion-flex-align-items-stretch fusion-flex-content-wrap\" style=\"max-width:calc( 1140px + 0px );margin-left: calc(-0px \/ 2 );margin-right: calc(-0px \/ 2 );\"><div class=\"fusion-layout-column fusion_builder_column fusion-builder-column-0 fusion_builder_column_1_1 1_1 fusion-flex-column fusion-flex-align-self-flex-start fusion-column-no-min-height fusion-animated\" style=\"--awb-padding-bottom:6%;--awb-bg-size:cover;--awb-width-large:100%;--awb-margin-top-large:0px;--awb-spacing-right-large:0px;--awb-margin-bottom-large:20px;--awb-spacing-left-large:0px;--awb-width-medium:100%;--awb-spacing-right-medium:0px;--awb-spacing-left-medium:0px;--awb-width-small:100%;--awb-spacing-right-small:0px;--awb-spacing-left-small:0px;\" data-animationType=\"fadeInDown\" data-animationDuration=\"1.0\" data-animationOffset=\"top-into-view\"><div class=\"fusion-column-wrapper fusion-column-has-shadow fusion-flex-justify-content-flex-start fusion-content-layout-column\"><div class=\"fusion-title title fusion-title-1 fusion-sep-none fusion-title-center fusion-title-text fusion-title-size-one\" style=\"--awb-margin-top-small:0px;--awb-margin-right-small:0px;--awb-margin-bottom-small:20px;--awb-margin-left-small:0px;\"><h1 class=\"fusion-title-heading title-heading-center fusion-responsive-typography-calculated\" style=\"margin:0;--fontSize:40;line-height:var(--awb-typography1-line-height);\">Pol\u00edtica de privacidad<\/h1><\/div><\/div><\/div><\/div><\/div><div class=\"fusion-fullwidth fullwidth-box fusion-builder-row-2 fusion-flex-container has-pattern-background has-mask-background nonhundred-percent-fullwidth non-hundred-percent-height-scrolling\" style=\"--link_hover_color: var(--awb-color4);--link_color: var(--awb-custom_color_1);--awb-border-radius-top-left:0px;--awb-border-radius-top-right:0px;--awb-border-radius-bottom-right:0px;--awb-border-radius-bottom-left:0px;--awb-padding-top:60px;--awb-background-color:var(--awb-custom_color_17);--awb-flex-wrap:wrap;\" ><div class=\"fusion-builder-row fusion-row fusion-flex-align-items-flex-start fusion-flex-content-wrap\" style=\"max-width:1185.6px;margin-left: calc(-4% \/ 2 );margin-right: calc(-4% \/ 2 );\"><div class=\"fusion-layout-column fusion_builder_column fusion-builder-column-1 fusion_builder_column_1_1 1_1 fusion-flex-column\" style=\"--awb-bg-size:cover;--awb-width-large:100%;--awb-margin-top-large:0px;--awb-spacing-right-large:1.92%;--awb-margin-bottom-large:20px;--awb-spacing-left-large:1.92%;--awb-width-medium:100%;--awb-order-medium:0;--awb-spacing-right-medium:1.92%;--awb-spacing-left-medium:1.92%;--awb-width-small:100%;--awb-order-small:0;--awb-spacing-right-small:1.92%;--awb-spacing-left-small:1.92%;\"><div class=\"fusion-column-wrapper fusion-column-has-shadow fusion-flex-justify-content-flex-start fusion-content-layout-column\"><div class=\"fusion-title title fusion-title-2 fusion-sep-none fusion-title-text fusion-title-size-two\" style=\"--awb-text-color:var(--awb-color4);--awb-margin-top-small:0px;--awb-margin-right-small:0px;--awb-margin-bottom-small:20px;--awb-margin-left-small:0px;\"><h2 class=\"fusion-title-heading title-heading-left fusion-responsive-typography-calculated\" style=\"margin:0;--fontSize:30;line-height:var(--awb-typography1-line-height);\">Pol\u00edtica de privacidad<\/h2><\/div><div class=\"fusion-text fusion-text-1\" style=\"--awb-text-color:var(--awb-color6);\"><p><em>\u00daltima actualizaci\u00f3n: 27 de octubre de 2025<\/em><\/p>\n<\/div><div class=\"fusion-text fusion-text-2\" style=\"--awb-text-color:var(--awb-color6);\"><p>Esta pol\u00edtica de privacidad describe c\u00f3mo Intrasenze Software AB (\u00abIntrasenze\u00bb, \u00abnosotros\u00bb, \u00abnos\u00bb) gestiona los datos personales y la informaci\u00f3n en relaci\u00f3n con el uso de la aplicaci\u00f3n UAN-Safe y nuestros servicios digitales.<\/p>\n<p>Nos preocupamos por su privacidad y queremos que se sienta segura al usar nuestras soluciones.<\/p>\n<p>Esta pol\u00edtica tambi\u00e9n describe sus derechos y c\u00f3mo puede ejercerlos.<\/p>\n<\/div><div class=\"fusion-title title fusion-title-3 fusion-sep-none fusion-title-text fusion-title-size-three\" style=\"--awb-text-color:var(--awb-color6);--awb-margin-top-small:0px;--awb-margin-right-small:0px;--awb-margin-bottom-small:20px;--awb-margin-left-small:0px;\"><h3 class=\"fusion-title-heading title-heading-left fusion-responsive-typography-calculated\" style=\"margin:0;--fontSize:22;--minFontSize:22;line-height:var(--awb-typography1-line-height);\">1. Responsable del tratamiento<\/h3><\/div><div class=\"fusion-text fusion-text-3\" style=\"--awb-text-color:var(--awb-color6);\"><p>Intrasenze Software AB<\/p>\n<p>N\u00famero de organizaci\u00f3n: 559055-3110<\/p>\n<p>Direcci\u00f3n: Box 55679, 102 15 Estocolmo, Suecia<\/p>\n<p>Correo electr\u00f3nico: <a href=\"mailto:privacy@intrasenze.com\">privacy@intrasenze.com<\/a><\/p>\n<\/div><div class=\"fusion-title title fusion-title-4 fusion-sep-none fusion-title-text fusion-title-size-three\" style=\"--awb-text-color:var(--awb-color6);--awb-margin-top-small:0px;--awb-margin-right-small:0px;--awb-margin-bottom-small:20px;--awb-margin-left-small:0px;\"><h3 class=\"fusion-title-heading title-heading-left fusion-responsive-typography-calculated\" style=\"margin:0;--fontSize:22;--minFontSize:22;line-height:var(--awb-typography1-line-height);\">2. Base legal para el tratamiento<\/h3><\/div><div class=\"fusion-text fusion-text-4\" style=\"--awb-text-color:var(--awb-color6);\"><p>Tratamos sus datos personales bas\u00e1ndonos en:<\/p>\n<ul>\n<li>Consentimiento \u2013 cuando usted ha dado su consentimiento expreso, por ejemplo al registrarse o usar la aplicaci\u00f3n.<\/li>\n<li>Contrato \u2013 cuando el tratamiento es necesario para prestarle nuestros servicios.<\/li>\n<li>Obligaci\u00f3n legal \u2013 cuando debemos cumplir con requisitos legales o decisiones de autoridades.<\/li>\n<li>Inter\u00e9s leg\u00edtimo \u2013 cuando el tratamiento es necesario para proteger nuestros intereses leg\u00edtimos, p. ej. para mejorar la seguridad y la calidad del servicio.<\/li>\n<\/ul>\n<\/div><div class=\"fusion-title title fusion-title-5 fusion-sep-none fusion-title-text fusion-title-size-three\" style=\"--awb-text-color:var(--awb-color6);--awb-margin-top-small:0px;--awb-margin-right-small:0px;--awb-margin-bottom-small:20px;--awb-margin-left-small:0px;\"><h3 class=\"fusion-title-heading title-heading-left fusion-responsive-typography-calculated\" style=\"margin:0;--fontSize:22;--minFontSize:22;line-height:var(--awb-typography1-line-height);\">3. Consentimiento<\/h3><\/div><div class=\"fusion-text fusion-text-5\" style=\"--awb-text-color:var(--awb-color6);\"><p>Al registrar una cuenta y\/o usar la aplicaci\u00f3n usted da su consentimiento expreso para el tratamiento conforme a esta pol\u00edtica.<\/p>\n<p>Puede retirar su consentimiento en cualquier momento desinstalando la aplicaci\u00f3n o contactando a <a href=\"mailto:privacy@intrasenze.com\">privacy@intrasenze.com<\/a>.<\/p>\n<\/div><div class=\"fusion-title title fusion-title-6 fusion-sep-none fusion-title-text fusion-title-size-three\" style=\"--awb-text-color:var(--awb-color6);--awb-margin-top-small:0px;--awb-margin-right-small:0px;--awb-margin-bottom-small:20px;--awb-margin-left-small:0px;\"><h3 class=\"fusion-title-heading title-heading-left fusion-responsive-typography-calculated\" style=\"margin:0;--fontSize:22;--minFontSize:22;line-height:var(--awb-typography1-line-height);\">4. Qu\u00e9 informaci\u00f3n se recopila<\/h3><\/div><div class=\"fusion-text fusion-text-6\" style=\"--awb-text-color:var(--awb-color6);\"><ul>\n<li>Datos de contacto (nombre, direcci\u00f3n de correo electr\u00f3nico, n\u00famero de tel\u00e9fono)<\/li>\n<li>Informaci\u00f3n del usuario (actividad, solicitudes de soporte, compras)<\/li>\n<li>Informaci\u00f3n t\u00e9cnica (dispositivo, sistema operativo, direcci\u00f3n IP, navegador)<\/li>\n<li>Informaci\u00f3n de localizaci\u00f3n, seg\u00fan lo descrito m\u00e1s abajo.<\/li>\n<\/ul>\n<\/div><div class=\"fusion-title title fusion-title-7 fusion-sep-none fusion-title-text fusion-title-size-three\" style=\"--awb-text-color:var(--awb-color6);--awb-margin-top-small:0px;--awb-margin-right-small:0px;--awb-margin-bottom-small:20px;--awb-margin-left-small:0px;\"><h3 class=\"fusion-title-heading title-heading-left fusion-responsive-typography-calculated\" style=\"margin:0;--fontSize:22;--minFontSize:22;line-height:var(--awb-typography1-line-height);\">5. Datos de localizaci\u00f3n<\/h3><\/div><div class=\"fusion-text fusion-text-7\" style=\"--awb-text-color:var(--awb-color6);\"><p>La aplicaci\u00f3n puede recopilar informaci\u00f3n sobre su ubicaci\u00f3n geogr\u00e1fica cuando se utiliza, con el fin de gestionar incidentes y asegurar que se tomen las medidas correctas.<\/p>\n<p>Los datos de localizaci\u00f3n se recopilan:<\/p>\n<ul>\n<li>cuando la aplicaci\u00f3n se utiliza, y<\/li>\n<li>durante un incidente en curso, hasta que finalice.<br \/>No hay seguimiento continuo cuando la aplicaci\u00f3n no est\u00e1 en uso.<\/li>\n<\/ul>\n<\/div><div class=\"fusion-title title fusion-title-8 fusion-sep-none fusion-title-text fusion-title-size-three\" style=\"--awb-text-color:var(--awb-color6);--awb-margin-top-small:0px;--awb-margin-right-small:0px;--awb-margin-bottom-small:20px;--awb-margin-left-small:0px;\"><h3 class=\"fusion-title-heading title-heading-left fusion-responsive-typography-calculated\" style=\"margin:0;--fontSize:22;--minFontSize:22;line-height:var(--awb-typography1-line-height);\">6. C\u00f3mo se usa la informaci\u00f3n<\/h3><\/div><div class=\"fusion-text fusion-text-8\" style=\"--awb-text-color:var(--awb-color6);\"><p>Utilizamos la informaci\u00f3n para:<\/p>\n<ul>\n<li>proporcionar y mejorar los servicios,<\/li>\n<li>comunicar en caso de soporte, operaci\u00f3n o incidentes,<\/li>\n<li>aumentar la seguridad y la experiencia del usuario,<\/li>\n<li>prevenir y detectar incidentes de seguridad,<\/li>\n<li>cumplir con leyes y obligaciones regulatorias.<\/li>\n<\/ul>\n<\/div><div class=\"fusion-title title fusion-title-9 fusion-sep-none fusion-title-text fusion-title-size-three\" style=\"--awb-text-color:var(--awb-color6);--awb-margin-top-small:0px;--awb-margin-right-small:0px;--awb-margin-bottom-small:20px;--awb-margin-left-small:0px;\"><h3 class=\"fusion-title-heading title-heading-left fusion-responsive-typography-calculated\" style=\"margin:0;--fontSize:22;--minFontSize:22;line-height:var(--awb-typography1-line-height);\">7. Compartici\u00f3n de informaci\u00f3n<\/h3><\/div><div class=\"fusion-text fusion-text-9\" style=\"--awb-text-color:var(--awb-color6);\"><p>Nunca vendemos datos personales.<\/p>\n<p>Podemos compartir datos \u00fanicamente:<\/p>\n<ul>\n<li>si lo exige la ley,<\/li>\n<li>para proteger derechos o la seguridad, o<\/li>\n<li>con socios de confianza (encargados del tratamiento) que est\u00e1n sujetos a confidencialidad y contrato.<\/li>\n<\/ul>\n<\/div><div class=\"fusion-title title fusion-title-10 fusion-sep-none fusion-title-text fusion-title-size-three\" style=\"--awb-text-color:var(--awb-color6);--awb-margin-top-small:0px;--awb-margin-right-small:0px;--awb-margin-bottom-small:20px;--awb-margin-left-small:0px;\"><h3 class=\"fusion-title-heading title-heading-left fusion-responsive-typography-calculated\" style=\"margin:0;--fontSize:22;--minFontSize:22;line-height:var(--awb-typography1-line-height);\">8. Almacenamiento y seguridad<\/h3><\/div><div class=\"fusion-text fusion-text-10\" style=\"--awb-text-color:var(--awb-color6);\"><p>Todos los datos se almacenan en Suecia dentro de la UE.<\/p>\n<p>La comunicaci\u00f3n entre la aplicaci\u00f3n y el servidor est\u00e1 cifrada.<\/p>\n<p>Los datos personales se conservan \u00fanicamente mientras sea necesario para los fines de esta pol\u00edtica o conforme a la ley; despu\u00e9s se eliminan o anonimizan.<\/p>\n<\/div><div class=\"fusion-title title fusion-title-11 fusion-sep-none fusion-title-text fusion-title-size-three\" style=\"--awb-text-color:var(--awb-color6);--awb-margin-top-small:0px;--awb-margin-right-small:0px;--awb-margin-bottom-small:20px;--awb-margin-left-small:0px;\"><h3 class=\"fusion-title-heading title-heading-left fusion-responsive-typography-calculated\" style=\"margin:0;--fontSize:22;--minFontSize:22;line-height:var(--awb-typography1-line-height);\">9. Cookies<\/h3><\/div><div class=\"fusion-text fusion-text-11\" style=\"--awb-text-color:var(--awb-color6);\"><p>Nuestro sitio web utiliza cookies y tecnolog\u00edas similares para mejorar la experiencia, analizar el tr\u00e1fico y personalizar el contenido.<\/p>\n<p>Puede bloquear o eliminar cookies en su navegador; algunas funciones podr\u00edan verse afectadas.<\/p>\n<\/div><div class=\"fusion-title title fusion-title-12 fusion-sep-none fusion-title-text fusion-title-size-three\" style=\"--awb-text-color:var(--awb-color6);--awb-margin-top-small:0px;--awb-margin-right-small:0px;--awb-margin-bottom-small:20px;--awb-margin-left-small:0px;\"><h3 class=\"fusion-title-heading title-heading-left fusion-responsive-typography-calculated\" style=\"margin:0;--fontSize:22;--minFontSize:22;line-height:var(--awb-typography1-line-height);\">10. Sus derechos<\/h3><\/div><div class=\"fusion-text fusion-text-12\" style=\"--awb-text-color:var(--awb-color6);\"><p>Usted tiene derecho a:<\/p>\n<ul>\n<li>acceder a sus datos personales,<\/li>\n<li>solicitar su rectificaci\u00f3n o eliminaci\u00f3n,<\/li>\n<li>limitar su tratamiento,<\/li>\n<li>oponerse a su tratamiento,<\/li>\n<li>solicitar la portabilidad de los datos,<\/li>\n<li>retirar su consentimiento.<\/li>\n<\/ul>\n<p>Si considera que sus datos se est\u00e1n gestionando incorrectamente, puede presentar una queja ante la Integritetsskyddsmyndigheten (IMY), <a href=\"https:\/\/www.imy.se\/\" target=\"_blank\" rel=\"noopener\">www.imy.se<\/a>.<\/p>\n<\/div><div class=\"fusion-title title fusion-title-13 fusion-sep-none fusion-title-text fusion-title-size-three\" style=\"--awb-text-color:var(--awb-color6);--awb-margin-top-small:0px;--awb-margin-right-small:0px;--awb-margin-bottom-small:20px;--awb-margin-left-small:0px;\"><h3 class=\"fusion-title-heading title-heading-left fusion-responsive-typography-calculated\" style=\"margin:0;--fontSize:22;--minFontSize:22;line-height:var(--awb-typography1-line-height);\">11. Privacidad de los menores<\/h3><\/div><div class=\"fusion-text fusion-text-13\" style=\"--awb-text-color:var(--awb-color6);\"><p>No recopilamos conscientemente datos de menores de 16 a\u00f1os.<\/p>\n<p>Si es usted tutor legal y sospecha que su hijo ha facilitado datos, <a href=\"https:\/\/intrasenze.com\/es\/contacto\/\" target=\"_blank\" rel=\"noopener\">cont\u00e1ctenos<\/a> para que los eliminemos.<\/p>\n<\/div><div class=\"fusion-title title fusion-title-14 fusion-sep-none fusion-title-text fusion-title-size-three\" style=\"--awb-text-color:var(--awb-color6);--awb-margin-top-small:0px;--awb-margin-right-small:0px;--awb-margin-bottom-small:20px;--awb-margin-left-small:0px;\"><h3 class=\"fusion-title-heading title-heading-left fusion-responsive-typography-calculated\" style=\"margin:0;--fontSize:22;--minFontSize:22;line-height:var(--awb-typography1-line-height);\">12. Cambios<\/h3><\/div><div class=\"fusion-text fusion-text-14\" style=\"--awb-text-color:var(--awb-color6);\"><p>Podemos actualizar esta pol\u00edtica.<\/p>\n<p>La fecha indicada arriba muestra la \u00faltima actualizaci\u00f3n.<\/p>\n<p>Los cambios importantes se comunicar\u00e1n por correo electr\u00f3nico o en la aplicaci\u00f3n.<\/p>\n<\/div><div class=\"fusion-title title fusion-title-15 fusion-sep-none fusion-title-text fusion-title-size-three\" style=\"--awb-text-color:var(--awb-color6);--awb-margin-top-small:0px;--awb-margin-right-small:0px;--awb-margin-bottom-small:20px;--awb-margin-left-small:0px;\"><h3 class=\"fusion-title-heading title-heading-left fusion-responsive-typography-calculated\" style=\"margin:0;--fontSize:22;--minFontSize:22;line-height:var(--awb-typography1-line-height);\">13. Contacto<\/h3><\/div><div class=\"fusion-text fusion-text-15\" style=\"--awb-text-color:var(--awb-color6);\"><p>Intrasenze Software AB<\/p>\n<p>Box 55679, 102 15 Estocolmo, Suecia<\/p>\n<p>N\u00famero de organizaci\u00f3n: 559055-3110<\/p>\n<p><a href=\"mailto:privacy@intrasenze.com\">privacy@intrasenze.com<\/a><\/p>\n<p><a href=\"https:\/\/intrasenze.com\/es\/\">www.intrasenze.com<\/a><\/p>\n<\/div><\/div><\/div><\/div><\/div><\/p>\n","protected":false},"excerpt":{"rendered":"","protected":false},"author":1,"featured_media":3156,"parent":0,"menu_order":0,"comment_status":"closed","ping_status":"closed","template":"100-width.php","meta":{"footnotes":""},"class_list":["post-4458","page","type-page","status-publish","has-post-thumbnail","hentry"],"yoast_head":"<!-- This site is optimized with the Yoast SEO plugin v27.3 - https:\/\/yoast.com\/product\/yoast-seo-wordpress\/ -->\n<title>Pol\u00edtica de privacidad - Intrasenze<\/title>\n<meta name=\"robots\" content=\"index, follow, max-snippet:-1, max-image-preview:large, max-video-preview:-1\" \/>\n<link rel=\"canonical\" href=\"https:\/\/intrasenze.com\/es\/politica-de-privacidad\/\" \/>\n<meta property=\"og:locale\" content=\"es_ES\" \/>\n<meta property=\"og:type\" content=\"article\" \/>\n<meta property=\"og:title\" content=\"Pol\u00edtica de privacidad - Intrasenze\" \/>\n<meta property=\"og:url\" content=\"https:\/\/intrasenze.com\/es\/politica-de-privacidad\/\" \/>\n<meta property=\"og:site_name\" content=\"Intrasenze\" \/>\n<meta property=\"article:modified_time\" content=\"2025-10-31T14:50:32+00:00\" \/>\n<meta property=\"og:image\" content=\"https:\/\/intrasenze.com\/wp-content\/uploads\/2022\/11\/1200x1200-sociala-media-2.jpg\" \/>\n\t<meta property=\"og:image:width\" content=\"1200\" \/>\n\t<meta property=\"og:image:height\" content=\"1200\" \/>\n\t<meta property=\"og:image:type\" content=\"image\/jpeg\" \/>\n<meta name=\"twitter:card\" content=\"summary_large_image\" \/>\n<meta name=\"twitter:label1\" content=\"Tiempo de lectura\" \/>\n\t<meta name=\"twitter:data1\" content=\"38 minutos\" \/>\n<script type=\"application\/ld+json\" class=\"yoast-schema-graph\">{\"@context\":\"https:\\\/\\\/schema.org\",\"@graph\":[{\"@type\":\"WebPage\",\"@id\":\"https:\\\/\\\/intrasenze.com\\\/es\\\/politica-de-privacidad\\\/\",\"url\":\"https:\\\/\\\/intrasenze.com\\\/es\\\/politica-de-privacidad\\\/\",\"name\":\"Pol\u00edtica de privacidad - Intrasenze\",\"isPartOf\":{\"@id\":\"https:\\\/\\\/intrasenze.com\\\/es\\\/#website\"},\"primaryImageOfPage\":{\"@id\":\"https:\\\/\\\/intrasenze.com\\\/es\\\/politica-de-privacidad\\\/#primaryimage\"},\"image\":{\"@id\":\"https:\\\/\\\/intrasenze.com\\\/es\\\/politica-de-privacidad\\\/#primaryimage\"},\"thumbnailUrl\":\"https:\\\/\\\/intrasenze.com\\\/wp-content\\\/uploads\\\/2022\\\/11\\\/1200x1200-sociala-media-2.jpg\",\"datePublished\":\"2022-09-26T10:47:20+00:00\",\"dateModified\":\"2025-10-31T14:50:32+00:00\",\"breadcrumb\":{\"@id\":\"https:\\\/\\\/intrasenze.com\\\/es\\\/politica-de-privacidad\\\/#breadcrumb\"},\"inLanguage\":\"es\",\"potentialAction\":[{\"@type\":\"ReadAction\",\"target\":[\"https:\\\/\\\/intrasenze.com\\\/es\\\/politica-de-privacidad\\\/\"]}]},{\"@type\":\"ImageObject\",\"inLanguage\":\"es\",\"@id\":\"https:\\\/\\\/intrasenze.com\\\/es\\\/politica-de-privacidad\\\/#primaryimage\",\"url\":\"https:\\\/\\\/intrasenze.com\\\/wp-content\\\/uploads\\\/2022\\\/11\\\/1200x1200-sociala-media-2.jpg\",\"contentUrl\":\"https:\\\/\\\/intrasenze.com\\\/wp-content\\\/uploads\\\/2022\\\/11\\\/1200x1200-sociala-media-2.jpg\",\"width\":1200,\"height\":1200,\"caption\":\"Intrasenze\"},{\"@type\":\"BreadcrumbList\",\"@id\":\"https:\\\/\\\/intrasenze.com\\\/es\\\/politica-de-privacidad\\\/#breadcrumb\",\"itemListElement\":[{\"@type\":\"ListItem\",\"position\":1,\"name\":\"Home\",\"item\":\"https:\\\/\\\/intrasenze.com\\\/es\\\/\"},{\"@type\":\"ListItem\",\"position\":2,\"name\":\"Pol\u00edtica de privacidad\"}]},{\"@type\":\"WebSite\",\"@id\":\"https:\\\/\\\/intrasenze.com\\\/es\\\/#website\",\"url\":\"https:\\\/\\\/intrasenze.com\\\/es\\\/\",\"name\":\"Intrasenze\",\"description\":\"Intrasenze\",\"potentialAction\":[{\"@type\":\"SearchAction\",\"target\":{\"@type\":\"EntryPoint\",\"urlTemplate\":\"https:\\\/\\\/intrasenze.com\\\/es\\\/?s={search_term_string}\"},\"query-input\":{\"@type\":\"PropertyValueSpecification\",\"valueRequired\":true,\"valueName\":\"search_term_string\"}}],\"inLanguage\":\"es\"}]}<\/script>\n<!-- \/ Yoast SEO plugin. -->","yoast_head_json":{"title":"Pol\u00edtica de privacidad - Intrasenze","robots":{"index":"index","follow":"follow","max-snippet":"max-snippet:-1","max-image-preview":"max-image-preview:large","max-video-preview":"max-video-preview:-1"},"canonical":"https:\/\/intrasenze.com\/es\/politica-de-privacidad\/","og_locale":"es_ES","og_type":"article","og_title":"Pol\u00edtica de privacidad - Intrasenze","og_url":"https:\/\/intrasenze.com\/es\/politica-de-privacidad\/","og_site_name":"Intrasenze","article_modified_time":"2025-10-31T14:50:32+00:00","og_image":[{"width":1200,"height":1200,"url":"https:\/\/intrasenze.com\/wp-content\/uploads\/2022\/11\/1200x1200-sociala-media-2.jpg","type":"image\/jpeg"}],"twitter_card":"summary_large_image","twitter_misc":{"Tiempo de lectura":"38 minutos"},"schema":{"@context":"https:\/\/schema.org","@graph":[{"@type":"WebPage","@id":"https:\/\/intrasenze.com\/es\/politica-de-privacidad\/","url":"https:\/\/intrasenze.com\/es\/politica-de-privacidad\/","name":"Pol\u00edtica de privacidad - Intrasenze","isPartOf":{"@id":"https:\/\/intrasenze.com\/es\/#website"},"primaryImageOfPage":{"@id":"https:\/\/intrasenze.com\/es\/politica-de-privacidad\/#primaryimage"},"image":{"@id":"https:\/\/intrasenze.com\/es\/politica-de-privacidad\/#primaryimage"},"thumbnailUrl":"https:\/\/intrasenze.com\/wp-content\/uploads\/2022\/11\/1200x1200-sociala-media-2.jpg","datePublished":"2022-09-26T10:47:20+00:00","dateModified":"2025-10-31T14:50:32+00:00","breadcrumb":{"@id":"https:\/\/intrasenze.com\/es\/politica-de-privacidad\/#breadcrumb"},"inLanguage":"es","potentialAction":[{"@type":"ReadAction","target":["https:\/\/intrasenze.com\/es\/politica-de-privacidad\/"]}]},{"@type":"ImageObject","inLanguage":"es","@id":"https:\/\/intrasenze.com\/es\/politica-de-privacidad\/#primaryimage","url":"https:\/\/intrasenze.com\/wp-content\/uploads\/2022\/11\/1200x1200-sociala-media-2.jpg","contentUrl":"https:\/\/intrasenze.com\/wp-content\/uploads\/2022\/11\/1200x1200-sociala-media-2.jpg","width":1200,"height":1200,"caption":"Intrasenze"},{"@type":"BreadcrumbList","@id":"https:\/\/intrasenze.com\/es\/politica-de-privacidad\/#breadcrumb","itemListElement":[{"@type":"ListItem","position":1,"name":"Home","item":"https:\/\/intrasenze.com\/es\/"},{"@type":"ListItem","position":2,"name":"Pol\u00edtica de privacidad"}]},{"@type":"WebSite","@id":"https:\/\/intrasenze.com\/es\/#website","url":"https:\/\/intrasenze.com\/es\/","name":"Intrasenze","description":"Intrasenze","potentialAction":[{"@type":"SearchAction","target":{"@type":"EntryPoint","urlTemplate":"https:\/\/intrasenze.com\/es\/?s={search_term_string}"},"query-input":{"@type":"PropertyValueSpecification","valueRequired":true,"valueName":"search_term_string"}}],"inLanguage":"es"}]}},"_links":{"self":[{"href":"https:\/\/intrasenze.com\/es\/wp-json\/wp\/v2\/pages\/4458","targetHints":{"allow":["GET"]}}],"collection":[{"href":"https:\/\/intrasenze.com\/es\/wp-json\/wp\/v2\/pages"}],"about":[{"href":"https:\/\/intrasenze.com\/es\/wp-json\/wp\/v2\/types\/page"}],"author":[{"embeddable":true,"href":"https:\/\/intrasenze.com\/es\/wp-json\/wp\/v2\/users\/1"}],"replies":[{"embeddable":true,"href":"https:\/\/intrasenze.com\/es\/wp-json\/wp\/v2\/comments?post=4458"}],"version-history":[{"count":4,"href":"https:\/\/intrasenze.com\/es\/wp-json\/wp\/v2\/pages\/4458\/revisions"}],"predecessor-version":[{"id":5879,"href":"https:\/\/intrasenze.com\/es\/wp-json\/wp\/v2\/pages\/4458\/revisions\/5879"}],"wp:featuredmedia":[{"embeddable":true,"href":"https:\/\/intrasenze.com\/es\/wp-json\/wp\/v2\/media\/3156"}],"wp:attachment":[{"href":"https:\/\/intrasenze.com\/es\/wp-json\/wp\/v2\/media?parent=4458"}],"curies":[{"name":"wp","href":"https:\/\/api.w.org\/{rel}","templated":true}]}}