{"id":5841,"date":"2023-05-15T21:51:59","date_gmt":"2023-05-15T19:51:59","guid":{"rendered":"https:\/\/intrasenze.com\/abonnements\/"},"modified":"2025-10-26T23:54:03","modified_gmt":"2025-10-26T22:54:03","slug":"abonnements","status":"publish","type":"page","link":"https:\/\/intrasenze.com\/fr\/abonnements\/","title":{"rendered":"Abonnements"},"content":{"rendered":"<p><div class=\"fusion-fullwidth fullwidth-box fusion-builder-row-1 fusion-flex-container has-pattern-background has-mask-background fusion-parallax-none nonhundred-percent-fullwidth non-hundred-percent-height-scrolling lazyload\" style=\"--awb-border-radius-top-left:0px;--awb-border-radius-top-right:0px;--awb-border-radius-bottom-right:0px;--awb-border-radius-bottom-left:0px;--awb-padding-top:18%;--awb-min-height:40vh;--awb-background-image:linear-gradient(180deg, hsla(var(--awb-color5-h),var(--awb-color5-s),var(--awb-color5-l),calc(var(--awb-color5-a) - 20%)) 0%,rgba(255,255,255,0) 100%);;--awb-background-size:cover;--awb-flex-wrap:wrap;\" data-bg=\"https:\/\/intrasenze.com\/wp-content\/uploads\/2022\/09\/1800x1300-intrasenze-roundabout.jpg\" data-bg-gradient=\"linear-gradient(180deg, hsla(var(--awb-color5-h),var(--awb-color5-s),var(--awb-color5-l),calc(var(--awb-color5-a) - 20%)) 0%,rgba(255,255,255,0) 100%)\" ><div class=\"fusion-builder-row fusion-row fusion-flex-align-items-stretch fusion-flex-content-wrap\" style=\"max-width:calc( 1140px + 0px );margin-left: calc(-0px \/ 2 );margin-right: calc(-0px \/ 2 );\"><div class=\"fusion-layout-column fusion_builder_column fusion-builder-column-0 fusion_builder_column_1_1 1_1 fusion-flex-column fusion-flex-align-self-flex-start fusion-column-no-min-height fusion-animated\" style=\"--awb-padding-bottom:6%;--awb-bg-size:cover;--awb-width-large:100%;--awb-margin-top-large:0px;--awb-spacing-right-large:0px;--awb-margin-bottom-large:20px;--awb-spacing-left-large:0px;--awb-width-medium:100%;--awb-spacing-right-medium:0px;--awb-spacing-left-medium:0px;--awb-width-small:100%;--awb-spacing-right-small:0px;--awb-spacing-left-small:0px;\" data-animationType=\"fadeInDown\" data-animationDuration=\"1.0\" data-animationOffset=\"top-into-view\"><div class=\"fusion-column-wrapper fusion-column-has-shadow fusion-flex-justify-content-flex-start fusion-content-layout-column\"><div class=\"fusion-title title fusion-title-1 fusion-sep-none fusion-title-center fusion-title-text fusion-title-size-one\" style=\"--awb-margin-top-small:0px;--awb-margin-right-small:0px;--awb-margin-bottom-small:20px;--awb-margin-left-small:0px;\"><h1 class=\"fusion-title-heading title-heading-center fusion-responsive-typography-calculated\" style=\"margin:0;--fontSize:40;line-height:var(--awb-typography1-line-height);\">Abonnement<\/h1><\/div><div class=\"fusion-title title fusion-title-2 fusion-sep-none fusion-title-center fusion-title-text fusion-title-size-two lidali_text_shadow\" style=\"--awb-margin-top-small:0px;--awb-margin-right-small:0px;--awb-margin-bottom-small:20px;--awb-margin-left-small:0px;\"><h2 class=\"fusion-title-heading title-heading-center fusion-responsive-typography-calculated\" style=\"margin:0;--fontSize:30;line-height:var(--awb-typography1-line-height);\">Fonctionnement<\/h2><\/div><\/div><\/div><\/div><\/div><div class=\"fusion-fullwidth fullwidth-box fusion-builder-row-2 fusion-flex-container has-pattern-background has-mask-background nonhundred-percent-fullwidth non-hundred-percent-height-scrolling\" style=\"--link_hover_color: var(--awb-color4);--link_color: var(--awb-custom_color_1);--awb-border-radius-top-left:0px;--awb-border-radius-top-right:0px;--awb-border-radius-bottom-right:0px;--awb-border-radius-bottom-left:0px;--awb-padding-top:60px;--awb-background-color:var(--awb-custom_color_17);--awb-flex-wrap:wrap;\" ><div class=\"fusion-builder-row fusion-row fusion-flex-align-items-flex-start fusion-flex-content-wrap\" style=\"max-width:1185.6px;margin-left: calc(-4% \/ 2 );margin-right: calc(-4% \/ 2 );\"><div class=\"fusion-layout-column fusion_builder_column fusion-builder-column-1 fusion_builder_column_1_1 1_1 fusion-flex-column\" style=\"--awb-bg-size:cover;--awb-width-large:100%;--awb-margin-top-large:0px;--awb-spacing-right-large:1.92%;--awb-margin-bottom-large:20px;--awb-spacing-left-large:1.92%;--awb-width-medium:100%;--awb-order-medium:0;--awb-spacing-right-medium:1.92%;--awb-spacing-left-medium:1.92%;--awb-width-small:100%;--awb-order-small:0;--awb-spacing-right-small:1.92%;--awb-spacing-left-small:1.92%;\"><div class=\"fusion-column-wrapper fusion-column-has-shadow fusion-flex-justify-content-flex-start fusion-content-layout-column\"><div class=\"fusion-title title fusion-title-3 fusion-sep-none fusion-title-text fusion-title-size-two\" style=\"--awb-text-color:var(--awb-color4);--awb-margin-top-small:0px;--awb-margin-right-small:0px;--awb-margin-bottom-small:20px;--awb-margin-left-small:0px;\"><h2 class=\"fusion-title-heading title-heading-left fusion-responsive-typography-calculated\" style=\"margin:0;--fontSize:30;line-height:var(--awb-typography1-line-height);\">Adh\u00e9sion UAN-Safe sur mobile<\/h2><\/div><div class=\"fusion-text fusion-text-1\" style=\"--awb-text-color:var(--awb-color6);\"><p>L\u2019application mobile UAN-Safe est gratuite \u00e0 installer et \u00e0 utiliser.<br \/>Dans la communaut\u00e9 UAN-Safe, les utilisateurs peuvent souscrire diff\u00e9rents types d\u2019abonnements.<br \/>Mettez \u00e0 jour facilement votre abonnement via Google Play ou l\u2019App Store.  <\/p>\n<p>UAN-Safe regroupe des personnes et des appareils connect\u00e9s en groupes appel\u00e9s r\u00e9seaux.<br \/>Il existe diff\u00e9rents types de r\u00e9seaux : ouverts, accessibles \u00e0 tous, et priv\u00e9s, n\u00e9cessitant une invitation personnelle.<br \/>Pour les r\u00e9seaux publics (groupes), il suffit de les suivre ou d\u2019y participer.  <\/p>\n<p>Tous les r\u00e9seaux reposent sur une position g\u00e9ographique.<br \/>Vous pouvez cr\u00e9er ou suivre des r\u00e9seaux, m\u00eame lorsque vous \u00eates ailleurs.<br \/>Selon votre type d\u2019abonnement, vous pouvez interagir avec diff\u00e9rents r\u00e9seaux.<br \/>Voici les options disponibles :   <\/p>\n<p>MINI : Enti\u00e8rement gratuit. Les membres MINI peuvent utiliser la plupart des fonctionnalit\u00e9s d\u2019UAN-Safe, comme cr\u00e9er des alertes, commenter et lire les notifications de r\u00e9seau.<br \/>MINI peut rejoindre des r\u00e9seaux mais dispose d\u2019un acc\u00e8s limit\u00e9 aux r\u00e9seaux ouverts et priv\u00e9s.  <\/p>\n<p>MEDI : L\u2019utilisateur peut cr\u00e9er ses propres r\u00e9seaux et rejoindre ceux d\u2019autres utilisateurs.<br \/>10 SEK\/mois* incluant tous les avantages MINI. <\/p>\n<p>MAXI : L\u2019utilisateur peut cr\u00e9er et rejoindre un nombre illimit\u00e9 de r\u00e9seaux et personnaliser ses param\u00e8tres.<br \/>19 SEK\/mois* incluant tous les avantages MEDI. <\/p>\n<p>MEGA : En plus des avantages MAXI, les utilisateurs MEGA peuvent personnaliser leurs param\u00e8tres d\u2019alerte.<br \/>49 SEK\/mois* incluant tous les avantages MAXI. <\/p>\n<p>MACRO : Avec MACRO, l\u2019utilisateur peut cr\u00e9er son propre centre d\u2019alerte num\u00e9rique, ajouter, surveiller et g\u00e9rer un nombre illimit\u00e9 de syst\u00e8mes d\u2019alerte, cam\u00e9ras et autres appareils.<br \/>99 SEK\/mois* incluant tous les avantages MEGA.  <\/p>\n<p>Tous les abonnements sont mensuels et le paiement est g\u00e9r\u00e9 par App Store \/ Google Play via le compte de l\u2019utilisateur.<\/p>\n<p>Fonctionnement du paiement<\/p>\n<p>Le paiement du premier mois est d\u00e9bit\u00e9 du compte App Store lors de la confirmation de l\u2019achat.<x id=\"gid_0\"><\/x>Les nouveaux utilisateurs b\u00e9n\u00e9ficient d\u2019une p\u00e9riode d\u2019essai gratuite de 30 jours.<br \/>L\u2019abonnement se renouvelle automatiquement chaque mois, sauf si le renouvellement automatique est d\u00e9sactiv\u00e9 au moins 24 heures avant la fin de la p\u00e9riode en cours.<br \/>La d\u00e9sactivation du renouvellement automatique ne peut se faire que depuis l\u2019App Store (et non dans l\u2019application), conform\u00e9ment \u00e0 la politique d\u2019Apple.<br \/>Une fois d\u00e9sactiv\u00e9, l\u2019abonnement reste valide jusqu\u2019\u00e0 la fin de la p\u00e9riode en cours.     <\/p>\n<p>L\u2019abonnement est li\u00e9 au compte utilisateur UAN-Safe, et non \u00e0 l\u2019appareil.<br \/>\nUne fois abonn\u00e9, l\u2019utilisateur peut acc\u00e9der \u00e0 son compte sur tout appareil disposant de l\u2019application UAN-Safe avec le m\u00eame niveau d\u2019acc\u00e8s.<br \/>Le compte est d\u00e9bit\u00e9 pour le renouvellement dans les 24 heures pr\u00e9c\u00e9dant la fin de la p\u00e9riode en cours.<br \/>Les abonnements peuvent \u00eatre mis \u00e0 niveau ou r\u00e9trograd\u00e9s \u00e0 tout moment.<br \/>L\u2019utilisateur re\u00e7oit un remboursement pour la p\u00e9riode restante, et le nouveau paiement est pr\u00e9lev\u00e9 imm\u00e9diatement ; le nouvel abonnement prend effet aussit\u00f4t.  <\/p>\n<p>Tous les prix incluent la TVA (ou l\u2019\u00e9quivalent dans d\u2019autres devises).<\/p>\n<p>Consultez notre politique de confidentialit\u00e9 : <a href=\"https:\/\/intrasenze.com\/privacy-policy\/\">https:\/\/intrasenze.com\/privacy-policy\/<\/a><br \/>\nConsultez nos conditions d\u2019utilisation : <a href=\"https:\/\/intrasenze.com\/fr\/conditions-d-utilisation\/\">https:\/\/intrasenze.com\/fr\/conditions-d-utilisation\/<\/a><\/p>\n<\/div><\/div><\/div><\/div><\/div><\/p>\n","protected":false},"excerpt":{"rendered":"","protected":false},"author":1,"featured_media":5495,"parent":0,"menu_order":0,"comment_status":"closed","ping_status":"closed","template":"100-width.php","meta":{"footnotes":""},"class_list":["post-5841","page","type-page","status-publish","has-post-thumbnail","hentry"],"yoast_head":"<!-- This site is optimized with the Yoast SEO plugin v27.3 - https:\/\/yoast.com\/product\/yoast-seo-wordpress\/ -->\n<title>Abonnements - Intrasenze<\/title>\n<meta name=\"robots\" content=\"index, follow, max-snippet:-1, max-image-preview:large, max-video-preview:-1\" \/>\n<link rel=\"canonical\" href=\"https:\/\/intrasenze.com\/fr\/abonnements\/\" \/>\n<meta property=\"og:locale\" content=\"fr_FR\" \/>\n<meta property=\"og:type\" content=\"article\" \/>\n<meta property=\"og:title\" content=\"Abonnements - Intrasenze\" \/>\n<meta property=\"og:url\" content=\"https:\/\/intrasenze.com\/fr\/abonnements\/\" \/>\n<meta property=\"og:site_name\" content=\"Intrasenze\" \/>\n<meta property=\"article:modified_time\" content=\"2025-10-26T22:54:03+00:00\" \/>\n<meta property=\"og:image\" content=\"https:\/\/intrasenze.com\/wp-content\/uploads\/2022\/11\/1200x1200-sociala-media-3.jpg\" \/>\n\t<meta property=\"og:image:width\" content=\"1200\" \/>\n\t<meta property=\"og:image:height\" content=\"1200\" \/>\n\t<meta property=\"og:image:type\" content=\"image\/jpeg\" \/>\n<meta name=\"twitter:card\" content=\"summary_large_image\" \/>\n<meta name=\"twitter:label1\" content=\"Dur\u00e9e de lecture estim\u00e9e\" \/>\n\t<meta name=\"twitter:data1\" content=\"12 minutes\" \/>\n<script type=\"application\/ld+json\" class=\"yoast-schema-graph\">{\"@context\":\"https:\\\/\\\/schema.org\",\"@graph\":[{\"@type\":\"WebPage\",\"@id\":\"https:\\\/\\\/intrasenze.com\\\/fr\\\/abonnements\\\/\",\"url\":\"https:\\\/\\\/intrasenze.com\\\/fr\\\/abonnements\\\/\",\"name\":\"Abonnements - Intrasenze\",\"isPartOf\":{\"@id\":\"https:\\\/\\\/intrasenze.com\\\/fr\\\/#website\"},\"primaryImageOfPage\":{\"@id\":\"https:\\\/\\\/intrasenze.com\\\/fr\\\/abonnements\\\/#primaryimage\"},\"image\":{\"@id\":\"https:\\\/\\\/intrasenze.com\\\/fr\\\/abonnements\\\/#primaryimage\"},\"thumbnailUrl\":\"https:\\\/\\\/intrasenze.com\\\/wp-content\\\/uploads\\\/2022\\\/11\\\/1200x1200-sociala-media-3.jpg\",\"datePublished\":\"2023-05-15T19:51:59+00:00\",\"dateModified\":\"2025-10-26T22:54:03+00:00\",\"breadcrumb\":{\"@id\":\"https:\\\/\\\/intrasenze.com\\\/fr\\\/abonnements\\\/#breadcrumb\"},\"inLanguage\":\"fr-FR\",\"potentialAction\":[{\"@type\":\"ReadAction\",\"target\":[\"https:\\\/\\\/intrasenze.com\\\/fr\\\/abonnements\\\/\"]}]},{\"@type\":\"ImageObject\",\"inLanguage\":\"fr-FR\",\"@id\":\"https:\\\/\\\/intrasenze.com\\\/fr\\\/abonnements\\\/#primaryimage\",\"url\":\"https:\\\/\\\/intrasenze.com\\\/wp-content\\\/uploads\\\/2022\\\/11\\\/1200x1200-sociala-media-3.jpg\",\"contentUrl\":\"https:\\\/\\\/intrasenze.com\\\/wp-content\\\/uploads\\\/2022\\\/11\\\/1200x1200-sociala-media-3.jpg\",\"width\":1200,\"height\":1200,\"caption\":\"Intrasenze Community\"},{\"@type\":\"BreadcrumbList\",\"@id\":\"https:\\\/\\\/intrasenze.com\\\/fr\\\/abonnements\\\/#breadcrumb\",\"itemListElement\":[{\"@type\":\"ListItem\",\"position\":1,\"name\":\"Home\",\"item\":\"https:\\\/\\\/intrasenze.com\\\/fr\\\/\"},{\"@type\":\"ListItem\",\"position\":2,\"name\":\"Abonnements\"}]},{\"@type\":\"WebSite\",\"@id\":\"https:\\\/\\\/intrasenze.com\\\/fr\\\/#website\",\"url\":\"https:\\\/\\\/intrasenze.com\\\/fr\\\/\",\"name\":\"Intrasenze\",\"description\":\"Intrasenze\",\"potentialAction\":[{\"@type\":\"SearchAction\",\"target\":{\"@type\":\"EntryPoint\",\"urlTemplate\":\"https:\\\/\\\/intrasenze.com\\\/fr\\\/?s={search_term_string}\"},\"query-input\":{\"@type\":\"PropertyValueSpecification\",\"valueRequired\":true,\"valueName\":\"search_term_string\"}}],\"inLanguage\":\"fr-FR\"}]}<\/script>\n<!-- \/ Yoast SEO plugin. -->","yoast_head_json":{"title":"Abonnements - Intrasenze","robots":{"index":"index","follow":"follow","max-snippet":"max-snippet:-1","max-image-preview":"max-image-preview:large","max-video-preview":"max-video-preview:-1"},"canonical":"https:\/\/intrasenze.com\/fr\/abonnements\/","og_locale":"fr_FR","og_type":"article","og_title":"Abonnements - Intrasenze","og_url":"https:\/\/intrasenze.com\/fr\/abonnements\/","og_site_name":"Intrasenze","article_modified_time":"2025-10-26T22:54:03+00:00","og_image":[{"width":1200,"height":1200,"url":"https:\/\/intrasenze.com\/wp-content\/uploads\/2022\/11\/1200x1200-sociala-media-3.jpg","type":"image\/jpeg"}],"twitter_card":"summary_large_image","twitter_misc":{"Dur\u00e9e de lecture estim\u00e9e":"12 minutes"},"schema":{"@context":"https:\/\/schema.org","@graph":[{"@type":"WebPage","@id":"https:\/\/intrasenze.com\/fr\/abonnements\/","url":"https:\/\/intrasenze.com\/fr\/abonnements\/","name":"Abonnements - Intrasenze","isPartOf":{"@id":"https:\/\/intrasenze.com\/fr\/#website"},"primaryImageOfPage":{"@id":"https:\/\/intrasenze.com\/fr\/abonnements\/#primaryimage"},"image":{"@id":"https:\/\/intrasenze.com\/fr\/abonnements\/#primaryimage"},"thumbnailUrl":"https:\/\/intrasenze.com\/wp-content\/uploads\/2022\/11\/1200x1200-sociala-media-3.jpg","datePublished":"2023-05-15T19:51:59+00:00","dateModified":"2025-10-26T22:54:03+00:00","breadcrumb":{"@id":"https:\/\/intrasenze.com\/fr\/abonnements\/#breadcrumb"},"inLanguage":"fr-FR","potentialAction":[{"@type":"ReadAction","target":["https:\/\/intrasenze.com\/fr\/abonnements\/"]}]},{"@type":"ImageObject","inLanguage":"fr-FR","@id":"https:\/\/intrasenze.com\/fr\/abonnements\/#primaryimage","url":"https:\/\/intrasenze.com\/wp-content\/uploads\/2022\/11\/1200x1200-sociala-media-3.jpg","contentUrl":"https:\/\/intrasenze.com\/wp-content\/uploads\/2022\/11\/1200x1200-sociala-media-3.jpg","width":1200,"height":1200,"caption":"Intrasenze Community"},{"@type":"BreadcrumbList","@id":"https:\/\/intrasenze.com\/fr\/abonnements\/#breadcrumb","itemListElement":[{"@type":"ListItem","position":1,"name":"Home","item":"https:\/\/intrasenze.com\/fr\/"},{"@type":"ListItem","position":2,"name":"Abonnements"}]},{"@type":"WebSite","@id":"https:\/\/intrasenze.com\/fr\/#website","url":"https:\/\/intrasenze.com\/fr\/","name":"Intrasenze","description":"Intrasenze","potentialAction":[{"@type":"SearchAction","target":{"@type":"EntryPoint","urlTemplate":"https:\/\/intrasenze.com\/fr\/?s={search_term_string}"},"query-input":{"@type":"PropertyValueSpecification","valueRequired":true,"valueName":"search_term_string"}}],"inLanguage":"fr-FR"}]}},"_links":{"self":[{"href":"https:\/\/intrasenze.com\/fr\/wp-json\/wp\/v2\/pages\/5841","targetHints":{"allow":["GET"]}}],"collection":[{"href":"https:\/\/intrasenze.com\/fr\/wp-json\/wp\/v2\/pages"}],"about":[{"href":"https:\/\/intrasenze.com\/fr\/wp-json\/wp\/v2\/types\/page"}],"author":[{"embeddable":true,"href":"https:\/\/intrasenze.com\/fr\/wp-json\/wp\/v2\/users\/1"}],"replies":[{"embeddable":true,"href":"https:\/\/intrasenze.com\/fr\/wp-json\/wp\/v2\/comments?post=5841"}],"version-history":[{"count":2,"href":"https:\/\/intrasenze.com\/fr\/wp-json\/wp\/v2\/pages\/5841\/revisions"}],"predecessor-version":[{"id":5843,"href":"https:\/\/intrasenze.com\/fr\/wp-json\/wp\/v2\/pages\/5841\/revisions\/5843"}],"wp:featuredmedia":[{"embeddable":true,"href":"https:\/\/intrasenze.com\/fr\/wp-json\/wp\/v2\/media\/5495"}],"wp:attachment":[{"href":"https:\/\/intrasenze.com\/fr\/wp-json\/wp\/v2\/media?parent=5841"}],"curies":[{"name":"wp","href":"https:\/\/api.w.org\/{rel}","templated":true}]}}