{"id":5875,"date":"2022-09-26T12:47:20","date_gmt":"2022-09-26T10:47:20","guid":{"rendered":"https:\/\/intrasenze.com\/politique-de-confidentialite\/"},"modified":"2025-10-31T15:38:36","modified_gmt":"2025-10-31T14:38:36","slug":"politique-de-confidentialite","status":"publish","type":"page","link":"https:\/\/intrasenze.com\/fr\/politique-de-confidentialite\/","title":{"rendered":"Politique de confidentialit\u00e9"},"content":{"rendered":"<p><div class=\"fusion-fullwidth fullwidth-box fusion-builder-row-1 fusion-flex-container has-pattern-background has-mask-background fusion-parallax-none nonhundred-percent-fullwidth non-hundred-percent-height-scrolling lazyload\" style=\"--awb-border-radius-top-left:0px;--awb-border-radius-top-right:0px;--awb-border-radius-bottom-right:0px;--awb-border-radius-bottom-left:0px;--awb-padding-top:18%;--awb-min-height:40vh;--awb-background-image:linear-gradient(180deg, hsla(var(--awb-color5-h),var(--awb-color5-s),var(--awb-color5-l),calc(var(--awb-color5-a) - 20%)) 0%,rgba(255,255,255,0) 100%);;--awb-background-size:cover;--awb-flex-wrap:wrap;\" data-bg=\"https:\/\/intrasenze.com\/wp-content\/uploads\/2022\/09\/1800x1300-intrasenze-roundabout.jpg\" data-bg-gradient=\"linear-gradient(180deg, hsla(var(--awb-color5-h),var(--awb-color5-s),var(--awb-color5-l),calc(var(--awb-color5-a) - 20%)) 0%,rgba(255,255,255,0) 100%)\" ><div class=\"fusion-builder-row fusion-row fusion-flex-align-items-stretch fusion-flex-content-wrap\" style=\"max-width:calc( 1140px + 0px );margin-left: calc(-0px \/ 2 );margin-right: calc(-0px \/ 2 );\"><div class=\"fusion-layout-column fusion_builder_column fusion-builder-column-0 fusion_builder_column_1_1 1_1 fusion-flex-column fusion-flex-align-self-flex-start fusion-column-no-min-height fusion-animated\" style=\"--awb-padding-bottom:6%;--awb-bg-size:cover;--awb-width-large:100%;--awb-margin-top-large:0px;--awb-spacing-right-large:0px;--awb-margin-bottom-large:20px;--awb-spacing-left-large:0px;--awb-width-medium:100%;--awb-spacing-right-medium:0px;--awb-spacing-left-medium:0px;--awb-width-small:100%;--awb-spacing-right-small:0px;--awb-spacing-left-small:0px;\" data-animationType=\"fadeInDown\" data-animationDuration=\"1.0\" data-animationOffset=\"top-into-view\"><div class=\"fusion-column-wrapper fusion-column-has-shadow fusion-flex-justify-content-flex-start fusion-content-layout-column\"><div class=\"fusion-title title fusion-title-1 fusion-sep-none fusion-title-center fusion-title-text fusion-title-size-one\" style=\"--awb-margin-top-small:0px;--awb-margin-right-small:0px;--awb-margin-bottom-small:20px;--awb-margin-left-small:0px;\"><h1 class=\"fusion-title-heading title-heading-center fusion-responsive-typography-calculated\" style=\"margin:0;--fontSize:40;line-height:var(--awb-typography1-line-height);\">Politique de confidentialit\u00e9<\/h1><\/div><\/div><\/div><\/div><\/div><div class=\"fusion-fullwidth fullwidth-box fusion-builder-row-2 fusion-flex-container has-pattern-background has-mask-background nonhundred-percent-fullwidth non-hundred-percent-height-scrolling\" style=\"--link_hover_color: var(--awb-color4);--link_color: var(--awb-custom_color_1);--awb-border-radius-top-left:0px;--awb-border-radius-top-right:0px;--awb-border-radius-bottom-right:0px;--awb-border-radius-bottom-left:0px;--awb-padding-top:60px;--awb-background-color:var(--awb-custom_color_17);--awb-flex-wrap:wrap;\" ><div class=\"fusion-builder-row fusion-row fusion-flex-align-items-flex-start fusion-flex-content-wrap\" style=\"max-width:1185.6px;margin-left: calc(-4% \/ 2 );margin-right: calc(-4% \/ 2 );\"><div class=\"fusion-layout-column fusion_builder_column fusion-builder-column-1 fusion_builder_column_1_1 1_1 fusion-flex-column\" style=\"--awb-bg-size:cover;--awb-width-large:100%;--awb-margin-top-large:0px;--awb-spacing-right-large:1.92%;--awb-margin-bottom-large:20px;--awb-spacing-left-large:1.92%;--awb-width-medium:100%;--awb-order-medium:0;--awb-spacing-right-medium:1.92%;--awb-spacing-left-medium:1.92%;--awb-width-small:100%;--awb-order-small:0;--awb-spacing-right-small:1.92%;--awb-spacing-left-small:1.92%;\"><div class=\"fusion-column-wrapper fusion-column-has-shadow fusion-flex-justify-content-flex-start fusion-content-layout-column\"><div class=\"fusion-title title fusion-title-2 fusion-sep-none fusion-title-text fusion-title-size-two\" style=\"--awb-text-color:var(--awb-color4);--awb-margin-top-small:0px;--awb-margin-right-small:0px;--awb-margin-bottom-small:20px;--awb-margin-left-small:0px;\"><h2 class=\"fusion-title-heading title-heading-left fusion-responsive-typography-calculated\" style=\"margin:0;--fontSize:30;line-height:var(--awb-typography1-line-height);\">Politique de confidentialit\u00e9<\/h2><\/div><div class=\"fusion-text fusion-text-1\" style=\"--awb-text-color:var(--awb-color6);\"><p><em>Derni\u00e8re mise \u00e0 jour : 27 octobre 2025<\/em><\/p>\n<\/div><div class=\"fusion-text fusion-text-2\" style=\"--awb-text-color:var(--awb-color6);\"><p>Cette politique de confidentialit\u00e9 d\u00e9crit comment Intrasenze Software AB (\u00ab Intrasenze \u00bb, \u00ab nous \u00bb, \u00ab notre \u00bb) traite les donn\u00e9es personnelles et informations dans le cadre de l\u2019utilisation de l\u2019application UAN-Safe et de nos services num\u00e9riques.<\/p>\n<p>Nous attachons une grande importance \u00e0 votre vie priv\u00e9e et souhaitons que vous vous sentiez en confiance en utilisant nos solutions.<\/p>\n<p>Cette politique d\u00e9crit \u00e9galement vos droits et comment les exercer.<\/p>\n<\/div><div class=\"fusion-title title fusion-title-3 fusion-sep-none fusion-title-text fusion-title-size-three\" style=\"--awb-text-color:var(--awb-color6);--awb-margin-top-small:0px;--awb-margin-right-small:0px;--awb-margin-bottom-small:20px;--awb-margin-left-small:0px;\"><h3 class=\"fusion-title-heading title-heading-left fusion-responsive-typography-calculated\" style=\"margin:0;--fontSize:22;--minFontSize:22;line-height:var(--awb-typography1-line-height);\">1. Responsable du traitement<\/h3><\/div><div class=\"fusion-text fusion-text-3\" style=\"--awb-text-color:var(--awb-color6);\"><p>Intrasenze Software AB<\/p>\n<p>Num\u00e9ro d\u2019organisation : 559055-3110<\/p>\n<p>Adresse : Box 55679, 102 15 Stockholm, Su\u00e8de<\/p>\n<p>E-Courriel : <a href=\"mailto:privacy@intrasenze.com\">privacy@intrasenze.com<\/a><\/p>\n<\/div><div class=\"fusion-title title fusion-title-4 fusion-sep-none fusion-title-text fusion-title-size-three\" style=\"--awb-text-color:var(--awb-color6);--awb-margin-top-small:0px;--awb-margin-right-small:0px;--awb-margin-bottom-small:20px;--awb-margin-left-small:0px;\"><h3 class=\"fusion-title-heading title-heading-left fusion-responsive-typography-calculated\" style=\"margin:0;--fontSize:22;--minFontSize:22;line-height:var(--awb-typography1-line-height);\">2. Base l\u00e9gale du traitement<\/h3><\/div><div class=\"fusion-text fusion-text-4\" style=\"--awb-text-color:var(--awb-color6);\"><p>Nous traitons vos donn\u00e9es personnelles sur la base de :<\/p>\n<ul>\n<li>Consentement \u2013 lorsque vous avez express\u00e9ment consenti, par exemple lors de l\u2019inscription ou de l\u2019utilisation de l\u2019application.<\/li>\n<li>Contrat \u2013 lorsque le traitement est n\u00e9cessaire pour vous fournir nos services.<\/li>\n<li>Obligation l\u00e9gale \u2013 lorsque nous devons respecter une obligation l\u00e9gale ou une d\u00e9cision d\u2019autorit\u00e9.<\/li>\n<li>Int\u00e9r\u00eat l\u00e9gitime \u2013 lorsque le traitement est n\u00e9cessaire pour prot\u00e9ger nos int\u00e9r\u00eats l\u00e9gitimes, par exemple pour am\u00e9liorer la s\u00e9curit\u00e9 et la qualit\u00e9 du service.<\/li>\n<\/ul>\n<\/div><div class=\"fusion-title title fusion-title-5 fusion-sep-none fusion-title-text fusion-title-size-three\" style=\"--awb-text-color:var(--awb-color6);--awb-margin-top-small:0px;--awb-margin-right-small:0px;--awb-margin-bottom-small:20px;--awb-margin-left-small:0px;\"><h3 class=\"fusion-title-heading title-heading-left fusion-responsive-typography-calculated\" style=\"margin:0;--fontSize:22;--minFontSize:22;line-height:var(--awb-typography1-line-height);\">3. Consentement<\/h3><\/div><div class=\"fusion-text fusion-text-5\" style=\"--awb-text-color:var(--awb-color6);\"><p>En cr\u00e9ant un compte et\/ou en utilisant l\u2019application, vous donnez votre consentement expr\u00e8s au traitement selon cette politique.<\/p>\n<p>Vous pouvez retirer votre consentement \u00e0 tout moment en d\u00e9sinstallant l\u2019application ou en contactant <a href=\"mailto:privacy@intrasenze.com\">privacy@intrasenze.com<\/a>.<\/p>\n<\/div><div class=\"fusion-title title fusion-title-6 fusion-sep-none fusion-title-text fusion-title-size-three\" style=\"--awb-text-color:var(--awb-color6);--awb-margin-top-small:0px;--awb-margin-right-small:0px;--awb-margin-bottom-small:20px;--awb-margin-left-small:0px;\"><h3 class=\"fusion-title-heading title-heading-left fusion-responsive-typography-calculated\" style=\"margin:0;--fontSize:22;--minFontSize:22;line-height:var(--awb-typography1-line-height);\">4. Quelles informations sont collect\u00e9es<\/h3><\/div><div class=\"fusion-text fusion-text-6\" style=\"--awb-text-color:var(--awb-color6);\"><ul>\n<li>Coordonn\u00e9es (nom, adresse \u00e9lectronique, num\u00e9ro de t\u00e9l\u00e9phone)<\/li>\n<li>Informations utilisateur (activit\u00e9, demandes de support, achats)<\/li>\n<li>Informations techniques (appareil, syst\u00e8me d\u2019exploitation, adresse IP, navigateur)<\/li>\n<li>Informations de localisation, comme d\u00e9crit ci-dessous.<\/li>\n<\/ul>\n<\/div><div class=\"fusion-title title fusion-title-7 fusion-sep-none fusion-title-text fusion-title-size-three\" style=\"--awb-text-color:var(--awb-color6);--awb-margin-top-small:0px;--awb-margin-right-small:0px;--awb-margin-bottom-small:20px;--awb-margin-left-small:0px;\"><h3 class=\"fusion-title-heading title-heading-left fusion-responsive-typography-calculated\" style=\"margin:0;--fontSize:22;--minFontSize:22;line-height:var(--awb-typography1-line-height);\">5. Donn\u00e9es de localisation<\/h3><\/div><div class=\"fusion-text fusion-text-7\" style=\"--awb-text-color:var(--awb-color6);\"><p>L\u2019application peut recueillir des informations sur votre position g\u00e9ographique lorsqu\u2019elle est utilis\u00e9e, afin de g\u00e9rer les incidents et de garantir que les mesures appropri\u00e9es sont prises.<\/p>\n<p>Les donn\u00e9es de localisation sont collect\u00e9es :<\/p>\n<ul>\n<li>lorsque l\u2019application est utilis\u00e9e, et<\/li>\n<li>lors d\u2019un incident en cours, jusqu\u2019\u00e0 sa cl\u00f4ture.<br \/>Aucune tra\u00e7abilit\u00e9 continue n\u2019a lieu lorsque l\u2019application n\u2019est pas utilis\u00e9e.<\/li>\n<\/ul>\n<\/div><div class=\"fusion-title title fusion-title-8 fusion-sep-none fusion-title-text fusion-title-size-three\" style=\"--awb-text-color:var(--awb-color6);--awb-margin-top-small:0px;--awb-margin-right-small:0px;--awb-margin-bottom-small:20px;--awb-margin-left-small:0px;\"><h3 class=\"fusion-title-heading title-heading-left fusion-responsive-typography-calculated\" style=\"margin:0;--fontSize:22;--minFontSize:22;line-height:var(--awb-typography1-line-height);\">6. Comment les informations sont utilis\u00e9es<\/h3><\/div><div class=\"fusion-text fusion-text-8\" style=\"--awb-text-color:var(--awb-color6);\"><p>Nous utilisons les informations pour :<\/p>\n<ul>\n<li>fournir et am\u00e9liorer les services,<\/li>\n<li>communiquer en cas de support, d\u2019exploitation ou d\u2019incident,<\/li>\n<li>accro\u00eetre la s\u00e9curit\u00e9 et l\u2019exp\u00e9rience utilisateur,<\/li>\n<li>pr\u00e9venir et d\u00e9tecter les incidents de s\u00e9curit\u00e9,<\/li>\n<li>respecter les obligations l\u00e9gales et r\u00e9glementaires.<\/li>\n<\/ul>\n<\/div><div class=\"fusion-title title fusion-title-9 fusion-sep-none fusion-title-text fusion-title-size-three\" style=\"--awb-text-color:var(--awb-color6);--awb-margin-top-small:0px;--awb-margin-right-small:0px;--awb-margin-bottom-small:20px;--awb-margin-left-small:0px;\"><h3 class=\"fusion-title-heading title-heading-left fusion-responsive-typography-calculated\" style=\"margin:0;--fontSize:22;--minFontSize:22;line-height:var(--awb-typography1-line-height);\">7. Partage des informations<\/h3><\/div><div class=\"fusion-text fusion-text-9\" style=\"--awb-text-color:var(--awb-color6);\"><p>Nous ne vendons jamais de donn\u00e9es personnelles.<\/p>\n<p>Nous ne pouvons partager des donn\u00e9es que :<\/p>\n<ul>\n<li>si cela est requis par la loi,<\/li>\n<li>pour prot\u00e9ger des droits ou la s\u00e9curit\u00e9, ou<\/li>\n<li>avec des partenaires de confiance (sous-traitants) soumis \u00e0 la confidentialit\u00e9 et \u00e0 un contrat.<\/li>\n<\/ul>\n<\/div><div class=\"fusion-title title fusion-title-10 fusion-sep-none fusion-title-text fusion-title-size-three\" style=\"--awb-text-color:var(--awb-color6);--awb-margin-top-small:0px;--awb-margin-right-small:0px;--awb-margin-bottom-small:20px;--awb-margin-left-small:0px;\"><h3 class=\"fusion-title-heading title-heading-left fusion-responsive-typography-calculated\" style=\"margin:0;--fontSize:22;--minFontSize:22;line-height:var(--awb-typography1-line-height);\">8. Conservation et s\u00e9curit\u00e9<\/h3><\/div><div class=\"fusion-text fusion-text-10\" style=\"--awb-text-color:var(--awb-color6);\"><p>Toutes les donn\u00e9es sont stock\u00e9es en Su\u00e8de au sein de l\u2019UE.<\/p>\n<p>La communication entre l\u2019application et le serveur est chiffr\u00e9e.<\/p>\n<p>Les donn\u00e9es personnelles ne sont conserv\u00e9es que le temps n\u00e9cessaire aux finalit\u00e9s de cette politique ou pour respecter la loi, puis elles sont supprim\u00e9es ou anonymis\u00e9es.<\/p>\n<\/div><div class=\"fusion-title title fusion-title-11 fusion-sep-none fusion-title-text fusion-title-size-three\" style=\"--awb-text-color:var(--awb-color6);--awb-margin-top-small:0px;--awb-margin-right-small:0px;--awb-margin-bottom-small:20px;--awb-margin-left-small:0px;\"><h3 class=\"fusion-title-heading title-heading-left fusion-responsive-typography-calculated\" style=\"margin:0;--fontSize:22;--minFontSize:22;line-height:var(--awb-typography1-line-height);\">9. Cookies<\/h3><\/div><div class=\"fusion-text fusion-text-11\" style=\"--awb-text-color:var(--awb-color6);\"><p>Notre site utilise des cookies et des technologies similaires pour am\u00e9liorer l\u2019exp\u00e9rience, analyser le trafic et personnaliser le contenu.<\/p>\n<p>Vous pouvez bloquer ou supprimer les cookies dans votre navigateur ; certaines fonctionnalit\u00e9s peuvent alors \u00eatre alt\u00e9r\u00e9es.<\/p>\n<\/div><div class=\"fusion-title title fusion-title-12 fusion-sep-none fusion-title-text fusion-title-size-three\" style=\"--awb-text-color:var(--awb-color6);--awb-margin-top-small:0px;--awb-margin-right-small:0px;--awb-margin-bottom-small:20px;--awb-margin-left-small:0px;\"><h3 class=\"fusion-title-heading title-heading-left fusion-responsive-typography-calculated\" style=\"margin:0;--fontSize:22;--minFontSize:22;line-height:var(--awb-typography1-line-height);\">10. Vos droits<\/h3><\/div><div class=\"fusion-text fusion-text-12\" style=\"--awb-text-color:var(--awb-color6);\"><p>Vous avez le droit de :<\/p>\n<ul>\n<li>acc\u00e9der \u00e0 vos donn\u00e9es personnelles,<\/li>\n<li>demander leur rectification ou suppression,<\/li>\n<li>limiter leur traitement,<\/li>\n<li>vous opposer \u00e0 leur traitement,<\/li>\n<li>demander la portabilit\u00e9 des donn\u00e9es,<\/li>\n<li>retirer votre consentement.<\/li>\n<\/ul>\n<p>Si vous consid\u00e9rez que vos donn\u00e9es sont mal trait\u00e9es, vous pouvez d\u00e9poser une plainte aupr\u00e8s de l\u2019Integritetsskyddsmyndigheten (IMY), <a href=\"https:\/\/www.imy.se\/\" target=\"_blank\" rel=\"noopener\">www.imy.se<\/a>.<\/p>\n<\/div><div class=\"fusion-title title fusion-title-13 fusion-sep-none fusion-title-text fusion-title-size-three\" style=\"--awb-text-color:var(--awb-color6);--awb-margin-top-small:0px;--awb-margin-right-small:0px;--awb-margin-bottom-small:20px;--awb-margin-left-small:0px;\"><h3 class=\"fusion-title-heading title-heading-left fusion-responsive-typography-calculated\" style=\"margin:0;--fontSize:22;--minFontSize:22;line-height:var(--awb-typography1-line-height);\">11. Barns integritet<\/h3><\/div><div class=\"fusion-text fusion-text-13\" style=\"--awb-text-color:var(--awb-color6);\"><p>Nous ne collectons pas sciemment de donn\u00e9es d\u2019enfants de moins de 16 ans.<\/p>\n<p>Si vous \u00eates responsable l\u00e9gal et pensez que votre enfant a transmis des donn\u00e9es, <a href=\"https:\/\/intrasenze.com\/kontakt\/\" target=\"_blank\" rel=\"noopener\">contactez-nous<\/a> pour que nous les supprimions.<\/p>\n<\/div><div class=\"fusion-title title fusion-title-14 fusion-sep-none fusion-title-text fusion-title-size-three\" style=\"--awb-text-color:var(--awb-color6);--awb-margin-top-small:0px;--awb-margin-right-small:0px;--awb-margin-bottom-small:20px;--awb-margin-left-small:0px;\"><h3 class=\"fusion-title-heading title-heading-left fusion-responsive-typography-calculated\" style=\"margin:0;--fontSize:22;--minFontSize:22;line-height:var(--awb-typography1-line-height);\">12. Modifications<\/h3><\/div><div class=\"fusion-text fusion-text-14\" style=\"--awb-text-color:var(--awb-color6);\"><p>Nous pouvons mettre \u00e0 jour cette politique.<\/p>\n<p>La date ci-dessus indique la derni\u00e8re mise \u00e0 jour.<\/p>\n<p>Les modifications importantes seront annonc\u00e9es par e-mail ou dans l\u2019application.<\/p>\n<\/div><div class=\"fusion-title title fusion-title-15 fusion-sep-none fusion-title-text fusion-title-size-three\" style=\"--awb-text-color:var(--awb-color6);--awb-margin-top-small:0px;--awb-margin-right-small:0px;--awb-margin-bottom-small:20px;--awb-margin-left-small:0px;\"><h3 class=\"fusion-title-heading title-heading-left fusion-responsive-typography-calculated\" style=\"margin:0;--fontSize:22;--minFontSize:22;line-height:var(--awb-typography1-line-height);\">13. Contact<\/h3><\/div><div class=\"fusion-text fusion-text-15\" style=\"--awb-text-color:var(--awb-color6);\"><p>Intrasenze Software AB<\/p>\n<p>Box 55679, 102 15 Stockholm, Su\u00e8de<\/p>\n<p>Num\u00e9ro d\u2019organisation : 559055-3110<\/p>\n<p><a href=\"mailto:privacy@intrasenze.com\">privacy@intrasenze.com<\/a><\/p>\n<p><a href=\"https:\/\/intrasenze.com\/fr\/\">www.intrasenze.com<\/a><\/p>\n<\/div><\/div><\/div><\/div><\/div><\/p>\n","protected":false},"excerpt":{"rendered":"","protected":false},"author":1,"featured_media":5562,"parent":0,"menu_order":0,"comment_status":"closed","ping_status":"closed","template":"100-width.php","meta":{"footnotes":""},"class_list":["post-5875","page","type-page","status-publish","has-post-thumbnail","hentry"],"yoast_head":"<!-- This site is optimized with the Yoast SEO plugin v27.3 - https:\/\/yoast.com\/product\/yoast-seo-wordpress\/ -->\n<title>Politique de confidentialit\u00e9 - Intrasenze<\/title>\n<meta name=\"robots\" content=\"index, follow, max-snippet:-1, max-image-preview:large, max-video-preview:-1\" \/>\n<link rel=\"canonical\" href=\"https:\/\/intrasenze.com\/fr\/politique-de-confidentialite\/\" \/>\n<meta property=\"og:locale\" content=\"fr_FR\" \/>\n<meta property=\"og:type\" content=\"article\" \/>\n<meta property=\"og:title\" content=\"Politique de confidentialit\u00e9 - Intrasenze\" \/>\n<meta property=\"og:url\" content=\"https:\/\/intrasenze.com\/fr\/politique-de-confidentialite\/\" \/>\n<meta property=\"og:site_name\" content=\"Intrasenze\" \/>\n<meta property=\"article:modified_time\" content=\"2025-10-31T14:38:36+00:00\" \/>\n<meta property=\"og:image\" content=\"https:\/\/intrasenze.com\/wp-content\/uploads\/2022\/11\/1200x1200-sociala-media-2.jpg\" \/>\n\t<meta property=\"og:image:width\" content=\"1200\" \/>\n\t<meta property=\"og:image:height\" content=\"1200\" \/>\n\t<meta property=\"og:image:type\" content=\"image\/jpeg\" \/>\n<meta name=\"twitter:card\" content=\"summary_large_image\" \/>\n<meta name=\"twitter:label1\" content=\"Dur\u00e9e de lecture estim\u00e9e\" \/>\n\t<meta name=\"twitter:data1\" content=\"39 minutes\" \/>\n<script type=\"application\/ld+json\" class=\"yoast-schema-graph\">{\"@context\":\"https:\\\/\\\/schema.org\",\"@graph\":[{\"@type\":\"WebPage\",\"@id\":\"https:\\\/\\\/intrasenze.com\\\/fr\\\/politique-de-confidentialite\\\/\",\"url\":\"https:\\\/\\\/intrasenze.com\\\/fr\\\/politique-de-confidentialite\\\/\",\"name\":\"Politique de confidentialit\u00e9 - Intrasenze\",\"isPartOf\":{\"@id\":\"https:\\\/\\\/intrasenze.com\\\/fr\\\/#website\"},\"primaryImageOfPage\":{\"@id\":\"https:\\\/\\\/intrasenze.com\\\/fr\\\/politique-de-confidentialite\\\/#primaryimage\"},\"image\":{\"@id\":\"https:\\\/\\\/intrasenze.com\\\/fr\\\/politique-de-confidentialite\\\/#primaryimage\"},\"thumbnailUrl\":\"https:\\\/\\\/intrasenze.com\\\/wp-content\\\/uploads\\\/2022\\\/11\\\/1200x1200-sociala-media-2.jpg\",\"datePublished\":\"2022-09-26T10:47:20+00:00\",\"dateModified\":\"2025-10-31T14:38:36+00:00\",\"breadcrumb\":{\"@id\":\"https:\\\/\\\/intrasenze.com\\\/fr\\\/politique-de-confidentialite\\\/#breadcrumb\"},\"inLanguage\":\"fr-FR\",\"potentialAction\":[{\"@type\":\"ReadAction\",\"target\":[\"https:\\\/\\\/intrasenze.com\\\/fr\\\/politique-de-confidentialite\\\/\"]}]},{\"@type\":\"ImageObject\",\"inLanguage\":\"fr-FR\",\"@id\":\"https:\\\/\\\/intrasenze.com\\\/fr\\\/politique-de-confidentialite\\\/#primaryimage\",\"url\":\"https:\\\/\\\/intrasenze.com\\\/wp-content\\\/uploads\\\/2022\\\/11\\\/1200x1200-sociala-media-2.jpg\",\"contentUrl\":\"https:\\\/\\\/intrasenze.com\\\/wp-content\\\/uploads\\\/2022\\\/11\\\/1200x1200-sociala-media-2.jpg\",\"width\":1200,\"height\":1200,\"caption\":\"Intrasenze\"},{\"@type\":\"BreadcrumbList\",\"@id\":\"https:\\\/\\\/intrasenze.com\\\/fr\\\/politique-de-confidentialite\\\/#breadcrumb\",\"itemListElement\":[{\"@type\":\"ListItem\",\"position\":1,\"name\":\"Home\",\"item\":\"https:\\\/\\\/intrasenze.com\\\/fr\\\/\"},{\"@type\":\"ListItem\",\"position\":2,\"name\":\"Politique de confidentialit\u00e9\"}]},{\"@type\":\"WebSite\",\"@id\":\"https:\\\/\\\/intrasenze.com\\\/fr\\\/#website\",\"url\":\"https:\\\/\\\/intrasenze.com\\\/fr\\\/\",\"name\":\"Intrasenze\",\"description\":\"Intrasenze\",\"potentialAction\":[{\"@type\":\"SearchAction\",\"target\":{\"@type\":\"EntryPoint\",\"urlTemplate\":\"https:\\\/\\\/intrasenze.com\\\/fr\\\/?s={search_term_string}\"},\"query-input\":{\"@type\":\"PropertyValueSpecification\",\"valueRequired\":true,\"valueName\":\"search_term_string\"}}],\"inLanguage\":\"fr-FR\"}]}<\/script>\n<!-- \/ Yoast SEO plugin. -->","yoast_head_json":{"title":"Politique de confidentialit\u00e9 - Intrasenze","robots":{"index":"index","follow":"follow","max-snippet":"max-snippet:-1","max-image-preview":"max-image-preview:large","max-video-preview":"max-video-preview:-1"},"canonical":"https:\/\/intrasenze.com\/fr\/politique-de-confidentialite\/","og_locale":"fr_FR","og_type":"article","og_title":"Politique de confidentialit\u00e9 - Intrasenze","og_url":"https:\/\/intrasenze.com\/fr\/politique-de-confidentialite\/","og_site_name":"Intrasenze","article_modified_time":"2025-10-31T14:38:36+00:00","og_image":[{"width":1200,"height":1200,"url":"https:\/\/intrasenze.com\/wp-content\/uploads\/2022\/11\/1200x1200-sociala-media-2.jpg","type":"image\/jpeg"}],"twitter_card":"summary_large_image","twitter_misc":{"Dur\u00e9e de lecture estim\u00e9e":"39 minutes"},"schema":{"@context":"https:\/\/schema.org","@graph":[{"@type":"WebPage","@id":"https:\/\/intrasenze.com\/fr\/politique-de-confidentialite\/","url":"https:\/\/intrasenze.com\/fr\/politique-de-confidentialite\/","name":"Politique de confidentialit\u00e9 - Intrasenze","isPartOf":{"@id":"https:\/\/intrasenze.com\/fr\/#website"},"primaryImageOfPage":{"@id":"https:\/\/intrasenze.com\/fr\/politique-de-confidentialite\/#primaryimage"},"image":{"@id":"https:\/\/intrasenze.com\/fr\/politique-de-confidentialite\/#primaryimage"},"thumbnailUrl":"https:\/\/intrasenze.com\/wp-content\/uploads\/2022\/11\/1200x1200-sociala-media-2.jpg","datePublished":"2022-09-26T10:47:20+00:00","dateModified":"2025-10-31T14:38:36+00:00","breadcrumb":{"@id":"https:\/\/intrasenze.com\/fr\/politique-de-confidentialite\/#breadcrumb"},"inLanguage":"fr-FR","potentialAction":[{"@type":"ReadAction","target":["https:\/\/intrasenze.com\/fr\/politique-de-confidentialite\/"]}]},{"@type":"ImageObject","inLanguage":"fr-FR","@id":"https:\/\/intrasenze.com\/fr\/politique-de-confidentialite\/#primaryimage","url":"https:\/\/intrasenze.com\/wp-content\/uploads\/2022\/11\/1200x1200-sociala-media-2.jpg","contentUrl":"https:\/\/intrasenze.com\/wp-content\/uploads\/2022\/11\/1200x1200-sociala-media-2.jpg","width":1200,"height":1200,"caption":"Intrasenze"},{"@type":"BreadcrumbList","@id":"https:\/\/intrasenze.com\/fr\/politique-de-confidentialite\/#breadcrumb","itemListElement":[{"@type":"ListItem","position":1,"name":"Home","item":"https:\/\/intrasenze.com\/fr\/"},{"@type":"ListItem","position":2,"name":"Politique de confidentialit\u00e9"}]},{"@type":"WebSite","@id":"https:\/\/intrasenze.com\/fr\/#website","url":"https:\/\/intrasenze.com\/fr\/","name":"Intrasenze","description":"Intrasenze","potentialAction":[{"@type":"SearchAction","target":{"@type":"EntryPoint","urlTemplate":"https:\/\/intrasenze.com\/fr\/?s={search_term_string}"},"query-input":{"@type":"PropertyValueSpecification","valueRequired":true,"valueName":"search_term_string"}}],"inLanguage":"fr-FR"}]}},"_links":{"self":[{"href":"https:\/\/intrasenze.com\/fr\/wp-json\/wp\/v2\/pages\/5875","targetHints":{"allow":["GET"]}}],"collection":[{"href":"https:\/\/intrasenze.com\/fr\/wp-json\/wp\/v2\/pages"}],"about":[{"href":"https:\/\/intrasenze.com\/fr\/wp-json\/wp\/v2\/types\/page"}],"author":[{"embeddable":true,"href":"https:\/\/intrasenze.com\/fr\/wp-json\/wp\/v2\/users\/1"}],"replies":[{"embeddable":true,"href":"https:\/\/intrasenze.com\/fr\/wp-json\/wp\/v2\/comments?post=5875"}],"version-history":[{"count":2,"href":"https:\/\/intrasenze.com\/fr\/wp-json\/wp\/v2\/pages\/5875\/revisions"}],"predecessor-version":[{"id":5877,"href":"https:\/\/intrasenze.com\/fr\/wp-json\/wp\/v2\/pages\/5875\/revisions\/5877"}],"wp:featuredmedia":[{"embeddable":true,"href":"https:\/\/intrasenze.com\/fr\/wp-json\/wp\/v2\/media\/5562"}],"wp:attachment":[{"href":"https:\/\/intrasenze.com\/fr\/wp-json\/wp\/v2\/media?parent=5875"}],"curies":[{"name":"wp","href":"https:\/\/api.w.org\/{rel}","templated":true}]}}